{"id":1195,"date":"2017-07-28T11:53:17","date_gmt":"2017-07-28T16:53:17","guid":{"rendered":"https:\/\/ecoforma.ca\/?page_id=1195\/"},"modified":"2024-12-05T12:03:09","modified_gmt":"2024-12-05T17:03:09","slug":"solutions-environnementales","status":"publish","type":"page","link":"https:\/\/ecoforma.ca\/fr\/","title":{"rendered":"Solutions environnementales"},"content":{"rendered":"<div class=\"wpb-content-wrapper\"><p>[vc_row css=\u00a0\u00bb.vc_custom_1501261231391{margin-top: -70px !important;}\u00a0\u00bb][vc_column css=\u00a0\u00bb.vc_custom_1501262225798{margin-bottom: -35px !important;}\u00a0\u00bb][rev_slider_vc alias=\u00a0\u00bbaccueilslide\u00a0\u00bb][\/vc_column][\/vc_row][vc_row full_width=\u00a0\u00bbstretch_row\u00a0\u00bb bg_color=\u00a0\u00bb#58ab3f\u00a0\u00bb top_padding=\u00a0\u00bb20&Prime; bottom_padding=\u00a0\u00bb20&Prime; css=\u00a0\u00bb.vc_custom_1501262178784{background-color: #51ae2c !important;}\u00a0\u00bb][vc_column][vc_btn title=\u00a0\u00bbT\u00c9L\u00c9CHARGER BROCHURE CORPORATIVE\u00a0\u00bb style=\u00a0\u00bboutline-custom\u00a0\u00bb outline_custom_color=\u00a0\u00bb#ffffff\u00a0\u00bb outline_custom_hover_background=\u00a0\u00bb#81d742&Prime; outline_custom_hover_text=\u00a0\u00bb#ffffff\u00a0\u00bb shape=\u00a0\u00bbsquare\u00a0\u00bb size=\u00a0\u00bblg\u00a0\u00bb align=\u00a0\u00bbcenter\u00a0\u00bb i_icon_fontawesome=\u00a0\u00bbfas fa-download\u00a0\u00bb css=\u00a0\u00bb\u00a0\u00bb add_icon=\u00a0\u00bbtrue\u00a0\u00bb link=\u00a0\u00bburl:https%3A%2F%2Fecoforma.ca%2Fwp-content%2Fuploads%2FECO-FORMA_Brochure-Corporative.pdf|target:_blank\u00a0\u00bb][vc_column_text]<\/p>\n<div align=\"center\">\n<h3 style=\"color: #ffffff;\">Plus s\u00e9curitaire, plus efficace et moins corrosif.<\/h3>\n<\/div>\n<div align=\"center\">\n<h3 style=\"color: #ffffff;\">Nos produits d\u00e9gla\u00e7ants r\u00e9pondent aux sp\u00e9cifications LEED et BOMA.<\/h3>\n<\/div>\n<p>[\/vc_column_text][\/vc_column][\/vc_row][vc_row gap=\u00a0\u00bb35&Prime; top_padding=\u00a0\u00bb50&Prime; bottom_padding=\u00a0\u00bb50&Prime; css=\u00a0\u00bb.vc_custom_1598039204778{margin-top: 20px !important;}\u00a0\u00bb][vc_column width=\u00a0\u00bb1\/4&Prime;][vc_column_text]<img loading=\"lazy\" decoding=\"async\" class=\"alignnone wp-image-2237\" src=\"https:\/\/ecoforma.ca\/wp-content\/uploads\/10kg-french-562x800-211x300.jpg\" alt=\"\" width=\"252\" height=\"358\" srcset=\"https:\/\/ecoforma.ca\/wp-content\/uploads\/10kg-french-562x800-211x300.jpg 211w, https:\/\/ecoforma.ca\/wp-content\/uploads\/10kg-french-562x800.jpg 562w\" sizes=\"auto, (max-width: 252px) 100vw, 252px\" \/>[\/vc_column_text][vc_column_text]<\/p>\n<div style=\"font-size: 16px;\">Vous pouvez trouver le <a href=\"https:\/\/ecoforma.ca\/fr\/fondant-biologique\/\">Fondant Biologique<\/a> en ligne et en magasins \u00e0 travers le Canada.<\/div>\n<p>[\/vc_column_text][\/vc_column][vc_column width=\u00a0\u00bb3\/4&Prime;][vc_video link=\u00a0\u00bbhttps:\/\/youtu.be\/FEIHSud-gSs\u00a0\u00bb][\/vc_column][\/vc_row][vc_row][vc_column][vc_column_text]<\/p>\n<div align=\"center\">\n<h2>Disponible chez:<\/h2>\n<\/div>\n<p>[\/vc_column_text][\/vc_column][\/vc_row][vc_row][vc_column width=\u00a0\u00bb1\/5&Prime;][vc_column_text]<\/p>\n<div align=\"center\"><img loading=\"lazy\" decoding=\"async\" class=\"alignnone size-full wp-image-2382\" src=\"https:\/\/ecoforma.ca\/wp-content\/uploads\/Costco-Wholesale-logo.jpg\" alt=\"Costco\" width=\"175\" height=\"175\" srcset=\"https:\/\/ecoforma.ca\/wp-content\/uploads\/Costco-Wholesale-logo.jpg 243w, https:\/\/ecoforma.ca\/wp-content\/uploads\/Costco-Wholesale-logo-150x150.jpg 150w\" sizes=\"auto, (max-width: 175px) 100vw, 175px\" \/><\/div>\n<p>[\/vc_column_text][\/vc_column][vc_column width=\u00a0\u00bb1\/5&Prime;][vc_column_text]<\/p>\n<div align=\"center\"><img loading=\"lazy\" decoding=\"async\" class=\"alignnone size-full wp-image-2286\" src=\"https:\/\/ecoforma.ca\/wp-content\/uploads\/eco-forma-rona.jpg\" alt=\"Rona\" width=\"175\" height=\"175\" srcset=\"https:\/\/ecoforma.ca\/wp-content\/uploads\/eco-forma-rona.jpg 175w, https:\/\/ecoforma.ca\/wp-content\/uploads\/eco-forma-rona-150x150.jpg 150w\" sizes=\"auto, (max-width: 175px) 100vw, 175px\" \/><\/div>\n<p>[\/vc_column_text][\/vc_column][vc_column width=\u00a0\u00bb1\/5&Prime;][vc_column_text]<\/p>\n<div align=\"center\"><img loading=\"lazy\" decoding=\"async\" class=\"alignnone size-full wp-image-2288\" src=\"https:\/\/ecoforma.ca\/wp-content\/uploads\/eco-forma-reno-depot.jpg\" alt=\"Reno-D\u00e9pot\" width=\"175\" height=\"175\" srcset=\"https:\/\/ecoforma.ca\/wp-content\/uploads\/eco-forma-reno-depot.jpg 175w, https:\/\/ecoforma.ca\/wp-content\/uploads\/eco-forma-reno-depot-150x150.jpg 150w\" sizes=\"auto, (max-width: 175px) 100vw, 175px\" \/><\/div>\n<p>[\/vc_column_text][\/vc_column][vc_column width=\u00a0\u00bb1\/5&Prime;][vc_column_text]<\/p>\n<div align=\"center\"><img loading=\"lazy\" decoding=\"async\" class=\"alignnone size-full wp-image-2290\" src=\"https:\/\/ecoforma.ca\/wp-content\/uploads\/eco-forma-home-depot.jpg\" alt=\"Home Depot\" width=\"175\" height=\"175\" srcset=\"https:\/\/ecoforma.ca\/wp-content\/uploads\/eco-forma-home-depot.jpg 175w, https:\/\/ecoforma.ca\/wp-content\/uploads\/eco-forma-home-depot-150x150.jpg 150w\" sizes=\"auto, (max-width: 175px) 100vw, 175px\" \/><\/div>\n<p>[\/vc_column_text][\/vc_column][vc_column width=\u00a0\u00bb1\/5&Prime;][vc_column_text]<\/p>\n<div align=\"center\"><img loading=\"lazy\" decoding=\"async\" class=\"alignnone size-full wp-image-2284\" src=\"https:\/\/ecoforma.ca\/wp-content\/uploads\/eco-forma-lowes.jpg\" alt=\"Lowes\" width=\"175\" height=\"175\" srcset=\"https:\/\/ecoforma.ca\/wp-content\/uploads\/eco-forma-lowes.jpg 175w, https:\/\/ecoforma.ca\/wp-content\/uploads\/eco-forma-lowes-150x150.jpg 150w\" sizes=\"auto, (max-width: 175px) 100vw, 175px\" \/><\/div>\n<p>[\/vc_column_text][\/vc_column][\/vc_row][vc_row css=\u00a0\u00bb.vc_custom_1598039530835{padding-bottom: 30px !important;}\u00a0\u00bb][vc_column width=\u00a0\u00bb1\/5&Prime;][vc_column_text]<\/p>\n<div align=\"center\"><img loading=\"lazy\" decoding=\"async\" class=\"alignnone size-full wp-image-2292\" src=\"https:\/\/ecoforma.ca\/wp-content\/uploads\/eco-forma-bmr.jpg\" alt=\"BMR\" width=\"175\" height=\"175\" srcset=\"https:\/\/ecoforma.ca\/wp-content\/uploads\/eco-forma-bmr.jpg 175w, https:\/\/ecoforma.ca\/wp-content\/uploads\/eco-forma-bmr-150x150.jpg 150w\" sizes=\"auto, (max-width: 175px) 100vw, 175px\" \/><\/div>\n<p>[\/vc_column_text][\/vc_column][vc_column width=\u00a0\u00bb1\/5&Prime;][vc_column_text]<\/p>\n<div align=\"center\"><img loading=\"lazy\" decoding=\"async\" class=\"alignnone size-full wp-image-2532\" src=\"https:\/\/ecoforma.ca\/wp-content\/uploads\/Kent.jpg\" alt=\"Kent\" width=\"175\" height=\"175\" srcset=\"https:\/\/ecoforma.ca\/wp-content\/uploads\/Kent.jpg 175w, https:\/\/ecoforma.ca\/wp-content\/uploads\/Kent-150x150.jpg 150w\" sizes=\"auto, (max-width: 175px) 100vw, 175px\" \/><\/div>\n<p>[\/vc_column_text][\/vc_column][vc_column width=\u00a0\u00bb1\/5&Prime;][vc_column_text]<\/p>\n<div align=\"center\"><img loading=\"lazy\" decoding=\"async\" class=\"alignnone size-full wp-image-2534\" src=\"https:\/\/ecoforma.ca\/wp-content\/uploads\/McMunn-Yates.jpg\" alt=\"McMunn-Yates\" width=\"175\" height=\"175\" srcset=\"https:\/\/ecoforma.ca\/wp-content\/uploads\/McMunn-Yates.jpg 175w, https:\/\/ecoforma.ca\/wp-content\/uploads\/McMunn-Yates-150x150.jpg 150w\" sizes=\"auto, (max-width: 175px) 100vw, 175px\" \/><\/div>\n<p>[\/vc_column_text][\/vc_column][vc_column width=\u00a0\u00bb1\/5&Prime;][vc_column_text]<\/p>\n<div align=\"center\"><img loading=\"lazy\" decoding=\"async\" class=\"alignnone size-full wp-image-2294\" src=\"https:\/\/ecoforma.ca\/wp-content\/uploads\/eco-forma-mondou.jpg\" alt=\"Mondou\" width=\"175\" height=\"175\" srcset=\"https:\/\/ecoforma.ca\/wp-content\/uploads\/eco-forma-mondou.jpg 175w, https:\/\/ecoforma.ca\/wp-content\/uploads\/eco-forma-mondou-150x150.jpg 150w\" sizes=\"auto, (max-width: 175px) 100vw, 175px\" \/><\/div>\n<p>[\/vc_column_text][\/vc_column][vc_column width=\u00a0\u00bb1\/5&Prime;][\/vc_column][\/vc_row][vc_row full_width=\u00a0\u00bbstretch_row\u00a0\u00bb gap=\u00a0\u00bb35&Prime; top_padding=\u00a0\u00bb50&Prime; bottom_padding=\u00a0\u00bb50&Prime; css=\u00a0\u00bb.vc_custom_1513025236543{padding-top: 20px !important;padding-bottom: 50px !important;background-color: #f9f9f9 !important;}\u00a0\u00bb][vc_column width=\u00a0\u00bb1\/4&Prime;][vc_column_text]<\/p>\n<h3>Nos produits<\/h3>\n<p><span style=\"font-size: medium;\"><a title=\"FONDANT BIOLOGIQUE\u2122\" href=\"https:\/\/ecoforma.ca\/fr\/fondant-biologique\/\">FONDANT BIOLOGIQUE\u2122<\/a><br \/>\n<a title=\"FUSION ANTIGIVRAGE\" href=\"https:\/\/ecoforma.ca\/fr\/fusion-antigivrage\/\">FUSION ANTIGIVRAGE<\/a><br \/>\n<a title=\"FUSION D\u00c9GLA\u00c7AGE\" href=\"https:\/\/ecoforma.ca\/fr\/deglacage\/\">FUSION D\u00c9GLA\u00c7AGE<\/a><br \/>\n<a title=\"FUSION RELEASE\u2122\" href=\"https:\/\/ecoforma.ca\/fr\/antiadhesif-fusion-release\/\">FUSION RELEASE\u2122<\/a><br \/>\n<a title=\"VINAIGRE HORTICOLE\" href=\"https:\/\/ecoforma.ca\/fr\/vinaigre-horticole\/\">VINAIGRE HORTICOLE<\/a><br \/>\n<a title=\"BALLAST POUR PNEUS\" href=\"https:\/\/ecoforma.ca\/fr\/ballast-pour-pneus\/\">BALLAST POUR PNEUS<\/a><\/span>[\/vc_column_text][\/vc_column][vc_column width=\u00a0\u00bb3\/4&Prime;][vc_column_text]<\/p>\n<h2>\u00c9mission La Vie en Vert de T\u00e9l\u00e9-Qu\u00e9bec<\/h2>\n<p>[\/vc_column_text][vc_video link=\u00a0\u00bbhttps:\/\/youtu.be\/aJtM8VkIqc0&Prime;][\/vc_column][\/vc_row][vc_row full_width=\u00a0\u00bbstretch_row\u00a0\u00bb bg_color=\u00a0\u00bb#e7f1f7&Prime; top_padding=\u00a0\u00bb50&Prime; bottom_padding=\u00a0\u00bb50&Prime; css=\u00a0\u00bb.vc_custom_1501262235463{padding-top: 50px !important;padding-bottom: 50px !important;background-color: #e7f1f7 !important;}\u00a0\u00bb][vc_column][vc_column_text]<\/p>\n<div align=\"center\">\n<p><img loading=\"lazy\" decoding=\"async\" class=\"alignnone size-full wp-image-697\" src=\"https:\/\/ecoforma.ca\/wp-content\/uploads\/fusion-deglacant-liquide.png\" alt=\"fusion-deglacant-liquide\" width=\"400\" height=\"142\" srcset=\"https:\/\/ecoforma.ca\/wp-content\/uploads\/fusion-deglacant-liquide.png 400w, https:\/\/ecoforma.ca\/wp-content\/uploads\/fusion-deglacant-liquide-300x107.png 300w\" sizes=\"auto, (max-width: 400px) 100vw, 400px\" \/><\/p>\n<p><strong>FUSION<\/strong>, notre gamme de produits d\u00e9gla\u00e7ant et liquides antigivrants r\u00e9duit le taux de corrosion compar\u00e9 aux autres produits dans l&rsquo;industrie. Nos produits ne contiennent aucun calcium et magn\u00e9sium. Le FUSION r\u00e9duit les co\u00fbts de mat\u00e9riaux et il est efficace jusqu&rsquo;\u00e0 -30\u00b0 C. M\u00eame durant les hivers froids du Canada, nos produits r\u00e9duisent l&rsquo;impact sur l&rsquo;environnement tout en maintenant les niveaux de service d\u00e9sir\u00e9s. Le liquide est appliqu\u00e9 directement sur la chauss\u00e9 jusqu&rsquo;\u00e0 cinq jours avant un \u00e9v\u00e9nement de neige ou de glace.<\/p>\n<p>L&rsquo;antigivrage est une approche proactive qui emp\u00eache la formation de glace \u00e0 la surface, r\u00e9duit les accidents et permet d&rsquo;enlever la neige et la glace compl\u00e8tement avec chaque \u00e9pandage. Les liquides collent \u00e0 la surface de la route compar\u00e9s aux granules de sel qui sont dispers\u00e9s et qui se retrouvent dans notre environnement. Chaque application de Fusion2350 correspond \u00e0 une r\u00e9duction de 85% de chlorures et moins d&rsquo;applications sont n\u00e9cessaires.<\/p>\n<\/div>\n<p>[\/vc_column_text][\/vc_column][\/vc_row][vc_row][vc_column][vc_column_text]<\/p>\n<div align=\"center\">\n<h2>Available at:<\/h2>\n<\/div>\n<p>[\/vc_column_text][\/vc_column][\/vc_row]<\/p>\n<\/div>","protected":false},"excerpt":{"rendered":"<p>[vc_row css=\u00a0\u00bb.vc_custom_1501261231391{margin-top: -70px !important;}\u00a0\u00bb][vc_column css=\u00a0\u00bb.vc_custom_1501262225798{margin-bottom: -35px !important;}\u00a0\u00bb][rev_slider_vc alias=\u00a0\u00bbaccueilslide\u00a0\u00bb][\/vc_column][\/vc_row][vc_row full_width=\u00a0\u00bbstretch_row\u00a0\u00bb bg_color=\u00a0\u00bb#58ab3f\u00a0\u00bb top_padding=\u00a0\u00bb20&Prime; bottom_padding=\u00a0\u00bb20&Prime; css=\u00a0\u00bb.vc_custom_1501262178784{background-color: #51ae2c !important;}\u00a0\u00bb][vc_column][vc_btn title=\u00a0\u00bbT\u00c9L\u00c9CHARGER BROCHURE CORPORATIVE\u00a0\u00bb style=\u00a0\u00bboutline-custom\u00a0\u00bb outline_custom_color=\u00a0\u00bb#ffffff\u00a0\u00bb outline_custom_hover_background=\u00a0\u00bb#81d742&Prime; outline_custom_hover_text=\u00a0\u00bb#ffffff\u00a0\u00bb shape=\u00a0\u00bbsquare\u00a0\u00bb size=\u00a0\u00bblg\u00a0\u00bb align=\u00a0\u00bbcenter\u00a0\u00bb i_icon_fontawesome=\u00a0\u00bbfas fa-download\u00a0\u00bb css=\u00a0\u00bb\u00a0\u00bb add_icon=\u00a0\u00bbtrue\u00a0\u00bb link=\u00a0\u00bburl:https%3A%2F%2Fecoforma.ca%2Fwp-content%2Fuploads%2FECO-FORMA_Brochure-Corporative.pdf|target:_blank\u00a0\u00bb][vc_column_text] Plus s\u00e9curitaire, plus efficace et moins corrosif. Nos produits d\u00e9gla\u00e7ants r\u00e9pondent aux sp\u00e9cifications LEED et BOMA. [\/vc_column_text][\/vc_column][\/vc_row][vc_row gap=\u00a0\u00bb35&Prime; top_padding=\u00a0\u00bb50&Prime; bottom_padding=\u00a0\u00bb50&Prime; css=\u00a0\u00bb.vc_custom_1598039204778{margin-top: 20px !important;}\u00a0\u00bb][vc_column width=\u00a0\u00bb1\/4&Prime;][vc_column_text][\/vc_column_text][vc_column_text] Vous&hellip;<\/p>\n","protected":false},"author":2,"featured_media":2007,"parent":0,"menu_order":0,"comment_status":"closed","ping_status":"closed","template":"","meta":{"footnotes":""},"class_list":["post-1195","page","type-page","status-publish","has-post-thumbnail","hentry","description-off"],"yoast_head":"<!-- This site is optimized with the Yoast SEO plugin v24.0 - https:\/\/yoast.com\/wordpress\/plugins\/seo\/ -->\n<title>Solutions environnementales - Eco-Forma Inc.<\/title>\n<meta name=\"description\" content=\"\u00c9co-Forma offre des produits et services qui sont respectueux de l\u2019environnement tout en maintenant l\u2019efficacit\u00e9 des produits qu\u2019ils remplacent.\" \/>\n<meta name=\"robots\" content=\"index, follow, max-snippet:-1, max-image-preview:large, max-video-preview:-1\" \/>\n<link rel=\"canonical\" href=\"https:\/\/ecoforma.ca\/fr\/\" \/>\n<meta property=\"og:locale\" content=\"fr_FR\" \/>\n<meta property=\"og:type\" content=\"article\" \/>\n<meta property=\"og:title\" content=\"Solutions environnementales - Eco-Forma Inc.\" \/>\n<meta property=\"og:description\" content=\"\u00c9co-Forma offre des produits et services qui sont respectueux de l\u2019environnement tout en maintenant l\u2019efficacit\u00e9 des produits qu\u2019ils remplacent.\" \/>\n<meta property=\"og:url\" content=\"https:\/\/ecoforma.ca\/fr\/\" \/>\n<meta property=\"og:site_name\" content=\"Eco-Forma Inc.\" \/>\n<meta property=\"article:publisher\" content=\"https:\/\/www.facebook.com\/ecoformainc\/\" \/>\n<meta property=\"article:modified_time\" content=\"2024-12-05T17:03:09+00:00\" \/>\n<meta property=\"og:image\" content=\"https:\/\/ecoforma.ca\/wp-content\/uploads\/eco-forma-featured-2.png\" \/>\n\t<meta property=\"og:image:width\" content=\"1200\" \/>\n\t<meta property=\"og:image:height\" content=\"630\" \/>\n\t<meta property=\"og:image:type\" content=\"image\/png\" \/>\n<meta name=\"twitter:card\" content=\"summary_large_image\" \/>\n<meta name=\"twitter:label1\" content=\"Dur\u00e9e de lecture estim\u00e9e\" \/>\n\t<meta name=\"twitter:data1\" content=\"4 minutes\" \/>\n<script type=\"application\/ld+json\" class=\"yoast-schema-graph\">{\"@context\":\"https:\/\/schema.org\",\"@graph\":[{\"@type\":\"WebPage\",\"@id\":\"https:\/\/ecoforma.ca\/fr\/\",\"url\":\"https:\/\/ecoforma.ca\/fr\/\",\"name\":\"Solutions environnementales - Eco-Forma Inc.\",\"isPartOf\":{\"@id\":\"https:\/\/ecoforma.ca\/#website\"},\"primaryImageOfPage\":{\"@id\":\"https:\/\/ecoforma.ca\/fr\/#primaryimage\"},\"image\":{\"@id\":\"https:\/\/ecoforma.ca\/fr\/#primaryimage\"},\"thumbnailUrl\":\"https:\/\/ecoforma.ca\/wp-content\/uploads\/eco-forma-featured-2.png\",\"datePublished\":\"2017-07-28T16:53:17+00:00\",\"dateModified\":\"2024-12-05T17:03:09+00:00\",\"description\":\"\u00c9co-Forma offre des produits et services qui sont respectueux de l\u2019environnement tout en maintenant l\u2019efficacit\u00e9 des produits qu\u2019ils remplacent.\",\"breadcrumb\":{\"@id\":\"https:\/\/ecoforma.ca\/fr\/#breadcrumb\"},\"inLanguage\":\"fr-FR\",\"potentialAction\":[{\"@type\":\"ReadAction\",\"target\":[\"https:\/\/ecoforma.ca\/fr\/\"]}]},{\"@type\":\"ImageObject\",\"inLanguage\":\"fr-FR\",\"@id\":\"https:\/\/ecoforma.ca\/fr\/#primaryimage\",\"url\":\"https:\/\/ecoforma.ca\/wp-content\/uploads\/eco-forma-featured-2.png\",\"contentUrl\":\"https:\/\/ecoforma.ca\/wp-content\/uploads\/eco-forma-featured-2.png\",\"width\":1200,\"height\":630},{\"@type\":\"BreadcrumbList\",\"@id\":\"https:\/\/ecoforma.ca\/fr\/#breadcrumb\",\"itemListElement\":[{\"@type\":\"ListItem\",\"position\":1,\"name\":\"Home\",\"item\":\"https:\/\/ecoforma.ca\/fr\/\"},{\"@type\":\"ListItem\",\"position\":2,\"name\":\"Solutions environnementales\"}]},{\"@type\":\"WebSite\",\"@id\":\"https:\/\/ecoforma.ca\/#website\",\"url\":\"https:\/\/ecoforma.ca\/\",\"name\":\"Eco-Forma Inc.\",\"description\":\"Environmental Solutions\",\"publisher\":{\"@id\":\"https:\/\/ecoforma.ca\/#organization\"},\"potentialAction\":[{\"@type\":\"SearchAction\",\"target\":{\"@type\":\"EntryPoint\",\"urlTemplate\":\"https:\/\/ecoforma.ca\/?s={search_term_string}\"},\"query-input\":{\"@type\":\"PropertyValueSpecification\",\"valueRequired\":true,\"valueName\":\"search_term_string\"}}],\"inLanguage\":\"fr-FR\"},{\"@type\":\"Organization\",\"@id\":\"https:\/\/ecoforma.ca\/#organization\",\"name\":\"Eco-Forma Inc.\",\"url\":\"https:\/\/ecoforma.ca\/\",\"logo\":{\"@type\":\"ImageObject\",\"inLanguage\":\"fr-FR\",\"@id\":\"https:\/\/ecoforma.ca\/#\/schema\/logo\/image\/\",\"url\":\"https:\/\/ecoforma.ca\/wp-content\/uploads\/ecoforma-logo-mobile-ret-en.png\",\"contentUrl\":\"https:\/\/ecoforma.ca\/wp-content\/uploads\/ecoforma-logo-mobile-ret-en.png\",\"width\":370,\"height\":80,\"caption\":\"Eco-Forma Inc.\"},\"image\":{\"@id\":\"https:\/\/ecoforma.ca\/#\/schema\/logo\/image\/\"},\"sameAs\":[\"https:\/\/www.facebook.com\/ecoformainc\/\"]}]}<\/script>\n<!-- \/ Yoast SEO plugin. -->","yoast_head_json":{"title":"Solutions environnementales - Eco-Forma Inc.","description":"\u00c9co-Forma offre des produits et services qui sont respectueux de l\u2019environnement tout en maintenant l\u2019efficacit\u00e9 des produits qu\u2019ils remplacent.","robots":{"index":"index","follow":"follow","max-snippet":"max-snippet:-1","max-image-preview":"max-image-preview:large","max-video-preview":"max-video-preview:-1"},"canonical":"https:\/\/ecoforma.ca\/fr\/","og_locale":"fr_FR","og_type":"article","og_title":"Solutions environnementales - Eco-Forma Inc.","og_description":"\u00c9co-Forma offre des produits et services qui sont respectueux de l\u2019environnement tout en maintenant l\u2019efficacit\u00e9 des produits qu\u2019ils remplacent.","og_url":"https:\/\/ecoforma.ca\/fr\/","og_site_name":"Eco-Forma Inc.","article_publisher":"https:\/\/www.facebook.com\/ecoformainc\/","article_modified_time":"2024-12-05T17:03:09+00:00","og_image":[{"width":1200,"height":630,"url":"https:\/\/ecoforma.ca\/wp-content\/uploads\/eco-forma-featured-2.png","type":"image\/png"}],"twitter_card":"summary_large_image","twitter_misc":{"Dur\u00e9e de lecture estim\u00e9e":"4 minutes"},"schema":{"@context":"https:\/\/schema.org","@graph":[{"@type":"WebPage","@id":"https:\/\/ecoforma.ca\/fr\/","url":"https:\/\/ecoforma.ca\/fr\/","name":"Solutions environnementales - Eco-Forma Inc.","isPartOf":{"@id":"https:\/\/ecoforma.ca\/#website"},"primaryImageOfPage":{"@id":"https:\/\/ecoforma.ca\/fr\/#primaryimage"},"image":{"@id":"https:\/\/ecoforma.ca\/fr\/#primaryimage"},"thumbnailUrl":"https:\/\/ecoforma.ca\/wp-content\/uploads\/eco-forma-featured-2.png","datePublished":"2017-07-28T16:53:17+00:00","dateModified":"2024-12-05T17:03:09+00:00","description":"\u00c9co-Forma offre des produits et services qui sont respectueux de l\u2019environnement tout en maintenant l\u2019efficacit\u00e9 des produits qu\u2019ils remplacent.","breadcrumb":{"@id":"https:\/\/ecoforma.ca\/fr\/#breadcrumb"},"inLanguage":"fr-FR","potentialAction":[{"@type":"ReadAction","target":["https:\/\/ecoforma.ca\/fr\/"]}]},{"@type":"ImageObject","inLanguage":"fr-FR","@id":"https:\/\/ecoforma.ca\/fr\/#primaryimage","url":"https:\/\/ecoforma.ca\/wp-content\/uploads\/eco-forma-featured-2.png","contentUrl":"https:\/\/ecoforma.ca\/wp-content\/uploads\/eco-forma-featured-2.png","width":1200,"height":630},{"@type":"BreadcrumbList","@id":"https:\/\/ecoforma.ca\/fr\/#breadcrumb","itemListElement":[{"@type":"ListItem","position":1,"name":"Home","item":"https:\/\/ecoforma.ca\/fr\/"},{"@type":"ListItem","position":2,"name":"Solutions environnementales"}]},{"@type":"WebSite","@id":"https:\/\/ecoforma.ca\/#website","url":"https:\/\/ecoforma.ca\/","name":"Eco-Forma Inc.","description":"Environmental Solutions","publisher":{"@id":"https:\/\/ecoforma.ca\/#organization"},"potentialAction":[{"@type":"SearchAction","target":{"@type":"EntryPoint","urlTemplate":"https:\/\/ecoforma.ca\/?s={search_term_string}"},"query-input":{"@type":"PropertyValueSpecification","valueRequired":true,"valueName":"search_term_string"}}],"inLanguage":"fr-FR"},{"@type":"Organization","@id":"https:\/\/ecoforma.ca\/#organization","name":"Eco-Forma Inc.","url":"https:\/\/ecoforma.ca\/","logo":{"@type":"ImageObject","inLanguage":"fr-FR","@id":"https:\/\/ecoforma.ca\/#\/schema\/logo\/image\/","url":"https:\/\/ecoforma.ca\/wp-content\/uploads\/ecoforma-logo-mobile-ret-en.png","contentUrl":"https:\/\/ecoforma.ca\/wp-content\/uploads\/ecoforma-logo-mobile-ret-en.png","width":370,"height":80,"caption":"Eco-Forma Inc."},"image":{"@id":"https:\/\/ecoforma.ca\/#\/schema\/logo\/image\/"},"sameAs":["https:\/\/www.facebook.com\/ecoformainc\/"]}]}},"_links":{"self":[{"href":"https:\/\/ecoforma.ca\/fr\/wp-json\/wp\/v2\/pages\/1195","targetHints":{"allow":["GET"]}}],"collection":[{"href":"https:\/\/ecoforma.ca\/fr\/wp-json\/wp\/v2\/pages"}],"about":[{"href":"https:\/\/ecoforma.ca\/fr\/wp-json\/wp\/v2\/types\/page"}],"author":[{"embeddable":true,"href":"https:\/\/ecoforma.ca\/fr\/wp-json\/wp\/v2\/users\/2"}],"replies":[{"embeddable":true,"href":"https:\/\/ecoforma.ca\/fr\/wp-json\/wp\/v2\/comments?post=1195"}],"version-history":[{"count":73,"href":"https:\/\/ecoforma.ca\/fr\/wp-json\/wp\/v2\/pages\/1195\/revisions"}],"predecessor-version":[{"id":2562,"href":"https:\/\/ecoforma.ca\/fr\/wp-json\/wp\/v2\/pages\/1195\/revisions\/2562"}],"wp:featuredmedia":[{"embeddable":true,"href":"https:\/\/ecoforma.ca\/fr\/wp-json\/wp\/v2\/media\/2007"}],"wp:attachment":[{"href":"https:\/\/ecoforma.ca\/fr\/wp-json\/wp\/v2\/media?parent=1195"}],"curies":[{"name":"wp","href":"https:\/\/api.w.org\/{rel}","templated":true}]}}