{"id":152,"date":"2012-03-12T15:31:02","date_gmt":"2012-03-12T20:31:02","guid":{"rendered":"https:\/\/ecoforma.ca\/?page_id=152"},"modified":"2023-07-06T18:02:00","modified_gmt":"2023-07-06T23:02:00","slug":"a-propos","status":"publish","type":"page","link":"https:\/\/ecoforma.ca\/fr\/a-propos\/","title":{"rendered":"\u00c0 propos"},"content":{"rendered":"<div class=\"wpb-content-wrapper\"><p>[vc_row][vc_column][vc_column_text]<\/p>\n<h3>\u00c9CO-FORMA Inc. est une soci\u00e9t\u00e9 priv\u00e9e qui estime que nous pouvons tous nous engager \u00e0 r\u00e9duire les dommages que nous faisons \u00e0 l\u2019environnement. Nous offrons des produits et des services qui sont respectueux de l&rsquo;environnement tout en maintenant ou en d\u00e9passant l&rsquo;efficacit\u00e9 des produits qu&rsquo;ils remplacent.<\/h3>\n<p>[\/vc_column_text][\/vc_column][\/vc_row][vc_row][vc_column width=\u00a0\u00bb1\/2&Prime;][vc_column_text]<\/p>\n<h3>Notre Mission<\/h3>\n<p>La mission d\u2019\u00c9co-Forma consiste \u00e0 devenir votre source la plus fiable pour vos produits verts en vous offrant une grande vari\u00e9t\u00e9 de produits, de services de qualit\u00e9 et les meilleurs conseils.<\/p>\n<p>Nous croyons que le pouvoir d&rsquo;apporter des changements positifs incombe \u00e0 chacun de nous. Nos choix quotidiens font la diff\u00e9rence. Les produits \u00e9cologiques sont plus sains pour nous et la plan\u00e8te. Plus nous utiliserons ces produits, plus les entreprises innoveront pour cr\u00e9er et am\u00e9liorer les produits verts.<\/p>\n<p>Nos produits sont parmi les meilleurs de l&rsquo;industrie et incluent les produits biologiques et \u00e9cologiques pour les applications industrielles, commerciales, et r\u00e9sidentielles.[\/vc_column_text][vc_btn title=\u00a0\u00bbBROCHURE CORPORATIVE\u00a0\u00bb style=\u00a0\u00bbcustom\u00a0\u00bb custom_background=\u00a0\u00bb#66b04a\u00a0\u00bb custom_text=\u00a0\u00bb#ffffff\u00a0\u00bb i_icon_fontawesome=\u00a0\u00bbfas fa-file-pdf\u00a0\u00bb add_icon=\u00a0\u00bbtrue\u00a0\u00bb link=\u00a0\u00bburl:https%3A%2F%2Fecoforma.ca%2Fwp-content%2Fuploads%2FECO-FORMA_Brochure-Corpo_FR.pdf|target:_blank\u00a0\u00bb][\/vc_column][vc_column width=\u00a0\u00bb1\/2&Prime;][vc_column_text]<img loading=\"lazy\" decoding=\"async\" class=\"alignnone size-full wp-image-1263\" src=\"https:\/\/ecoforma.ca\/wp-content\/uploads\/ecoforma-a-propos.jpg\" alt=\"\" width=\"640\" height=\"427\" srcset=\"https:\/\/ecoforma.ca\/wp-content\/uploads\/ecoforma-a-propos.jpg 640w, https:\/\/ecoforma.ca\/wp-content\/uploads\/ecoforma-a-propos-300x200.jpg 300w\" sizes=\"auto, (max-width: 640px) 100vw, 640px\" \/>[\/vc_column_text][\/vc_column][\/vc_row]<\/p>\n<\/div>","protected":false},"excerpt":{"rendered":"<p>[vc_row][vc_column][vc_column_text] \u00c9CO-FORMA Inc. est une soci\u00e9t\u00e9 priv\u00e9e qui estime que nous pouvons tous nous engager \u00e0 r\u00e9duire les dommages que nous faisons \u00e0 l\u2019environnement. Nous offrons des produits et des services qui sont respectueux de l&rsquo;environnement tout en maintenant ou en d\u00e9passant l&rsquo;efficacit\u00e9 des produits qu&rsquo;ils remplacent. [\/vc_column_text][\/vc_column][\/vc_row][vc_row][vc_column width=\u00a0\u00bb1\/2&Prime;][vc_column_text] Notre Mission La mission d\u2019\u00c9co-Forma consiste&hellip;<\/p>\n","protected":false},"author":3,"featured_media":1263,"parent":0,"menu_order":0,"comment_status":"closed","ping_status":"closed","template":"","meta":{"footnotes":""},"class_list":["post-152","page","type-page","status-publish","has-post-thumbnail","hentry","description-off"],"yoast_head":"<!-- This site is optimized with the Yoast SEO plugin v24.0 - https:\/\/yoast.com\/wordpress\/plugins\/seo\/ -->\n<title>\u00c0 propos - Eco-Forma Inc.<\/title>\n<meta name=\"description\" content=\"\u00c9co-Forma Inc. est une soci\u00e9t\u00e9 priv\u00e9e qui estime que nous pouvons tous nous engager \u00e0 r\u00e9duire les dommages que nous faisons \u00e0 l\u2019environnement.\" \/>\n<meta name=\"robots\" content=\"index, follow, max-snippet:-1, max-image-preview:large, max-video-preview:-1\" \/>\n<link rel=\"canonical\" href=\"https:\/\/ecoforma.ca\/fr\/a-propos\/\" \/>\n<meta property=\"og:locale\" content=\"fr_FR\" \/>\n<meta property=\"og:type\" content=\"article\" \/>\n<meta property=\"og:title\" content=\"\u00c0 propos - Eco-Forma Inc.\" \/>\n<meta property=\"og:description\" content=\"\u00c9co-Forma Inc. est une soci\u00e9t\u00e9 priv\u00e9e qui estime que nous pouvons tous nous engager \u00e0 r\u00e9duire les dommages que nous faisons \u00e0 l\u2019environnement.\" \/>\n<meta property=\"og:url\" content=\"https:\/\/ecoforma.ca\/fr\/a-propos\/\" \/>\n<meta property=\"og:site_name\" content=\"Eco-Forma Inc.\" \/>\n<meta property=\"article:publisher\" content=\"https:\/\/www.facebook.com\/ecoformainc\/\" \/>\n<meta property=\"article:modified_time\" content=\"2023-07-06T23:02:00+00:00\" \/>\n<meta property=\"og:image\" content=\"https:\/\/ecoforma.ca\/wp-content\/uploads\/ecoforma-a-propos.jpg\" \/>\n\t<meta property=\"og:image:width\" content=\"640\" \/>\n\t<meta property=\"og:image:height\" content=\"427\" \/>\n\t<meta property=\"og:image:type\" content=\"image\/jpeg\" \/>\n<meta name=\"twitter:card\" content=\"summary_large_image\" \/>\n<meta name=\"twitter:label1\" content=\"Dur\u00e9e de lecture estim\u00e9e\" \/>\n\t<meta name=\"twitter:data1\" content=\"1 minute\" \/>\n<script type=\"application\/ld+json\" class=\"yoast-schema-graph\">{\"@context\":\"https:\/\/schema.org\",\"@graph\":[{\"@type\":\"WebPage\",\"@id\":\"https:\/\/ecoforma.ca\/fr\/a-propos\/\",\"url\":\"https:\/\/ecoforma.ca\/fr\/a-propos\/\",\"name\":\"\u00c0 propos - Eco-Forma Inc.\",\"isPartOf\":{\"@id\":\"https:\/\/ecoforma.ca\/#website\"},\"primaryImageOfPage\":{\"@id\":\"https:\/\/ecoforma.ca\/fr\/a-propos\/#primaryimage\"},\"image\":{\"@id\":\"https:\/\/ecoforma.ca\/fr\/a-propos\/#primaryimage\"},\"thumbnailUrl\":\"https:\/\/ecoforma.ca\/wp-content\/uploads\/ecoforma-a-propos.jpg\",\"datePublished\":\"2012-03-12T20:31:02+00:00\",\"dateModified\":\"2023-07-06T23:02:00+00:00\",\"description\":\"\u00c9co-Forma Inc. est une soci\u00e9t\u00e9 priv\u00e9e qui estime que nous pouvons tous nous engager \u00e0 r\u00e9duire les dommages que nous faisons \u00e0 l\u2019environnement.\",\"breadcrumb\":{\"@id\":\"https:\/\/ecoforma.ca\/fr\/a-propos\/#breadcrumb\"},\"inLanguage\":\"fr-FR\",\"potentialAction\":[{\"@type\":\"ReadAction\",\"target\":[\"https:\/\/ecoforma.ca\/fr\/a-propos\/\"]}]},{\"@type\":\"ImageObject\",\"inLanguage\":\"fr-FR\",\"@id\":\"https:\/\/ecoforma.ca\/fr\/a-propos\/#primaryimage\",\"url\":\"https:\/\/ecoforma.ca\/wp-content\/uploads\/ecoforma-a-propos.jpg\",\"contentUrl\":\"https:\/\/ecoforma.ca\/wp-content\/uploads\/ecoforma-a-propos.jpg\",\"width\":640,\"height\":427},{\"@type\":\"BreadcrumbList\",\"@id\":\"https:\/\/ecoforma.ca\/fr\/a-propos\/#breadcrumb\",\"itemListElement\":[{\"@type\":\"ListItem\",\"position\":1,\"name\":\"Home\",\"item\":\"https:\/\/ecoforma.ca\/fr\/\"},{\"@type\":\"ListItem\",\"position\":2,\"name\":\"\u00c0 propos\"}]},{\"@type\":\"WebSite\",\"@id\":\"https:\/\/ecoforma.ca\/#website\",\"url\":\"https:\/\/ecoforma.ca\/\",\"name\":\"Eco-Forma Inc.\",\"description\":\"Environmental Solutions\",\"publisher\":{\"@id\":\"https:\/\/ecoforma.ca\/#organization\"},\"potentialAction\":[{\"@type\":\"SearchAction\",\"target\":{\"@type\":\"EntryPoint\",\"urlTemplate\":\"https:\/\/ecoforma.ca\/?s={search_term_string}\"},\"query-input\":{\"@type\":\"PropertyValueSpecification\",\"valueRequired\":true,\"valueName\":\"search_term_string\"}}],\"inLanguage\":\"fr-FR\"},{\"@type\":\"Organization\",\"@id\":\"https:\/\/ecoforma.ca\/#organization\",\"name\":\"Eco-Forma Inc.\",\"url\":\"https:\/\/ecoforma.ca\/\",\"logo\":{\"@type\":\"ImageObject\",\"inLanguage\":\"fr-FR\",\"@id\":\"https:\/\/ecoforma.ca\/#\/schema\/logo\/image\/\",\"url\":\"https:\/\/ecoforma.ca\/wp-content\/uploads\/ecoforma-logo-mobile-ret-en.png\",\"contentUrl\":\"https:\/\/ecoforma.ca\/wp-content\/uploads\/ecoforma-logo-mobile-ret-en.png\",\"width\":370,\"height\":80,\"caption\":\"Eco-Forma Inc.\"},\"image\":{\"@id\":\"https:\/\/ecoforma.ca\/#\/schema\/logo\/image\/\"},\"sameAs\":[\"https:\/\/www.facebook.com\/ecoformainc\/\"]}]}<\/script>\n<!-- \/ Yoast SEO plugin. -->","yoast_head_json":{"title":"\u00c0 propos - Eco-Forma Inc.","description":"\u00c9co-Forma Inc. est une soci\u00e9t\u00e9 priv\u00e9e qui estime que nous pouvons tous nous engager \u00e0 r\u00e9duire les dommages que nous faisons \u00e0 l\u2019environnement.","robots":{"index":"index","follow":"follow","max-snippet":"max-snippet:-1","max-image-preview":"max-image-preview:large","max-video-preview":"max-video-preview:-1"},"canonical":"https:\/\/ecoforma.ca\/fr\/a-propos\/","og_locale":"fr_FR","og_type":"article","og_title":"\u00c0 propos - Eco-Forma Inc.","og_description":"\u00c9co-Forma Inc. est une soci\u00e9t\u00e9 priv\u00e9e qui estime que nous pouvons tous nous engager \u00e0 r\u00e9duire les dommages que nous faisons \u00e0 l\u2019environnement.","og_url":"https:\/\/ecoforma.ca\/fr\/a-propos\/","og_site_name":"Eco-Forma Inc.","article_publisher":"https:\/\/www.facebook.com\/ecoformainc\/","article_modified_time":"2023-07-06T23:02:00+00:00","og_image":[{"width":640,"height":427,"url":"https:\/\/ecoforma.ca\/wp-content\/uploads\/ecoforma-a-propos.jpg","type":"image\/jpeg"}],"twitter_card":"summary_large_image","twitter_misc":{"Dur\u00e9e de lecture estim\u00e9e":"1 minute"},"schema":{"@context":"https:\/\/schema.org","@graph":[{"@type":"WebPage","@id":"https:\/\/ecoforma.ca\/fr\/a-propos\/","url":"https:\/\/ecoforma.ca\/fr\/a-propos\/","name":"\u00c0 propos - Eco-Forma Inc.","isPartOf":{"@id":"https:\/\/ecoforma.ca\/#website"},"primaryImageOfPage":{"@id":"https:\/\/ecoforma.ca\/fr\/a-propos\/#primaryimage"},"image":{"@id":"https:\/\/ecoforma.ca\/fr\/a-propos\/#primaryimage"},"thumbnailUrl":"https:\/\/ecoforma.ca\/wp-content\/uploads\/ecoforma-a-propos.jpg","datePublished":"2012-03-12T20:31:02+00:00","dateModified":"2023-07-06T23:02:00+00:00","description":"\u00c9co-Forma Inc. est une soci\u00e9t\u00e9 priv\u00e9e qui estime que nous pouvons tous nous engager \u00e0 r\u00e9duire les dommages que nous faisons \u00e0 l\u2019environnement.","breadcrumb":{"@id":"https:\/\/ecoforma.ca\/fr\/a-propos\/#breadcrumb"},"inLanguage":"fr-FR","potentialAction":[{"@type":"ReadAction","target":["https:\/\/ecoforma.ca\/fr\/a-propos\/"]}]},{"@type":"ImageObject","inLanguage":"fr-FR","@id":"https:\/\/ecoforma.ca\/fr\/a-propos\/#primaryimage","url":"https:\/\/ecoforma.ca\/wp-content\/uploads\/ecoforma-a-propos.jpg","contentUrl":"https:\/\/ecoforma.ca\/wp-content\/uploads\/ecoforma-a-propos.jpg","width":640,"height":427},{"@type":"BreadcrumbList","@id":"https:\/\/ecoforma.ca\/fr\/a-propos\/#breadcrumb","itemListElement":[{"@type":"ListItem","position":1,"name":"Home","item":"https:\/\/ecoforma.ca\/fr\/"},{"@type":"ListItem","position":2,"name":"\u00c0 propos"}]},{"@type":"WebSite","@id":"https:\/\/ecoforma.ca\/#website","url":"https:\/\/ecoforma.ca\/","name":"Eco-Forma Inc.","description":"Environmental Solutions","publisher":{"@id":"https:\/\/ecoforma.ca\/#organization"},"potentialAction":[{"@type":"SearchAction","target":{"@type":"EntryPoint","urlTemplate":"https:\/\/ecoforma.ca\/?s={search_term_string}"},"query-input":{"@type":"PropertyValueSpecification","valueRequired":true,"valueName":"search_term_string"}}],"inLanguage":"fr-FR"},{"@type":"Organization","@id":"https:\/\/ecoforma.ca\/#organization","name":"Eco-Forma Inc.","url":"https:\/\/ecoforma.ca\/","logo":{"@type":"ImageObject","inLanguage":"fr-FR","@id":"https:\/\/ecoforma.ca\/#\/schema\/logo\/image\/","url":"https:\/\/ecoforma.ca\/wp-content\/uploads\/ecoforma-logo-mobile-ret-en.png","contentUrl":"https:\/\/ecoforma.ca\/wp-content\/uploads\/ecoforma-logo-mobile-ret-en.png","width":370,"height":80,"caption":"Eco-Forma Inc."},"image":{"@id":"https:\/\/ecoforma.ca\/#\/schema\/logo\/image\/"},"sameAs":["https:\/\/www.facebook.com\/ecoformainc\/"]}]}},"_links":{"self":[{"href":"https:\/\/ecoforma.ca\/fr\/wp-json\/wp\/v2\/pages\/152","targetHints":{"allow":["GET"]}}],"collection":[{"href":"https:\/\/ecoforma.ca\/fr\/wp-json\/wp\/v2\/pages"}],"about":[{"href":"https:\/\/ecoforma.ca\/fr\/wp-json\/wp\/v2\/types\/page"}],"author":[{"embeddable":true,"href":"https:\/\/ecoforma.ca\/fr\/wp-json\/wp\/v2\/users\/3"}],"replies":[{"embeddable":true,"href":"https:\/\/ecoforma.ca\/fr\/wp-json\/wp\/v2\/comments?post=152"}],"version-history":[{"count":34,"href":"https:\/\/ecoforma.ca\/fr\/wp-json\/wp\/v2\/pages\/152\/revisions"}],"predecessor-version":[{"id":2419,"href":"https:\/\/ecoforma.ca\/fr\/wp-json\/wp\/v2\/pages\/152\/revisions\/2419"}],"wp:featuredmedia":[{"embeddable":true,"href":"https:\/\/ecoforma.ca\/fr\/wp-json\/wp\/v2\/media\/1263"}],"wp:attachment":[{"href":"https:\/\/ecoforma.ca\/fr\/wp-json\/wp\/v2\/media?parent=152"}],"curies":[{"name":"wp","href":"https:\/\/api.w.org\/{rel}","templated":true}]}}