{"id":155,"date":"2012-03-12T15:32:35","date_gmt":"2012-03-12T20:32:35","guid":{"rendered":"https:\/\/ecoforma.ca\/?page_id=155"},"modified":"2023-07-12T10:06:50","modified_gmt":"2023-07-12T15:06:50","slug":"nous-joindre","status":"publish","type":"page","link":"https:\/\/ecoforma.ca\/fr\/nous-joindre\/","title":{"rendered":"Nous joindre"},"content":{"rendered":"<div class=\"wpb-content-wrapper\"><p>[vc_row gap=\u00a0\u00bb30&Prime;][vc_column width=\u00a0\u00bb1\/2&Prime;][vc_column_text]<img loading=\"lazy\" decoding=\"async\" class=\"alignnone size-full wp-image-2524\" src=\"https:\/\/ecoforma.ca\/wp-content\/uploads\/Ecoforma-nous-joindre.jpg\" alt=\"\u00c0 l'avant garde des produits environnementaux\" width=\"800\" height=\"731\" srcset=\"https:\/\/ecoforma.ca\/wp-content\/uploads\/Ecoforma-nous-joindre.jpg 800w, https:\/\/ecoforma.ca\/wp-content\/uploads\/Ecoforma-nous-joindre-300x274.jpg 300w, https:\/\/ecoforma.ca\/wp-content\/uploads\/Ecoforma-nous-joindre-768x702.jpg 768w\" sizes=\"auto, (max-width: 800px) 100vw, 800px\" \/>[\/vc_column_text][\/vc_column][vc_column width=\u00a0\u00bb1\/2&Prime;][vc_column_text]<\/p>\n<h2>ECO-FORMA<\/h2>\n<p>4600, Boul. Poirier, Saint-Laurent (QC) H4R 2C5<\/p>\n<p>T\u00e9l : 514 281-0700<br \/>\nSans frais : 1 855 ECO-FORMA (326-3676)<br \/>\n<a href=\"mailto:info@ecoforma.ca\">info@ecoforma.ca<\/a>[\/vc_column_text][vc_column_text]<strong>Contactez-nous en remplissant le formulaire ci-dessous.<br \/>\nNous r\u00e9pondrons \u00e0 votre demande dans les plus brefs d\u00e9lais.<\/strong>[\/vc_column_text]\n<div class=\"wpcf7 no-js\" id=\"wpcf7-f2468-o1\" lang=\"fr-FR\" dir=\"ltr\" data-wpcf7-id=\"2468\">\n<div class=\"screen-reader-response\"><p role=\"status\" aria-live=\"polite\" aria-atomic=\"true\"><\/p> <ul><\/ul><\/div>\n<form action=\"\/fr\/wp-json\/wp\/v2\/pages\/155#wpcf7-f2468-o1\" method=\"post\" class=\"wpcf7-form init\" aria-label=\"Formulaire de contact\" novalidate=\"novalidate\" data-status=\"init\">\n<div style=\"display: none;\">\n<input type=\"hidden\" name=\"_wpcf7\" value=\"2468\" \/>\n<input type=\"hidden\" name=\"_wpcf7_version\" value=\"6.0.1\" \/>\n<input type=\"hidden\" name=\"_wpcf7_locale\" value=\"fr_FR\" \/>\n<input type=\"hidden\" name=\"_wpcf7_unit_tag\" value=\"wpcf7-f2468-o1\" \/>\n<input type=\"hidden\" name=\"_wpcf7_container_post\" value=\"0\" \/>\n<input type=\"hidden\" name=\"_wpcf7_posted_data_hash\" value=\"\" \/>\n<input type=\"hidden\" name=\"_wpcf7_recaptcha_response\" value=\"\" \/>\n<\/div>\n<p><span class=\"wpcf7-form-control-wrap\" data-name=\"your-name\"><input size=\"40\" maxlength=\"400\" class=\"wpcf7-form-control wpcf7-text wpcf7-validates-as-required\" autocomplete=\"name\" aria-required=\"true\" aria-invalid=\"false\" placeholder=\"Nom\" value=\"\" type=\"text\" name=\"your-name\" \/><\/span>\n<\/p>\n<p><span class=\"wpcf7-form-control-wrap\" data-name=\"your-email\"><input size=\"40\" maxlength=\"400\" class=\"wpcf7-form-control wpcf7-email wpcf7-validates-as-required wpcf7-text wpcf7-validates-as-email\" autocomplete=\"email\" aria-required=\"true\" aria-invalid=\"false\" placeholder=\"Courriel\" value=\"\" type=\"email\" name=\"your-email\" \/><\/span>\n<\/p>\n<p><span class=\"wpcf7-form-control-wrap\" data-name=\"your-message\"><textarea cols=\"40\" rows=\"10\" maxlength=\"2000\" class=\"wpcf7-form-control wpcf7-textarea\" aria-invalid=\"false\" placeholder=\"Votre message ou question\" name=\"your-message\"><\/textarea><\/span>\n<\/p>\n<p><input class=\"wpcf7-form-control wpcf7-submit has-spinner\" type=\"submit\" value=\"Envoyer\" \/>\n<\/p><div class=\"wpcf7-response-output\" aria-hidden=\"true\"><\/div>\n<\/form>\n<\/div>\n[\/vc_column][\/vc_row]<\/p>\n<\/div>","protected":false},"excerpt":{"rendered":"<p>[vc_row gap=\u00a0\u00bb30&Prime;][vc_column width=\u00a0\u00bb1\/2&Prime;][vc_column_text][\/vc_column_text][\/vc_column][vc_column width=\u00a0\u00bb1\/2&Prime;][vc_column_text] ECO-FORMA 4600, Boul. Poirier, Saint-Laurent (QC) H4R 2C5 T\u00e9l : 514 281-0700 Sans frais : 1 855 ECO-FORMA (326-3676) info@ecoforma.ca[\/vc_column_text][vc_column_text]Contactez-nous en remplissant le formulaire ci-dessous. Nous r\u00e9pondrons \u00e0 votre demande dans les plus brefs d\u00e9lais.[\/vc_column_text][\/vc_column][\/vc_row]<\/p>\n","protected":false},"author":3,"featured_media":0,"parent":0,"menu_order":0,"comment_status":"closed","ping_status":"closed","template":"","meta":{"footnotes":""},"class_list":["post-155","page","type-page","status-publish","hentry","description-off"],"yoast_head":"<!-- This site is optimized with the Yoast SEO plugin v24.0 - https:\/\/yoast.com\/wordpress\/plugins\/seo\/ -->\n<title>Nous joindre - Eco-Forma Inc.<\/title>\n<meta name=\"robots\" content=\"index, follow, max-snippet:-1, max-image-preview:large, max-video-preview:-1\" \/>\n<link rel=\"canonical\" href=\"https:\/\/ecoforma.ca\/fr\/nous-joindre\/\" \/>\n<meta property=\"og:locale\" content=\"fr_FR\" \/>\n<meta property=\"og:type\" content=\"article\" \/>\n<meta property=\"og:title\" content=\"Nous joindre - Eco-Forma Inc.\" \/>\n<meta property=\"og:description\" content=\"[vc_row gap=\u00a0\u00bb30&Prime;][vc_column width=\u00a0\u00bb1\/2&Prime;][vc_column_text][\/vc_column_text][\/vc_column][vc_column width=\u00a0\u00bb1\/2&Prime;][vc_column_text] ECO-FORMA 4600, Boul. Poirier, Saint-Laurent (QC) H4R 2C5 T\u00e9l : 514 281-0700 Sans frais : 1 855 ECO-FORMA (326-3676) info@ecoforma.ca[\/vc_column_text][vc_column_text]Contactez-nous en remplissant le formulaire ci-dessous. Nous r\u00e9pondrons \u00e0 votre demande dans les plus brefs d\u00e9lais.[\/vc_column_text][\/vc_column][\/vc_row]\" \/>\n<meta property=\"og:url\" content=\"https:\/\/ecoforma.ca\/fr\/nous-joindre\/\" \/>\n<meta property=\"og:site_name\" content=\"Eco-Forma Inc.\" \/>\n<meta property=\"article:publisher\" content=\"https:\/\/www.facebook.com\/ecoformainc\/\" \/>\n<meta property=\"article:modified_time\" content=\"2023-07-12T15:06:50+00:00\" \/>\n<meta property=\"og:image\" content=\"https:\/\/ecoforma.ca\/wp-content\/uploads\/Ecoforma-nous-joindre.jpg\" \/>\n<meta name=\"twitter:card\" content=\"summary_large_image\" \/>\n<meta name=\"twitter:label1\" content=\"Dur\u00e9e de lecture estim\u00e9e\" \/>\n\t<meta name=\"twitter:data1\" content=\"1 minute\" \/>\n<script type=\"application\/ld+json\" class=\"yoast-schema-graph\">{\"@context\":\"https:\/\/schema.org\",\"@graph\":[{\"@type\":\"WebPage\",\"@id\":\"https:\/\/ecoforma.ca\/fr\/nous-joindre\/\",\"url\":\"https:\/\/ecoforma.ca\/fr\/nous-joindre\/\",\"name\":\"Nous joindre - Eco-Forma Inc.\",\"isPartOf\":{\"@id\":\"https:\/\/ecoforma.ca\/#website\"},\"primaryImageOfPage\":{\"@id\":\"https:\/\/ecoforma.ca\/fr\/nous-joindre\/#primaryimage\"},\"image\":{\"@id\":\"https:\/\/ecoforma.ca\/fr\/nous-joindre\/#primaryimage\"},\"thumbnailUrl\":\"https:\/\/ecoforma.ca\/wp-content\/uploads\/Ecoforma-nous-joindre.jpg\",\"datePublished\":\"2012-03-12T20:32:35+00:00\",\"dateModified\":\"2023-07-12T15:06:50+00:00\",\"breadcrumb\":{\"@id\":\"https:\/\/ecoforma.ca\/fr\/nous-joindre\/#breadcrumb\"},\"inLanguage\":\"fr-FR\",\"potentialAction\":[{\"@type\":\"ReadAction\",\"target\":[\"https:\/\/ecoforma.ca\/fr\/nous-joindre\/\"]}]},{\"@type\":\"ImageObject\",\"inLanguage\":\"fr-FR\",\"@id\":\"https:\/\/ecoforma.ca\/fr\/nous-joindre\/#primaryimage\",\"url\":\"https:\/\/ecoforma.ca\/wp-content\/uploads\/Ecoforma-nous-joindre.jpg\",\"contentUrl\":\"https:\/\/ecoforma.ca\/wp-content\/uploads\/Ecoforma-nous-joindre.jpg\"},{\"@type\":\"BreadcrumbList\",\"@id\":\"https:\/\/ecoforma.ca\/fr\/nous-joindre\/#breadcrumb\",\"itemListElement\":[{\"@type\":\"ListItem\",\"position\":1,\"name\":\"Home\",\"item\":\"https:\/\/ecoforma.ca\/fr\/\"},{\"@type\":\"ListItem\",\"position\":2,\"name\":\"Nous joindre\"}]},{\"@type\":\"WebSite\",\"@id\":\"https:\/\/ecoforma.ca\/#website\",\"url\":\"https:\/\/ecoforma.ca\/\",\"name\":\"Eco-Forma Inc.\",\"description\":\"Environmental Solutions\",\"publisher\":{\"@id\":\"https:\/\/ecoforma.ca\/#organization\"},\"potentialAction\":[{\"@type\":\"SearchAction\",\"target\":{\"@type\":\"EntryPoint\",\"urlTemplate\":\"https:\/\/ecoforma.ca\/?s={search_term_string}\"},\"query-input\":{\"@type\":\"PropertyValueSpecification\",\"valueRequired\":true,\"valueName\":\"search_term_string\"}}],\"inLanguage\":\"fr-FR\"},{\"@type\":\"Organization\",\"@id\":\"https:\/\/ecoforma.ca\/#organization\",\"name\":\"Eco-Forma Inc.\",\"url\":\"https:\/\/ecoforma.ca\/\",\"logo\":{\"@type\":\"ImageObject\",\"inLanguage\":\"fr-FR\",\"@id\":\"https:\/\/ecoforma.ca\/#\/schema\/logo\/image\/\",\"url\":\"https:\/\/ecoforma.ca\/wp-content\/uploads\/ecoforma-logo-mobile-ret-en.png\",\"contentUrl\":\"https:\/\/ecoforma.ca\/wp-content\/uploads\/ecoforma-logo-mobile-ret-en.png\",\"width\":370,\"height\":80,\"caption\":\"Eco-Forma Inc.\"},\"image\":{\"@id\":\"https:\/\/ecoforma.ca\/#\/schema\/logo\/image\/\"},\"sameAs\":[\"https:\/\/www.facebook.com\/ecoformainc\/\"]}]}<\/script>\n<!-- \/ Yoast SEO plugin. -->","yoast_head_json":{"title":"Nous joindre - Eco-Forma Inc.","robots":{"index":"index","follow":"follow","max-snippet":"max-snippet:-1","max-image-preview":"max-image-preview:large","max-video-preview":"max-video-preview:-1"},"canonical":"https:\/\/ecoforma.ca\/fr\/nous-joindre\/","og_locale":"fr_FR","og_type":"article","og_title":"Nous joindre - Eco-Forma Inc.","og_description":"[vc_row gap=\u00a0\u00bb30&Prime;][vc_column width=\u00a0\u00bb1\/2&Prime;][vc_column_text][\/vc_column_text][\/vc_column][vc_column width=\u00a0\u00bb1\/2&Prime;][vc_column_text] ECO-FORMA 4600, Boul. Poirier, Saint-Laurent (QC) H4R 2C5 T\u00e9l : 514 281-0700 Sans frais : 1 855 ECO-FORMA (326-3676) info@ecoforma.ca[\/vc_column_text][vc_column_text]Contactez-nous en remplissant le formulaire ci-dessous. Nous r\u00e9pondrons \u00e0 votre demande dans les plus brefs d\u00e9lais.[\/vc_column_text][\/vc_column][\/vc_row]","og_url":"https:\/\/ecoforma.ca\/fr\/nous-joindre\/","og_site_name":"Eco-Forma Inc.","article_publisher":"https:\/\/www.facebook.com\/ecoformainc\/","article_modified_time":"2023-07-12T15:06:50+00:00","og_image":[{"url":"https:\/\/ecoforma.ca\/wp-content\/uploads\/Ecoforma-nous-joindre.jpg","type":"","width":"","height":""}],"twitter_card":"summary_large_image","twitter_misc":{"Dur\u00e9e de lecture estim\u00e9e":"1 minute"},"schema":{"@context":"https:\/\/schema.org","@graph":[{"@type":"WebPage","@id":"https:\/\/ecoforma.ca\/fr\/nous-joindre\/","url":"https:\/\/ecoforma.ca\/fr\/nous-joindre\/","name":"Nous joindre - Eco-Forma Inc.","isPartOf":{"@id":"https:\/\/ecoforma.ca\/#website"},"primaryImageOfPage":{"@id":"https:\/\/ecoforma.ca\/fr\/nous-joindre\/#primaryimage"},"image":{"@id":"https:\/\/ecoforma.ca\/fr\/nous-joindre\/#primaryimage"},"thumbnailUrl":"https:\/\/ecoforma.ca\/wp-content\/uploads\/Ecoforma-nous-joindre.jpg","datePublished":"2012-03-12T20:32:35+00:00","dateModified":"2023-07-12T15:06:50+00:00","breadcrumb":{"@id":"https:\/\/ecoforma.ca\/fr\/nous-joindre\/#breadcrumb"},"inLanguage":"fr-FR","potentialAction":[{"@type":"ReadAction","target":["https:\/\/ecoforma.ca\/fr\/nous-joindre\/"]}]},{"@type":"ImageObject","inLanguage":"fr-FR","@id":"https:\/\/ecoforma.ca\/fr\/nous-joindre\/#primaryimage","url":"https:\/\/ecoforma.ca\/wp-content\/uploads\/Ecoforma-nous-joindre.jpg","contentUrl":"https:\/\/ecoforma.ca\/wp-content\/uploads\/Ecoforma-nous-joindre.jpg"},{"@type":"BreadcrumbList","@id":"https:\/\/ecoforma.ca\/fr\/nous-joindre\/#breadcrumb","itemListElement":[{"@type":"ListItem","position":1,"name":"Home","item":"https:\/\/ecoforma.ca\/fr\/"},{"@type":"ListItem","position":2,"name":"Nous joindre"}]},{"@type":"WebSite","@id":"https:\/\/ecoforma.ca\/#website","url":"https:\/\/ecoforma.ca\/","name":"Eco-Forma Inc.","description":"Environmental Solutions","publisher":{"@id":"https:\/\/ecoforma.ca\/#organization"},"potentialAction":[{"@type":"SearchAction","target":{"@type":"EntryPoint","urlTemplate":"https:\/\/ecoforma.ca\/?s={search_term_string}"},"query-input":{"@type":"PropertyValueSpecification","valueRequired":true,"valueName":"search_term_string"}}],"inLanguage":"fr-FR"},{"@type":"Organization","@id":"https:\/\/ecoforma.ca\/#organization","name":"Eco-Forma Inc.","url":"https:\/\/ecoforma.ca\/","logo":{"@type":"ImageObject","inLanguage":"fr-FR","@id":"https:\/\/ecoforma.ca\/#\/schema\/logo\/image\/","url":"https:\/\/ecoforma.ca\/wp-content\/uploads\/ecoforma-logo-mobile-ret-en.png","contentUrl":"https:\/\/ecoforma.ca\/wp-content\/uploads\/ecoforma-logo-mobile-ret-en.png","width":370,"height":80,"caption":"Eco-Forma Inc."},"image":{"@id":"https:\/\/ecoforma.ca\/#\/schema\/logo\/image\/"},"sameAs":["https:\/\/www.facebook.com\/ecoformainc\/"]}]}},"_links":{"self":[{"href":"https:\/\/ecoforma.ca\/fr\/wp-json\/wp\/v2\/pages\/155","targetHints":{"allow":["GET"]}}],"collection":[{"href":"https:\/\/ecoforma.ca\/fr\/wp-json\/wp\/v2\/pages"}],"about":[{"href":"https:\/\/ecoforma.ca\/fr\/wp-json\/wp\/v2\/types\/page"}],"author":[{"embeddable":true,"href":"https:\/\/ecoforma.ca\/fr\/wp-json\/wp\/v2\/users\/3"}],"replies":[{"embeddable":true,"href":"https:\/\/ecoforma.ca\/fr\/wp-json\/wp\/v2\/comments?post=155"}],"version-history":[{"count":27,"href":"https:\/\/ecoforma.ca\/fr\/wp-json\/wp\/v2\/pages\/155\/revisions"}],"predecessor-version":[{"id":2526,"href":"https:\/\/ecoforma.ca\/fr\/wp-json\/wp\/v2\/pages\/155\/revisions\/2526"}],"wp:attachment":[{"href":"https:\/\/ecoforma.ca\/fr\/wp-json\/wp\/v2\/media?parent=155"}],"curies":[{"name":"wp","href":"https:\/\/api.w.org\/{rel}","templated":true}]}}