{"id":180,"date":"2012-03-12T16:01:14","date_gmt":"2012-03-12T21:01:14","guid":{"rendered":"https:\/\/ecoforma.ca\/?page_id=180"},"modified":"2023-07-13T18:08:25","modified_gmt":"2023-07-13T23:08:25","slug":"videos","status":"publish","type":"page","link":"https:\/\/ecoforma.ca\/fr\/videos\/","title":{"rendered":"Vid\u00e9os"},"content":{"rendered":"<div class=\"wpb-content-wrapper\"><p>[vc_row bottom_padding=\u00a0\u00bb50&Prime; css=\u00a0\u00bb.vc_custom_1501271098132{margin-bottom: 50px !important;}\u00a0\u00bb][vc_column width=\u00a0\u00bb1\/2&Prime;][vc_column_text]<\/p>\n<h3>Fusion2350 antigivrage &#8211; Test de freinage<\/h3>\n<p>[\/vc_column_text][vc_video link=\u00a0\u00bbhttps:\/\/youtu.be\/1sFFwTVVA4g\u00a0\u00bb][\/vc_column][vc_column width=\u00a0\u00bb1\/2&Prime;][vc_column_text]<\/p>\n<h3>Fondant Biologique &#8211; D\u00e9gla\u00e7ant \u00e9cologique<\/h3>\n<p>[\/vc_column_text][vc_video link=\u00a0\u00bbhttps:\/\/youtu.be\/FEIHSud-gSs\u00a0\u00bb][\/vc_column][\/vc_row][vc_row bottom_padding=\u00a0\u00bb50&Prime; css=\u00a0\u00bb.vc_custom_1501271106733{margin-bottom: 50px !important;}\u00a0\u00bb][vc_column width=\u00a0\u00bb1\/2&Prime;][vc_column_text]<\/p>\n<h3>\u00c9mission &#8211; La Vie en Vert de T\u00e9l\u00e9-Qu\u00e9bec<\/h3>\n<p>[\/vc_column_text][vc_video link=\u00a0\u00bbhttps:\/\/youtu.be\/aJtM8VkIqc0&Prime;][\/vc_column][vc_column width=\u00a0\u00bb1\/2&Prime;][vc_column_text]<\/p>\n<h3>Montr\u00e9al- La betterave d\u00e9glace les trottoirs<\/h3>\n<h3>[\/vc_column_text][vc_video link=\u00a0\u00bbhttps:\/\/youtu.be\/ks1ldBRuLEQ\u00a0\u00bb][\/vc_column][\/vc_row][vc_row][vc_column width=\u00a0\u00bb1\/2&Prime;][vc_column_text]<\/h3>\n<h3>FUSION 2350 &#8211; Antigivrage<\/h3>\n<h3>[\/vc_column_text][vc_video link=\u00a0\u00bbhttps:\/\/youtu.be\/G5WV4PJiRnI\u00a0\u00bb][\/vc_column][vc_column width=\u00a0\u00bb1\/2&Prime;][vc_column_text]<\/h3>\n<h3>Niagara Utilise Le &lsquo;Jus de Betterave&rsquo; Pour R\u00e9duire le Sel de D\u00e9gla\u00e7age (anglais)<\/h3>\n<p>[\/vc_column_text][vc_video link=\u00a0\u00bbhttps:\/\/youtu.be\/dDcId689k-M\u00a0\u00bb][\/vc_column][\/vc_row]<\/p>\n<\/div>","protected":false},"excerpt":{"rendered":"<p>[vc_row bottom_padding=\u00a0\u00bb50&Prime; css=\u00a0\u00bb.vc_custom_1501271098132{margin-bottom: 50px !important;}\u00a0\u00bb][vc_column width=\u00a0\u00bb1\/2&Prime;][vc_column_text] Fusion2350 antigivrage &#8211; Test de freinage [\/vc_column_text][vc_video link=\u00a0\u00bbhttps:\/\/youtu.be\/1sFFwTVVA4g\u00a0\u00bb][\/vc_column][vc_column width=\u00a0\u00bb1\/2&Prime;][vc_column_text] Fondant Biologique &#8211; D\u00e9gla\u00e7ant \u00e9cologique [\/vc_column_text][vc_video link=\u00a0\u00bbhttps:\/\/youtu.be\/FEIHSud-gSs\u00a0\u00bb][\/vc_column][\/vc_row][vc_row bottom_padding=\u00a0\u00bb50&Prime; css=\u00a0\u00bb.vc_custom_1501271106733{margin-bottom: 50px !important;}\u00a0\u00bb][vc_column width=\u00a0\u00bb1\/2&Prime;][vc_column_text] \u00c9mission &#8211; La Vie en Vert de T\u00e9l\u00e9-Qu\u00e9bec [\/vc_column_text][vc_video link=\u00a0\u00bbhttps:\/\/youtu.be\/aJtM8VkIqc0&Prime;][\/vc_column][vc_column width=\u00a0\u00bb1\/2&Prime;][vc_column_text] Montr\u00e9al- La betterave d\u00e9glace les trottoirs [\/vc_column_text][vc_video link=\u00a0\u00bbhttps:\/\/youtu.be\/ks1ldBRuLEQ\u00a0\u00bb][\/vc_column][\/vc_row][vc_row][vc_column width=\u00a0\u00bb1\/2&Prime;][vc_column_text] FUSION 2350 &#8211; Antigivrage [\/vc_column_text][vc_video link=\u00a0\u00bbhttps:\/\/youtu.be\/G5WV4PJiRnI\u00a0\u00bb][\/vc_column][vc_column width=\u00a0\u00bb1\/2&Prime;][vc_column_text] Niagara&hellip;<\/p>\n","protected":false},"author":3,"featured_media":2007,"parent":0,"menu_order":0,"comment_status":"closed","ping_status":"closed","template":"","meta":{"footnotes":""},"class_list":["post-180","page","type-page","status-publish","has-post-thumbnail","hentry","description-off"],"yoast_head":"<!-- This site is optimized with the Yoast SEO plugin v24.0 - https:\/\/yoast.com\/wordpress\/plugins\/seo\/ -->\n<title>Vid\u00e9os et produits \u00c9co-Forma aux nouvelles - Eco-Forma Inc.<\/title>\n<meta name=\"description\" content=\"\u00c9CO-FORMA Inc. est une soci\u00e9t\u00e9 priv\u00e9e qui estime que nous pouvons tous nous engager \u00e0 r\u00e9duire les dommages que nous faisons \u00e0 l\u2019environnement.\" \/>\n<meta name=\"robots\" content=\"index, follow, max-snippet:-1, max-image-preview:large, max-video-preview:-1\" \/>\n<link rel=\"canonical\" href=\"https:\/\/ecoforma.ca\/fr\/videos\/\" \/>\n<meta property=\"og:locale\" content=\"fr_FR\" \/>\n<meta property=\"og:type\" content=\"article\" \/>\n<meta property=\"og:title\" content=\"Vid\u00e9os et produits \u00c9co-Forma aux nouvelles - Eco-Forma Inc.\" \/>\n<meta property=\"og:description\" content=\"\u00c9CO-FORMA Inc. est une soci\u00e9t\u00e9 priv\u00e9e qui estime que nous pouvons tous nous engager \u00e0 r\u00e9duire les dommages que nous faisons \u00e0 l\u2019environnement.\" \/>\n<meta property=\"og:url\" content=\"https:\/\/ecoforma.ca\/fr\/videos\/\" \/>\n<meta property=\"og:site_name\" content=\"Eco-Forma Inc.\" \/>\n<meta property=\"article:publisher\" content=\"https:\/\/www.facebook.com\/ecoformainc\/\" \/>\n<meta property=\"article:modified_time\" content=\"2023-07-13T23:08:25+00:00\" \/>\n<meta property=\"og:image\" content=\"https:\/\/ecoforma.ca\/wp-content\/uploads\/eco-forma-featured-2.png\" \/>\n\t<meta property=\"og:image:width\" content=\"1200\" \/>\n\t<meta property=\"og:image:height\" content=\"630\" \/>\n\t<meta property=\"og:image:type\" content=\"image\/png\" \/>\n<meta name=\"twitter:card\" content=\"summary_large_image\" \/>\n<meta name=\"twitter:label1\" content=\"Dur\u00e9e de lecture estim\u00e9e\" \/>\n\t<meta name=\"twitter:data1\" content=\"1 minute\" \/>\n<script type=\"application\/ld+json\" class=\"yoast-schema-graph\">{\"@context\":\"https:\/\/schema.org\",\"@graph\":[{\"@type\":\"WebPage\",\"@id\":\"https:\/\/ecoforma.ca\/fr\/videos\/\",\"url\":\"https:\/\/ecoforma.ca\/fr\/videos\/\",\"name\":\"Vid\u00e9os et produits \u00c9co-Forma aux nouvelles - Eco-Forma Inc.\",\"isPartOf\":{\"@id\":\"https:\/\/ecoforma.ca\/#website\"},\"primaryImageOfPage\":{\"@id\":\"https:\/\/ecoforma.ca\/fr\/videos\/#primaryimage\"},\"image\":{\"@id\":\"https:\/\/ecoforma.ca\/fr\/videos\/#primaryimage\"},\"thumbnailUrl\":\"https:\/\/ecoforma.ca\/wp-content\/uploads\/eco-forma-featured-2.png\",\"datePublished\":\"2012-03-12T21:01:14+00:00\",\"dateModified\":\"2023-07-13T23:08:25+00:00\",\"description\":\"\u00c9CO-FORMA Inc. est une soci\u00e9t\u00e9 priv\u00e9e qui estime que nous pouvons tous nous engager \u00e0 r\u00e9duire les dommages que nous faisons \u00e0 l\u2019environnement.\",\"breadcrumb\":{\"@id\":\"https:\/\/ecoforma.ca\/fr\/videos\/#breadcrumb\"},\"inLanguage\":\"fr-FR\",\"potentialAction\":[{\"@type\":\"ReadAction\",\"target\":[\"https:\/\/ecoforma.ca\/fr\/videos\/\"]}]},{\"@type\":\"ImageObject\",\"inLanguage\":\"fr-FR\",\"@id\":\"https:\/\/ecoforma.ca\/fr\/videos\/#primaryimage\",\"url\":\"https:\/\/ecoforma.ca\/wp-content\/uploads\/eco-forma-featured-2.png\",\"contentUrl\":\"https:\/\/ecoforma.ca\/wp-content\/uploads\/eco-forma-featured-2.png\",\"width\":1200,\"height\":630},{\"@type\":\"BreadcrumbList\",\"@id\":\"https:\/\/ecoforma.ca\/fr\/videos\/#breadcrumb\",\"itemListElement\":[{\"@type\":\"ListItem\",\"position\":1,\"name\":\"Home\",\"item\":\"https:\/\/ecoforma.ca\/fr\/\"},{\"@type\":\"ListItem\",\"position\":2,\"name\":\"Vid\u00e9os\"}]},{\"@type\":\"WebSite\",\"@id\":\"https:\/\/ecoforma.ca\/#website\",\"url\":\"https:\/\/ecoforma.ca\/\",\"name\":\"Eco-Forma Inc.\",\"description\":\"Environmental Solutions\",\"publisher\":{\"@id\":\"https:\/\/ecoforma.ca\/#organization\"},\"potentialAction\":[{\"@type\":\"SearchAction\",\"target\":{\"@type\":\"EntryPoint\",\"urlTemplate\":\"https:\/\/ecoforma.ca\/?s={search_term_string}\"},\"query-input\":{\"@type\":\"PropertyValueSpecification\",\"valueRequired\":true,\"valueName\":\"search_term_string\"}}],\"inLanguage\":\"fr-FR\"},{\"@type\":\"Organization\",\"@id\":\"https:\/\/ecoforma.ca\/#organization\",\"name\":\"Eco-Forma Inc.\",\"url\":\"https:\/\/ecoforma.ca\/\",\"logo\":{\"@type\":\"ImageObject\",\"inLanguage\":\"fr-FR\",\"@id\":\"https:\/\/ecoforma.ca\/#\/schema\/logo\/image\/\",\"url\":\"https:\/\/ecoforma.ca\/wp-content\/uploads\/ecoforma-logo-mobile-ret-en.png\",\"contentUrl\":\"https:\/\/ecoforma.ca\/wp-content\/uploads\/ecoforma-logo-mobile-ret-en.png\",\"width\":370,\"height\":80,\"caption\":\"Eco-Forma Inc.\"},\"image\":{\"@id\":\"https:\/\/ecoforma.ca\/#\/schema\/logo\/image\/\"},\"sameAs\":[\"https:\/\/www.facebook.com\/ecoformainc\/\"]}]}<\/script>\n<!-- \/ Yoast SEO plugin. -->","yoast_head_json":{"title":"Vid\u00e9os et produits \u00c9co-Forma aux nouvelles - Eco-Forma Inc.","description":"\u00c9CO-FORMA Inc. est une soci\u00e9t\u00e9 priv\u00e9e qui estime que nous pouvons tous nous engager \u00e0 r\u00e9duire les dommages que nous faisons \u00e0 l\u2019environnement.","robots":{"index":"index","follow":"follow","max-snippet":"max-snippet:-1","max-image-preview":"max-image-preview:large","max-video-preview":"max-video-preview:-1"},"canonical":"https:\/\/ecoforma.ca\/fr\/videos\/","og_locale":"fr_FR","og_type":"article","og_title":"Vid\u00e9os et produits \u00c9co-Forma aux nouvelles - Eco-Forma Inc.","og_description":"\u00c9CO-FORMA Inc. est une soci\u00e9t\u00e9 priv\u00e9e qui estime que nous pouvons tous nous engager \u00e0 r\u00e9duire les dommages que nous faisons \u00e0 l\u2019environnement.","og_url":"https:\/\/ecoforma.ca\/fr\/videos\/","og_site_name":"Eco-Forma Inc.","article_publisher":"https:\/\/www.facebook.com\/ecoformainc\/","article_modified_time":"2023-07-13T23:08:25+00:00","og_image":[{"width":1200,"height":630,"url":"https:\/\/ecoforma.ca\/wp-content\/uploads\/eco-forma-featured-2.png","type":"image\/png"}],"twitter_card":"summary_large_image","twitter_misc":{"Dur\u00e9e de lecture estim\u00e9e":"1 minute"},"schema":{"@context":"https:\/\/schema.org","@graph":[{"@type":"WebPage","@id":"https:\/\/ecoforma.ca\/fr\/videos\/","url":"https:\/\/ecoforma.ca\/fr\/videos\/","name":"Vid\u00e9os et produits \u00c9co-Forma aux nouvelles - Eco-Forma Inc.","isPartOf":{"@id":"https:\/\/ecoforma.ca\/#website"},"primaryImageOfPage":{"@id":"https:\/\/ecoforma.ca\/fr\/videos\/#primaryimage"},"image":{"@id":"https:\/\/ecoforma.ca\/fr\/videos\/#primaryimage"},"thumbnailUrl":"https:\/\/ecoforma.ca\/wp-content\/uploads\/eco-forma-featured-2.png","datePublished":"2012-03-12T21:01:14+00:00","dateModified":"2023-07-13T23:08:25+00:00","description":"\u00c9CO-FORMA Inc. est une soci\u00e9t\u00e9 priv\u00e9e qui estime que nous pouvons tous nous engager \u00e0 r\u00e9duire les dommages que nous faisons \u00e0 l\u2019environnement.","breadcrumb":{"@id":"https:\/\/ecoforma.ca\/fr\/videos\/#breadcrumb"},"inLanguage":"fr-FR","potentialAction":[{"@type":"ReadAction","target":["https:\/\/ecoforma.ca\/fr\/videos\/"]}]},{"@type":"ImageObject","inLanguage":"fr-FR","@id":"https:\/\/ecoforma.ca\/fr\/videos\/#primaryimage","url":"https:\/\/ecoforma.ca\/wp-content\/uploads\/eco-forma-featured-2.png","contentUrl":"https:\/\/ecoforma.ca\/wp-content\/uploads\/eco-forma-featured-2.png","width":1200,"height":630},{"@type":"BreadcrumbList","@id":"https:\/\/ecoforma.ca\/fr\/videos\/#breadcrumb","itemListElement":[{"@type":"ListItem","position":1,"name":"Home","item":"https:\/\/ecoforma.ca\/fr\/"},{"@type":"ListItem","position":2,"name":"Vid\u00e9os"}]},{"@type":"WebSite","@id":"https:\/\/ecoforma.ca\/#website","url":"https:\/\/ecoforma.ca\/","name":"Eco-Forma Inc.","description":"Environmental Solutions","publisher":{"@id":"https:\/\/ecoforma.ca\/#organization"},"potentialAction":[{"@type":"SearchAction","target":{"@type":"EntryPoint","urlTemplate":"https:\/\/ecoforma.ca\/?s={search_term_string}"},"query-input":{"@type":"PropertyValueSpecification","valueRequired":true,"valueName":"search_term_string"}}],"inLanguage":"fr-FR"},{"@type":"Organization","@id":"https:\/\/ecoforma.ca\/#organization","name":"Eco-Forma Inc.","url":"https:\/\/ecoforma.ca\/","logo":{"@type":"ImageObject","inLanguage":"fr-FR","@id":"https:\/\/ecoforma.ca\/#\/schema\/logo\/image\/","url":"https:\/\/ecoforma.ca\/wp-content\/uploads\/ecoforma-logo-mobile-ret-en.png","contentUrl":"https:\/\/ecoforma.ca\/wp-content\/uploads\/ecoforma-logo-mobile-ret-en.png","width":370,"height":80,"caption":"Eco-Forma Inc."},"image":{"@id":"https:\/\/ecoforma.ca\/#\/schema\/logo\/image\/"},"sameAs":["https:\/\/www.facebook.com\/ecoformainc\/"]}]}},"_links":{"self":[{"href":"https:\/\/ecoforma.ca\/fr\/wp-json\/wp\/v2\/pages\/180","targetHints":{"allow":["GET"]}}],"collection":[{"href":"https:\/\/ecoforma.ca\/fr\/wp-json\/wp\/v2\/pages"}],"about":[{"href":"https:\/\/ecoforma.ca\/fr\/wp-json\/wp\/v2\/types\/page"}],"author":[{"embeddable":true,"href":"https:\/\/ecoforma.ca\/fr\/wp-json\/wp\/v2\/users\/3"}],"replies":[{"embeddable":true,"href":"https:\/\/ecoforma.ca\/fr\/wp-json\/wp\/v2\/comments?post=180"}],"version-history":[{"count":30,"href":"https:\/\/ecoforma.ca\/fr\/wp-json\/wp\/v2\/pages\/180\/revisions"}],"predecessor-version":[{"id":2528,"href":"https:\/\/ecoforma.ca\/fr\/wp-json\/wp\/v2\/pages\/180\/revisions\/2528"}],"wp:featuredmedia":[{"embeddable":true,"href":"https:\/\/ecoforma.ca\/fr\/wp-json\/wp\/v2\/media\/2007"}],"wp:attachment":[{"href":"https:\/\/ecoforma.ca\/fr\/wp-json\/wp\/v2\/media?parent=180"}],"curies":[{"name":"wp","href":"https:\/\/api.w.org\/{rel}","templated":true}]}}