{"id":1800,"date":"2018-05-16T14:55:07","date_gmt":"2018-05-16T19:55:07","guid":{"rendered":"https:\/\/ecoforma.ca\/?page_id=1800"},"modified":"2023-07-06T18:31:12","modified_gmt":"2023-07-06T23:31:12","slug":"vin100-herbicide","status":"publish","type":"page","link":"https:\/\/ecoforma.ca\/fr\/vin100-herbicide\/","title":{"rendered":"VIN100 &#8211; HERBICIDE PR\u00caT A L&rsquo;EMPLOI"},"content":{"rendered":"<div class=\"wpb-content-wrapper\"><p>[vc_row][vc_column width=\u00a0\u00bb2\/3&Prime;][vc_column_text]<img loading=\"lazy\" decoding=\"async\" class=\"alignnone size-full wp-image-1802\" src=\"https:\/\/ecoforma.ca\/wp-content\/uploads\/Eco-Forma-VIN100-herbicide.jpg\" alt=\"Eco-Forma VIN100 - Herbicide\" width=\"600\" height=\"201\" srcset=\"https:\/\/ecoforma.ca\/wp-content\/uploads\/Eco-Forma-VIN100-herbicide.jpg 600w, https:\/\/ecoforma.ca\/wp-content\/uploads\/Eco-Forma-VIN100-herbicide-300x101.jpg 300w\" sizes=\"auto, (max-width: 600px) 100vw, 600px\" \/><\/p>\n<h1 style=\"color: #134722;\"><strong>HERBICIDE PR\u00caT A L&rsquo;EMPLOI<\/strong><\/h1>\n<p>[\/vc_column_text][vc_column_text]<\/p>\n<ul style=\"font-size: 18px;\">\n<li>Herbicide non s\u00e9lectif<\/li>\n<li>Utilis\u00e9 pour la suppression individuelle des mauvaises herbes<\/li>\n<li>Id\u00e9al pour \u00e9liminer les mauvaises herbes dans le gazon, les jardins, et pour le contr\u00f4le de la v\u00e9g\u00e9tation dans les fissures des trottoirs, le pav\u00e9 uni et le long des b\u00e2timents.<\/li>\n<\/ul>\n<p>[\/vc_column_text][vc_column_text]<img loading=\"lazy\" decoding=\"async\" class=\"alignnone size-full wp-image-1807\" src=\"https:\/\/ecoforma.ca\/wp-content\/uploads\/vin100-bar-icones.jpg\" alt=\"VIN100\" width=\"600\" height=\"167\" srcset=\"https:\/\/ecoforma.ca\/wp-content\/uploads\/vin100-bar-icones.jpg 800w, https:\/\/ecoforma.ca\/wp-content\/uploads\/vin100-bar-icones-300x84.jpg 300w, https:\/\/ecoforma.ca\/wp-content\/uploads\/vin100-bar-icones-768x214.jpg 768w, https:\/\/ecoforma.ca\/wp-content\/uploads\/vin100-bar-icones-600x167.jpg 600w\" sizes=\"auto, (max-width: 600px) 100vw, 600px\" \/>[\/vc_column_text][vc_btn title=\u00a0\u00bbT\u00c9L\u00c9CHARGER BROCHURE IMPRIMABLE\u00a0\u00bb style=\u00a0\u00bbcustom\u00a0\u00bb custom_background=\u00a0\u00bb#63b243&Prime; custom_text=\u00a0\u00bb#ffffff\u00a0\u00bb i_icon_fontawesome=\u00a0\u00bbfas fa-file-pdf\u00a0\u00bb add_icon=\u00a0\u00bbtrue\u00a0\u00bb link=\u00a0\u00bb||target:%20_blank|\u00a0\u00bb][\/vc_column][vc_column width=\u00a0\u00bb1\/3&Prime;][vc_column_text]<img loading=\"lazy\" decoding=\"async\" class=\"alignnone size-full wp-image-1804\" src=\"https:\/\/ecoforma.ca\/wp-content\/uploads\/efficacite-accrue-soleil.jpg\" alt=\"EFFICACIT\u00c9 ACCRUE LORS DE JOURN\u00c9E CHAUDE ET ENSOLEILL\u00c9\" width=\"403\" height=\"400\" srcset=\"https:\/\/ecoforma.ca\/wp-content\/uploads\/efficacite-accrue-soleil.jpg 403w, https:\/\/ecoforma.ca\/wp-content\/uploads\/efficacite-accrue-soleil-150x150.jpg 150w, https:\/\/ecoforma.ca\/wp-content\/uploads\/efficacite-accrue-soleil-300x298.jpg 300w, https:\/\/ecoforma.ca\/wp-content\/uploads\/efficacite-accrue-soleil-100x100.jpg 100w\" sizes=\"auto, (max-width: 403px) 100vw, 403px\" \/>[\/vc_column_text][\/vc_column][\/vc_row]<\/p>\n<\/div>","protected":false},"excerpt":{"rendered":"<p>[vc_row][vc_column width=\u00a0\u00bb2\/3&Prime;][vc_column_text] HERBICIDE PR\u00caT A L&rsquo;EMPLOI [\/vc_column_text][vc_column_text] Herbicide non s\u00e9lectif Utilis\u00e9 pour la suppression individuelle des mauvaises herbes Id\u00e9al pour \u00e9liminer les mauvaises herbes dans le gazon, les jardins, et pour le contr\u00f4le de la v\u00e9g\u00e9tation dans les fissures des trottoirs, le pav\u00e9 uni et le long des b\u00e2timents. [\/vc_column_text][vc_column_text][\/vc_column_text][vc_btn title=\u00a0\u00bbT\u00c9L\u00c9CHARGER BROCHURE IMPRIMABLE\u00a0\u00bb style=\u00a0\u00bbcustom\u00a0\u00bb custom_background=\u00a0\u00bb#63b243&Prime;&hellip;<\/p>\n","protected":false},"author":2,"featured_media":0,"parent":0,"menu_order":0,"comment_status":"closed","ping_status":"closed","template":"","meta":{"footnotes":""},"class_list":["post-1800","page","type-page","status-publish","hentry","description-off"],"yoast_head":"<!-- This site is optimized with the Yoast SEO plugin v24.0 - https:\/\/yoast.com\/wordpress\/plugins\/seo\/ -->\n<title>VIN100 - HERBICIDE PR\u00caT A L&#039;EMPLOI - Eco-Forma Inc.<\/title>\n<meta name=\"description\" content=\"Herbicide non s\u00e9lectif utilis\u00e9 pour la suppression individuelle des mauvaises herbes, id\u00e9al pour \u00e9liminer les mauvaises herbes dans le gazon, les jardins, et pour le contr\u00f4le de la v\u00e9g\u00e9tation dans les fissures des trottoirs, le pav\u00e9 uni et le long des b\u00e2timents.\" \/>\n<meta name=\"robots\" content=\"index, follow, max-snippet:-1, max-image-preview:large, max-video-preview:-1\" \/>\n<link rel=\"canonical\" href=\"https:\/\/ecoforma.ca\/fr\/vin100-herbicide\/\" \/>\n<meta property=\"og:locale\" content=\"fr_FR\" \/>\n<meta property=\"og:type\" content=\"article\" \/>\n<meta property=\"og:title\" content=\"VIN100 - HERBICIDE PR\u00caT A L&#039;EMPLOI - Eco-Forma Inc.\" \/>\n<meta property=\"og:description\" content=\"Herbicide non s\u00e9lectif utilis\u00e9 pour la suppression individuelle des mauvaises herbes, id\u00e9al pour \u00e9liminer les mauvaises herbes dans le gazon, les jardins, et pour le contr\u00f4le de la v\u00e9g\u00e9tation dans les fissures des trottoirs, le pav\u00e9 uni et le long des b\u00e2timents.\" \/>\n<meta property=\"og:url\" content=\"https:\/\/ecoforma.ca\/fr\/vin100-herbicide\/\" \/>\n<meta property=\"og:site_name\" content=\"Eco-Forma Inc.\" \/>\n<meta property=\"article:publisher\" content=\"https:\/\/www.facebook.com\/ecoformainc\/\" \/>\n<meta property=\"article:modified_time\" content=\"2023-07-06T23:31:12+00:00\" \/>\n<meta property=\"og:image\" content=\"https:\/\/ecoforma.ca\/wp-content\/uploads\/Eco-Forma-VIN100-herbicide.jpg\" \/>\n<meta name=\"twitter:card\" content=\"summary_large_image\" \/>\n<meta name=\"twitter:label1\" content=\"Dur\u00e9e de lecture estim\u00e9e\" \/>\n\t<meta name=\"twitter:data1\" content=\"1 minute\" \/>\n<script type=\"application\/ld+json\" class=\"yoast-schema-graph\">{\"@context\":\"https:\/\/schema.org\",\"@graph\":[{\"@type\":\"WebPage\",\"@id\":\"https:\/\/ecoforma.ca\/fr\/vin100-herbicide\/\",\"url\":\"https:\/\/ecoforma.ca\/fr\/vin100-herbicide\/\",\"name\":\"VIN100 - HERBICIDE PR\u00caT A L'EMPLOI - Eco-Forma Inc.\",\"isPartOf\":{\"@id\":\"https:\/\/ecoforma.ca\/#website\"},\"primaryImageOfPage\":{\"@id\":\"https:\/\/ecoforma.ca\/fr\/vin100-herbicide\/#primaryimage\"},\"image\":{\"@id\":\"https:\/\/ecoforma.ca\/fr\/vin100-herbicide\/#primaryimage\"},\"thumbnailUrl\":\"https:\/\/ecoforma.ca\/wp-content\/uploads\/Eco-Forma-VIN100-herbicide.jpg\",\"datePublished\":\"2018-05-16T19:55:07+00:00\",\"dateModified\":\"2023-07-06T23:31:12+00:00\",\"description\":\"Herbicide non s\u00e9lectif utilis\u00e9 pour la suppression individuelle des mauvaises herbes, id\u00e9al pour \u00e9liminer les mauvaises herbes dans le gazon, les jardins, et pour le contr\u00f4le de la v\u00e9g\u00e9tation dans les fissures des trottoirs, le pav\u00e9 uni et le long des b\u00e2timents.\",\"breadcrumb\":{\"@id\":\"https:\/\/ecoforma.ca\/fr\/vin100-herbicide\/#breadcrumb\"},\"inLanguage\":\"fr-FR\",\"potentialAction\":[{\"@type\":\"ReadAction\",\"target\":[\"https:\/\/ecoforma.ca\/fr\/vin100-herbicide\/\"]}]},{\"@type\":\"ImageObject\",\"inLanguage\":\"fr-FR\",\"@id\":\"https:\/\/ecoforma.ca\/fr\/vin100-herbicide\/#primaryimage\",\"url\":\"https:\/\/ecoforma.ca\/wp-content\/uploads\/Eco-Forma-VIN100-herbicide.jpg\",\"contentUrl\":\"https:\/\/ecoforma.ca\/wp-content\/uploads\/Eco-Forma-VIN100-herbicide.jpg\"},{\"@type\":\"BreadcrumbList\",\"@id\":\"https:\/\/ecoforma.ca\/fr\/vin100-herbicide\/#breadcrumb\",\"itemListElement\":[{\"@type\":\"ListItem\",\"position\":1,\"name\":\"Home\",\"item\":\"https:\/\/ecoforma.ca\/fr\/\"},{\"@type\":\"ListItem\",\"position\":2,\"name\":\"VIN100 &#8211; HERBICIDE PR\u00caT A L&#8217;EMPLOI\"}]},{\"@type\":\"WebSite\",\"@id\":\"https:\/\/ecoforma.ca\/#website\",\"url\":\"https:\/\/ecoforma.ca\/\",\"name\":\"Eco-Forma Inc.\",\"description\":\"Environmental Solutions\",\"publisher\":{\"@id\":\"https:\/\/ecoforma.ca\/#organization\"},\"potentialAction\":[{\"@type\":\"SearchAction\",\"target\":{\"@type\":\"EntryPoint\",\"urlTemplate\":\"https:\/\/ecoforma.ca\/?s={search_term_string}\"},\"query-input\":{\"@type\":\"PropertyValueSpecification\",\"valueRequired\":true,\"valueName\":\"search_term_string\"}}],\"inLanguage\":\"fr-FR\"},{\"@type\":\"Organization\",\"@id\":\"https:\/\/ecoforma.ca\/#organization\",\"name\":\"Eco-Forma Inc.\",\"url\":\"https:\/\/ecoforma.ca\/\",\"logo\":{\"@type\":\"ImageObject\",\"inLanguage\":\"fr-FR\",\"@id\":\"https:\/\/ecoforma.ca\/#\/schema\/logo\/image\/\",\"url\":\"https:\/\/ecoforma.ca\/wp-content\/uploads\/ecoforma-logo-mobile-ret-en.png\",\"contentUrl\":\"https:\/\/ecoforma.ca\/wp-content\/uploads\/ecoforma-logo-mobile-ret-en.png\",\"width\":370,\"height\":80,\"caption\":\"Eco-Forma Inc.\"},\"image\":{\"@id\":\"https:\/\/ecoforma.ca\/#\/schema\/logo\/image\/\"},\"sameAs\":[\"https:\/\/www.facebook.com\/ecoformainc\/\"]}]}<\/script>\n<!-- \/ Yoast SEO plugin. -->","yoast_head_json":{"title":"VIN100 - HERBICIDE PR\u00caT A L'EMPLOI - Eco-Forma Inc.","description":"Herbicide non s\u00e9lectif utilis\u00e9 pour la suppression individuelle des mauvaises herbes, id\u00e9al pour \u00e9liminer les mauvaises herbes dans le gazon, les jardins, et pour le contr\u00f4le de la v\u00e9g\u00e9tation dans les fissures des trottoirs, le pav\u00e9 uni et le long des b\u00e2timents.","robots":{"index":"index","follow":"follow","max-snippet":"max-snippet:-1","max-image-preview":"max-image-preview:large","max-video-preview":"max-video-preview:-1"},"canonical":"https:\/\/ecoforma.ca\/fr\/vin100-herbicide\/","og_locale":"fr_FR","og_type":"article","og_title":"VIN100 - HERBICIDE PR\u00caT A L'EMPLOI - Eco-Forma Inc.","og_description":"Herbicide non s\u00e9lectif utilis\u00e9 pour la suppression individuelle des mauvaises herbes, id\u00e9al pour \u00e9liminer les mauvaises herbes dans le gazon, les jardins, et pour le contr\u00f4le de la v\u00e9g\u00e9tation dans les fissures des trottoirs, le pav\u00e9 uni et le long des b\u00e2timents.","og_url":"https:\/\/ecoforma.ca\/fr\/vin100-herbicide\/","og_site_name":"Eco-Forma Inc.","article_publisher":"https:\/\/www.facebook.com\/ecoformainc\/","article_modified_time":"2023-07-06T23:31:12+00:00","og_image":[{"url":"https:\/\/ecoforma.ca\/wp-content\/uploads\/Eco-Forma-VIN100-herbicide.jpg","type":"","width":"","height":""}],"twitter_card":"summary_large_image","twitter_misc":{"Dur\u00e9e de lecture estim\u00e9e":"1 minute"},"schema":{"@context":"https:\/\/schema.org","@graph":[{"@type":"WebPage","@id":"https:\/\/ecoforma.ca\/fr\/vin100-herbicide\/","url":"https:\/\/ecoforma.ca\/fr\/vin100-herbicide\/","name":"VIN100 - HERBICIDE PR\u00caT A L'EMPLOI - Eco-Forma Inc.","isPartOf":{"@id":"https:\/\/ecoforma.ca\/#website"},"primaryImageOfPage":{"@id":"https:\/\/ecoforma.ca\/fr\/vin100-herbicide\/#primaryimage"},"image":{"@id":"https:\/\/ecoforma.ca\/fr\/vin100-herbicide\/#primaryimage"},"thumbnailUrl":"https:\/\/ecoforma.ca\/wp-content\/uploads\/Eco-Forma-VIN100-herbicide.jpg","datePublished":"2018-05-16T19:55:07+00:00","dateModified":"2023-07-06T23:31:12+00:00","description":"Herbicide non s\u00e9lectif utilis\u00e9 pour la suppression individuelle des mauvaises herbes, id\u00e9al pour \u00e9liminer les mauvaises herbes dans le gazon, les jardins, et pour le contr\u00f4le de la v\u00e9g\u00e9tation dans les fissures des trottoirs, le pav\u00e9 uni et le long des b\u00e2timents.","breadcrumb":{"@id":"https:\/\/ecoforma.ca\/fr\/vin100-herbicide\/#breadcrumb"},"inLanguage":"fr-FR","potentialAction":[{"@type":"ReadAction","target":["https:\/\/ecoforma.ca\/fr\/vin100-herbicide\/"]}]},{"@type":"ImageObject","inLanguage":"fr-FR","@id":"https:\/\/ecoforma.ca\/fr\/vin100-herbicide\/#primaryimage","url":"https:\/\/ecoforma.ca\/wp-content\/uploads\/Eco-Forma-VIN100-herbicide.jpg","contentUrl":"https:\/\/ecoforma.ca\/wp-content\/uploads\/Eco-Forma-VIN100-herbicide.jpg"},{"@type":"BreadcrumbList","@id":"https:\/\/ecoforma.ca\/fr\/vin100-herbicide\/#breadcrumb","itemListElement":[{"@type":"ListItem","position":1,"name":"Home","item":"https:\/\/ecoforma.ca\/fr\/"},{"@type":"ListItem","position":2,"name":"VIN100 &#8211; HERBICIDE PR\u00caT A L&#8217;EMPLOI"}]},{"@type":"WebSite","@id":"https:\/\/ecoforma.ca\/#website","url":"https:\/\/ecoforma.ca\/","name":"Eco-Forma Inc.","description":"Environmental Solutions","publisher":{"@id":"https:\/\/ecoforma.ca\/#organization"},"potentialAction":[{"@type":"SearchAction","target":{"@type":"EntryPoint","urlTemplate":"https:\/\/ecoforma.ca\/?s={search_term_string}"},"query-input":{"@type":"PropertyValueSpecification","valueRequired":true,"valueName":"search_term_string"}}],"inLanguage":"fr-FR"},{"@type":"Organization","@id":"https:\/\/ecoforma.ca\/#organization","name":"Eco-Forma Inc.","url":"https:\/\/ecoforma.ca\/","logo":{"@type":"ImageObject","inLanguage":"fr-FR","@id":"https:\/\/ecoforma.ca\/#\/schema\/logo\/image\/","url":"https:\/\/ecoforma.ca\/wp-content\/uploads\/ecoforma-logo-mobile-ret-en.png","contentUrl":"https:\/\/ecoforma.ca\/wp-content\/uploads\/ecoforma-logo-mobile-ret-en.png","width":370,"height":80,"caption":"Eco-Forma Inc."},"image":{"@id":"https:\/\/ecoforma.ca\/#\/schema\/logo\/image\/"},"sameAs":["https:\/\/www.facebook.com\/ecoformainc\/"]}]}},"_links":{"self":[{"href":"https:\/\/ecoforma.ca\/fr\/wp-json\/wp\/v2\/pages\/1800","targetHints":{"allow":["GET"]}}],"collection":[{"href":"https:\/\/ecoforma.ca\/fr\/wp-json\/wp\/v2\/pages"}],"about":[{"href":"https:\/\/ecoforma.ca\/fr\/wp-json\/wp\/v2\/types\/page"}],"author":[{"embeddable":true,"href":"https:\/\/ecoforma.ca\/fr\/wp-json\/wp\/v2\/users\/2"}],"replies":[{"embeddable":true,"href":"https:\/\/ecoforma.ca\/fr\/wp-json\/wp\/v2\/comments?post=1800"}],"version-history":[{"count":10,"href":"https:\/\/ecoforma.ca\/fr\/wp-json\/wp\/v2\/pages\/1800\/revisions"}],"predecessor-version":[{"id":2433,"href":"https:\/\/ecoforma.ca\/fr\/wp-json\/wp\/v2\/pages\/1800\/revisions\/2433"}],"wp:attachment":[{"href":"https:\/\/ecoforma.ca\/fr\/wp-json\/wp\/v2\/media?parent=1800"}],"curies":[{"name":"wp","href":"https:\/\/api.w.org\/{rel}","templated":true}]}}