{"id":236,"date":"2012-03-15T14:23:14","date_gmt":"2012-03-15T19:23:14","guid":{"rendered":"https:\/\/ecoforma.ca\/?page_id=236"},"modified":"2019-09-26T08:37:58","modified_gmt":"2019-09-26T13:37:58","slug":"fusion-antigivrage","status":"publish","type":"page","link":"https:\/\/ecoforma.ca\/fr\/fusion-antigivrage\/","title":{"rendered":"FUSION &#8211; ANTIGIVRAGE"},"content":{"rendered":"<div class=\"wpb-content-wrapper\"><p>[vc_row][vc_column][vc_column_text]<img loading=\"lazy\" decoding=\"async\" class=\"alignnone size-full wp-image-1959\" src=\"https:\/\/ecoforma.ca\/wp-content\/uploads\/propulse-par-fusion-logo.jpg\" alt=\"Fusion\" width=\"400\" height=\"148\" srcset=\"https:\/\/ecoforma.ca\/wp-content\/uploads\/propulse-par-fusion-logo.jpg 400w, https:\/\/ecoforma.ca\/wp-content\/uploads\/propulse-par-fusion-logo-300x111.jpg 300w\" sizes=\"auto, (max-width: 400px) 100vw, 400px\" \/><\/p>\n<h3>Fusion, notre gamme de d\u00e9gla\u00e7ants et liquides antigivrants, offre un niveau de s\u00e9curit\u00e9 accru avec un taux de corrosion nettement moins \u00e9lev\u00e9.<\/h3>\n<p><a href=\"https:\/\/ecoforma.ca\/wp-content\/uploads\/FUSION-D\u00e9pliant.pdf\" target=\"_blank\" rel=\"noopener noreferrer\">Fusion<\/a> est un extrait de betterave \u00e0 sucre d\u00e9grad\u00e9 chimiquement en instance de brevets aux \u00c9.-U. et au Canada. Ce processus augmente la force ionique de la solution, am\u00e9liorant de fa\u00e7on importante sa capacit\u00e9 de fonte. FUSION est efficace jusqu\u2019\u00e0 -30 <sup>0<\/sup>C et r\u00e9duit l&rsquo;impact sur l&rsquo;environnement et aux infrastructures (sans ajout de magn\u00e9sium ou calcium). L&rsquo;application de FUSION en antigivrage <strong>r\u00e9duit le<\/strong><strong>s co\u00fbts de main d&rsquo;oeuvre et les co\u00fbts de mat\u00e9riaux<\/strong>.[\/vc_column_text][vc_video link=\u00a0\u00bbhttps:\/\/youtu.be\/1sFFwTVVA4g\u00a0\u00bb][vc_column_text]M\u00eame durant les hivers froids que l&rsquo;on connait au Canada, nos produits <strong>r\u00e9duisent l&rsquo;impact sur l&rsquo;environnement<\/strong> tout en maintenant les niveaux de service d\u00e9sir\u00e9s. Le liquide est appliqu\u00e9 directement sur la chauss\u00e9 jusqu&rsquo;\u00e0 cinq jours avant un \u00e9v\u00e9nement de neige ou de glace. L&rsquo;Antigivrage est une approche proactive qui emp\u00eache la formation de glace \u00e0 la surface. Ceci r\u00e9duit les accidents et nous permet d&rsquo;enlever la neige et la glace compl\u00e8tement avec chaque \u00e9pandage. Les liquides collent \u00e0 la surface de la route tandis que les granules de sel sont dispers\u00e9s et se retrouvent dans notre environnement. Chaque application de Fusion2350 correspond \u00e0 une r\u00e9duction de 85% de chlorures et moins d&rsquo;applications sont n\u00e9cessaires.<\/p>\n<h3>R\u00e9duit les co\u00fbts de main-d\u2019oeuvre et les co\u00fbts de mat\u00e9riaux<\/h3>\n<p><img loading=\"lazy\" decoding=\"async\" class=\"alignright size-medium wp-image-198\" title=\"antigivrage\" src=\"https:\/\/ecoforma.ca\/wp-content\/uploads\/2012\/03\/de-icing-300x135.jpg\" alt=\"antigivrage\" width=\"300\" height=\"135\" srcset=\"https:\/\/ecoforma.ca\/wp-content\/uploads\/2012\/03\/de-icing-300x135.jpg 300w, https:\/\/ecoforma.ca\/wp-content\/uploads\/2012\/03\/de-icing.jpg 556w\" sizes=\"auto, (max-width: 300px) 100vw, 300px\" \/>Les villes et comt\u00e9s Am\u00e9ricains qui se servent du produit ont signal\u00e9 que chaque tonne de liquide antigivrant utilis\u00e9e avant la temp\u00eate, \u00e9quivaut \u00e0 quatre tonnes de produit utilis\u00e9 apr\u00e8s l&rsquo;\u00e9v\u00e9nement. En emp\u00eachant que la glace colle aux surfaces de b\u00e9ton, la neige est beaucoup plus facile \u00e0 enlever et les routes sont plus s\u00e9curitaires. De plus l&rsquo;utilisation du liquide antigivrant Fusion donne un avantage r\u00e9siduel qui ne peut \u00eatre atteint en utilisant des mat\u00e9riaux secs. Appliqu\u00e9 en avance d&rsquo;un \u00e9v\u00e9nement hivernal, Fusion reste efficace comme antigivrage pour plusieurs jours sans les d\u00e9g\u00e2ts des mati\u00e8res s\u00e8ches. Lorsque l&rsquo;\u00e9v\u00e9nement de neige ou de verglas arrive, Fusion sera exactement o\u00f9 vous en avez besoin plut\u00f4t que dispers\u00e9 \u00e0 l&rsquo;ext\u00e9rieure de la chauss\u00e9 comme tel est le cas des fondants granulaires.[\/vc_column_text][\/vc_column][\/vc_row][vc_row full_width=\u00a0\u00bbstretch_row\u00a0\u00bb css=\u00a0\u00bb.vc_custom_1569500924497{background-color: #dff9d4 !important;}\u00a0\u00bb][vc_column][vc_column_text]<\/p>\n<h3><strong>Cr\u00e9dits LEED<\/strong><\/h3>\n<p>Nos clients re\u00e7oivent des cr\u00e9dits LEED lorsqu&rsquo;ils utilisent nos liquides antigivrants. Contactez-nous pour plus d&rsquo;information.<\/p>\n<h3><strong>R\u00e9duire l&rsquo;Impact sur l&rsquo;Environnement<\/strong><\/h3>\n<p>Nous sommes enfin en mesure de r\u00e9duire les dommages \u00e0 notre environnement, tout en maintenant les niveaux de service d\u00e9sir\u00e9s sur nos routes, nos trottoirs et nos stationnements &#8211; et ceci jusqu&rsquo;\u00e0 des temp\u00e9ratures de -30 <sup>0<\/sup>C![\/vc_column_text][\/vc_column][\/vc_row][vc_row full_width=\u00a0\u00bbstretch_row\u00a0\u00bb css=\u00a0\u00bb.vc_custom_1569501185582{margin-top: -30px !important;padding-top: -50px !important;background-color: #dff9d4 !important;}\u00a0\u00bb][vc_column width=\u00a0\u00bb1\/3&Prime;][vc_column_text]<\/p>\n<h4><strong>FUSION CONTIENT MOINS DE SEL<\/strong><\/h4>\n<p>Une application de <a href=\"https:\/\/ecoforma.ca\/wp-content\/uploads\/FUSION-D\u00e9pliant.pdf\" target=\"_blank\" rel=\"noopener noreferrer\">Fusion<\/a> liquide contient 85 % moins de sel compar\u00e9 \u00e0 une application de produits granulaires. Il reste plus longtemps sur la surface et il est plus efficace, ce qui r\u00e9duit la fr\u00e9quence de r\u00e9-application. 65 L de Fusion2350 est suffisant pour couvrir un kilom\u00e8tre-voie de route. Cela repr\u00e9sente seulement 10 kg de sel compar\u00e9 avec 80 \u00e0 120 kg de sel requis pour une application de sel granulaire. Chaque application de Fusion peut r\u00e9duire les chlorures jusqu&rsquo;\u00e0 85 %, et moins d&rsquo;applications sont n\u00e9cessaires.[\/vc_column_text][\/vc_column][vc_column width=\u00a0\u00bb1\/3&Prime;][vc_column_text]<\/p>\n<h4><strong>MOINS D&rsquo;APPLICATIONS REQUISES<\/strong><\/h4>\n<p>En adh\u00e9rant \u00e0 nos routes et nos trottoirs, nos liquides antigivrages r\u00e9duisent, de fa\u00e7on importante, la quantit\u00e9 de sel qui est dispers\u00e9 dans l&rsquo;environnement. Le Fusion2350 (liquide) est \u00e9pandu directement sur la surface jusque 5 jours avant un \u00e9v\u00e9nement de neige ou de glace. L&rsquo;Antigivrage est une approche proactive emp\u00eachant la formation de glace coll\u00e9e \u00e0 la surface. Cela r\u00e9duit les accidents et nous permet d&rsquo;enlever compl\u00e8tement la neige chaque fois que le d\u00e9neigeur passe. Les liquides collent mieux \u00e0 la surface de la route que le sel granulaire, ce qui r\u00e9duit encore plus le gaspillage de mat\u00e9riaux qui se retrouvent dans notre environnement.[\/vc_column_text][\/vc_column][vc_column width=\u00a0\u00bb1\/3&Prime;][vc_column_text]<\/p>\n<h4><strong>B\u00c9N\u00c9FICES ET AVANTAGES<\/strong><\/h4>\n<ul>\n<li>S\u00e9curit\u00e9 accrue<\/li>\n<li>100% biologique et biod\u00e9gradable<\/li>\n<li>Efficace jusqu\u2019\u00e0 -30 <sup>0<\/sup>C<\/li>\n<li>Aucun chlorure de magn\u00e9sium, ni chlorure de calcium<\/li>\n<li>R\u00e9duction d&rsquo;applications requis<\/li>\n<li>R\u00e9duction de 85 % de chlorures par application<\/li>\n<li>Recevez des cr\u00e9dits LEED<\/li>\n<li>Protection prolong\u00e9e contre le regel<\/li>\n<li>Moins corrosif que les autres d\u00e9gla\u00e7ants sur le march\u00e9<\/li>\n<li>Impact environnemental nettement r\u00e9duit<\/li>\n<li>Meilleur effet r\u00e9siduel (reste 5 \u00e0 7 jours sur la surface)<\/li>\n<\/ul>\n<p>[\/vc_column_text][\/vc_column][\/vc_row]<\/p>\n<\/div>","protected":false},"excerpt":{"rendered":"<p>[vc_row][vc_column][vc_column_text] Fusion, notre gamme de d\u00e9gla\u00e7ants et liquides antigivrants, offre un niveau de s\u00e9curit\u00e9 accru avec un taux de corrosion nettement moins \u00e9lev\u00e9. Fusion est un extrait de betterave \u00e0 sucre d\u00e9grad\u00e9 chimiquement en instance de brevets aux \u00c9.-U. et au Canada. Ce processus augmente la force ionique de la solution, am\u00e9liorant de fa\u00e7on importante&hellip;<\/p>\n","protected":false},"author":3,"featured_media":1991,"parent":0,"menu_order":0,"comment_status":"closed","ping_status":"closed","template":"","meta":{"footnotes":""},"class_list":["post-236","page","type-page","status-publish","has-post-thumbnail","hentry","description-off"],"yoast_head":"<!-- This site is optimized with the Yoast SEO plugin v24.0 - https:\/\/yoast.com\/wordpress\/plugins\/seo\/ -->\n<title>Produits antigivrage Fusion - S\u00e9curit\u00e9 routi\u00e8re - Eco-Forma Inc.<\/title>\n<meta name=\"description\" content=\"L&#039;antigivrage avec liquide FUSION emp\u00eache la formation de glace sur les surfaces. Il est appliqu\u00e9 sur une surface seche avant la neige ou le verglas.\" \/>\n<meta name=\"robots\" content=\"index, follow, max-snippet:-1, max-image-preview:large, max-video-preview:-1\" \/>\n<link rel=\"canonical\" href=\"https:\/\/ecoforma.ca\/fusion-antigivrage\/\" \/>\n<meta property=\"og:locale\" content=\"fr_FR\" \/>\n<meta property=\"og:type\" content=\"article\" \/>\n<meta property=\"og:title\" content=\"Produits antigivrage Fusion - S\u00e9curit\u00e9 routi\u00e8re - Eco-Forma Inc.\" \/>\n<meta property=\"og:description\" content=\"L&#039;antigivrage avec liquide FUSION emp\u00eache la formation de glace sur les surfaces. Il est appliqu\u00e9 sur une surface seche avant la neige ou le verglas.\" \/>\n<meta property=\"og:url\" content=\"https:\/\/ecoforma.ca\/fusion-antigivrage\/\" \/>\n<meta property=\"og:site_name\" content=\"Eco-Forma Inc.\" \/>\n<meta property=\"article:publisher\" content=\"https:\/\/www.facebook.com\/ecoformainc\/\" \/>\n<meta property=\"article:modified_time\" content=\"2019-09-26T13:37:58+00:00\" \/>\n<meta property=\"og:image\" content=\"https:\/\/ecoforma.ca\/wp-content\/uploads\/propulse-par-fusion-featured.png\" \/>\n\t<meta property=\"og:image:width\" content=\"1200\" \/>\n\t<meta property=\"og:image:height\" content=\"630\" \/>\n\t<meta property=\"og:image:type\" content=\"image\/png\" \/>\n<meta name=\"twitter:card\" content=\"summary_large_image\" \/>\n<meta name=\"twitter:label1\" content=\"Dur\u00e9e de lecture estim\u00e9e\" \/>\n\t<meta name=\"twitter:data1\" content=\"4 minutes\" \/>\n<script type=\"application\/ld+json\" class=\"yoast-schema-graph\">{\"@context\":\"https:\/\/schema.org\",\"@graph\":[{\"@type\":\"WebPage\",\"@id\":\"https:\/\/ecoforma.ca\/fusion-antigivrage\/\",\"url\":\"https:\/\/ecoforma.ca\/fusion-antigivrage\/\",\"name\":\"Produits antigivrage Fusion - S\u00e9curit\u00e9 routi\u00e8re - Eco-Forma Inc.\",\"isPartOf\":{\"@id\":\"https:\/\/ecoforma.ca\/#website\"},\"primaryImageOfPage\":{\"@id\":\"https:\/\/ecoforma.ca\/fusion-antigivrage\/#primaryimage\"},\"image\":{\"@id\":\"https:\/\/ecoforma.ca\/fusion-antigivrage\/#primaryimage\"},\"thumbnailUrl\":\"https:\/\/ecoforma.ca\/wp-content\/uploads\/propulse-par-fusion-featured.png\",\"datePublished\":\"2012-03-15T19:23:14+00:00\",\"dateModified\":\"2019-09-26T13:37:58+00:00\",\"description\":\"L'antigivrage avec liquide FUSION emp\u00eache la formation de glace sur les surfaces. Il est appliqu\u00e9 sur une surface seche avant la neige ou le verglas.\",\"breadcrumb\":{\"@id\":\"https:\/\/ecoforma.ca\/fusion-antigivrage\/#breadcrumb\"},\"inLanguage\":\"fr-FR\",\"potentialAction\":[{\"@type\":\"ReadAction\",\"target\":[\"https:\/\/ecoforma.ca\/fusion-antigivrage\/\"]}]},{\"@type\":\"ImageObject\",\"inLanguage\":\"fr-FR\",\"@id\":\"https:\/\/ecoforma.ca\/fusion-antigivrage\/#primaryimage\",\"url\":\"https:\/\/ecoforma.ca\/wp-content\/uploads\/propulse-par-fusion-featured.png\",\"contentUrl\":\"https:\/\/ecoforma.ca\/wp-content\/uploads\/propulse-par-fusion-featured.png\",\"width\":1200,\"height\":630},{\"@type\":\"BreadcrumbList\",\"@id\":\"https:\/\/ecoforma.ca\/fusion-antigivrage\/#breadcrumb\",\"itemListElement\":[{\"@type\":\"ListItem\",\"position\":1,\"name\":\"Home\",\"item\":\"https:\/\/ecoforma.ca\/fr\/\"},{\"@type\":\"ListItem\",\"position\":2,\"name\":\"FUSION &#8211; ANTIGIVRAGE\"}]},{\"@type\":\"WebSite\",\"@id\":\"https:\/\/ecoforma.ca\/#website\",\"url\":\"https:\/\/ecoforma.ca\/\",\"name\":\"Eco-Forma Inc.\",\"description\":\"Environmental Solutions\",\"publisher\":{\"@id\":\"https:\/\/ecoforma.ca\/#organization\"},\"potentialAction\":[{\"@type\":\"SearchAction\",\"target\":{\"@type\":\"EntryPoint\",\"urlTemplate\":\"https:\/\/ecoforma.ca\/?s={search_term_string}\"},\"query-input\":{\"@type\":\"PropertyValueSpecification\",\"valueRequired\":true,\"valueName\":\"search_term_string\"}}],\"inLanguage\":\"fr-FR\"},{\"@type\":\"Organization\",\"@id\":\"https:\/\/ecoforma.ca\/#organization\",\"name\":\"Eco-Forma Inc.\",\"url\":\"https:\/\/ecoforma.ca\/\",\"logo\":{\"@type\":\"ImageObject\",\"inLanguage\":\"fr-FR\",\"@id\":\"https:\/\/ecoforma.ca\/#\/schema\/logo\/image\/\",\"url\":\"https:\/\/ecoforma.ca\/wp-content\/uploads\/ecoforma-logo-mobile-ret-en.png\",\"contentUrl\":\"https:\/\/ecoforma.ca\/wp-content\/uploads\/ecoforma-logo-mobile-ret-en.png\",\"width\":370,\"height\":80,\"caption\":\"Eco-Forma Inc.\"},\"image\":{\"@id\":\"https:\/\/ecoforma.ca\/#\/schema\/logo\/image\/\"},\"sameAs\":[\"https:\/\/www.facebook.com\/ecoformainc\/\"]}]}<\/script>\n<!-- \/ Yoast SEO plugin. -->","yoast_head_json":{"title":"Produits antigivrage Fusion - S\u00e9curit\u00e9 routi\u00e8re - Eco-Forma Inc.","description":"L'antigivrage avec liquide FUSION emp\u00eache la formation de glace sur les surfaces. Il est appliqu\u00e9 sur une surface seche avant la neige ou le verglas.","robots":{"index":"index","follow":"follow","max-snippet":"max-snippet:-1","max-image-preview":"max-image-preview:large","max-video-preview":"max-video-preview:-1"},"canonical":"https:\/\/ecoforma.ca\/fusion-antigivrage\/","og_locale":"fr_FR","og_type":"article","og_title":"Produits antigivrage Fusion - S\u00e9curit\u00e9 routi\u00e8re - Eco-Forma Inc.","og_description":"L'antigivrage avec liquide FUSION emp\u00eache la formation de glace sur les surfaces. Il est appliqu\u00e9 sur une surface seche avant la neige ou le verglas.","og_url":"https:\/\/ecoforma.ca\/fusion-antigivrage\/","og_site_name":"Eco-Forma Inc.","article_publisher":"https:\/\/www.facebook.com\/ecoformainc\/","article_modified_time":"2019-09-26T13:37:58+00:00","og_image":[{"width":1200,"height":630,"url":"https:\/\/ecoforma.ca\/wp-content\/uploads\/propulse-par-fusion-featured.png","type":"image\/png"}],"twitter_card":"summary_large_image","twitter_misc":{"Dur\u00e9e de lecture estim\u00e9e":"4 minutes"},"schema":{"@context":"https:\/\/schema.org","@graph":[{"@type":"WebPage","@id":"https:\/\/ecoforma.ca\/fusion-antigivrage\/","url":"https:\/\/ecoforma.ca\/fusion-antigivrage\/","name":"Produits antigivrage Fusion - S\u00e9curit\u00e9 routi\u00e8re - Eco-Forma Inc.","isPartOf":{"@id":"https:\/\/ecoforma.ca\/#website"},"primaryImageOfPage":{"@id":"https:\/\/ecoforma.ca\/fusion-antigivrage\/#primaryimage"},"image":{"@id":"https:\/\/ecoforma.ca\/fusion-antigivrage\/#primaryimage"},"thumbnailUrl":"https:\/\/ecoforma.ca\/wp-content\/uploads\/propulse-par-fusion-featured.png","datePublished":"2012-03-15T19:23:14+00:00","dateModified":"2019-09-26T13:37:58+00:00","description":"L'antigivrage avec liquide FUSION emp\u00eache la formation de glace sur les surfaces. Il est appliqu\u00e9 sur une surface seche avant la neige ou le verglas.","breadcrumb":{"@id":"https:\/\/ecoforma.ca\/fusion-antigivrage\/#breadcrumb"},"inLanguage":"fr-FR","potentialAction":[{"@type":"ReadAction","target":["https:\/\/ecoforma.ca\/fusion-antigivrage\/"]}]},{"@type":"ImageObject","inLanguage":"fr-FR","@id":"https:\/\/ecoforma.ca\/fusion-antigivrage\/#primaryimage","url":"https:\/\/ecoforma.ca\/wp-content\/uploads\/propulse-par-fusion-featured.png","contentUrl":"https:\/\/ecoforma.ca\/wp-content\/uploads\/propulse-par-fusion-featured.png","width":1200,"height":630},{"@type":"BreadcrumbList","@id":"https:\/\/ecoforma.ca\/fusion-antigivrage\/#breadcrumb","itemListElement":[{"@type":"ListItem","position":1,"name":"Home","item":"https:\/\/ecoforma.ca\/fr\/"},{"@type":"ListItem","position":2,"name":"FUSION &#8211; ANTIGIVRAGE"}]},{"@type":"WebSite","@id":"https:\/\/ecoforma.ca\/#website","url":"https:\/\/ecoforma.ca\/","name":"Eco-Forma Inc.","description":"Environmental Solutions","publisher":{"@id":"https:\/\/ecoforma.ca\/#organization"},"potentialAction":[{"@type":"SearchAction","target":{"@type":"EntryPoint","urlTemplate":"https:\/\/ecoforma.ca\/?s={search_term_string}"},"query-input":{"@type":"PropertyValueSpecification","valueRequired":true,"valueName":"search_term_string"}}],"inLanguage":"fr-FR"},{"@type":"Organization","@id":"https:\/\/ecoforma.ca\/#organization","name":"Eco-Forma Inc.","url":"https:\/\/ecoforma.ca\/","logo":{"@type":"ImageObject","inLanguage":"fr-FR","@id":"https:\/\/ecoforma.ca\/#\/schema\/logo\/image\/","url":"https:\/\/ecoforma.ca\/wp-content\/uploads\/ecoforma-logo-mobile-ret-en.png","contentUrl":"https:\/\/ecoforma.ca\/wp-content\/uploads\/ecoforma-logo-mobile-ret-en.png","width":370,"height":80,"caption":"Eco-Forma Inc."},"image":{"@id":"https:\/\/ecoforma.ca\/#\/schema\/logo\/image\/"},"sameAs":["https:\/\/www.facebook.com\/ecoformainc\/"]}]}},"_links":{"self":[{"href":"https:\/\/ecoforma.ca\/fr\/wp-json\/wp\/v2\/pages\/236","targetHints":{"allow":["GET"]}}],"collection":[{"href":"https:\/\/ecoforma.ca\/fr\/wp-json\/wp\/v2\/pages"}],"about":[{"href":"https:\/\/ecoforma.ca\/fr\/wp-json\/wp\/v2\/types\/page"}],"author":[{"embeddable":true,"href":"https:\/\/ecoforma.ca\/fr\/wp-json\/wp\/v2\/users\/3"}],"replies":[{"embeddable":true,"href":"https:\/\/ecoforma.ca\/fr\/wp-json\/wp\/v2\/comments?post=236"}],"version-history":[{"count":43,"href":"https:\/\/ecoforma.ca\/fr\/wp-json\/wp\/v2\/pages\/236\/revisions"}],"predecessor-version":[{"id":2016,"href":"https:\/\/ecoforma.ca\/fr\/wp-json\/wp\/v2\/pages\/236\/revisions\/2016"}],"wp:featuredmedia":[{"embeddable":true,"href":"https:\/\/ecoforma.ca\/fr\/wp-json\/wp\/v2\/media\/1991"}],"wp:attachment":[{"href":"https:\/\/ecoforma.ca\/fr\/wp-json\/wp\/v2\/media?parent=236"}],"curies":[{"name":"wp","href":"https:\/\/api.w.org\/{rel}","templated":true}]}}