{"id":251,"date":"2012-03-15T14:44:05","date_gmt":"2012-03-15T19:44:05","guid":{"rendered":"https:\/\/ecoforma.ca\/?page_id=251"},"modified":"2017-07-28T14:21:50","modified_gmt":"2017-07-28T19:21:50","slug":"deglacage","status":"publish","type":"page","link":"https:\/\/ecoforma.ca\/fr\/deglacage\/","title":{"rendered":"D\u00c9GLA\u00c7AGE"},"content":{"rendered":"<p><img loading=\"lazy\" decoding=\"async\" src=\"https:\/\/ecoforma.ca\/wp-content\/uploads\/de-icing-300x188.jpg\" alt=\"De-Icing\" title=\"de-icing\" width=\"300\" height=\"188\" class=\"alignright size-medium wp-image-247\" srcset=\"https:\/\/ecoforma.ca\/wp-content\/uploads\/de-icing-300x188.jpg 300w, https:\/\/ecoforma.ca\/wp-content\/uploads\/de-icing.jpg 302w\" sizes=\"auto, (max-width: 300px) 100vw, 300px\" \/>Durant un \u00e9v\u00e9nement, ou s&rsquo;il y a d\u00e9j\u00e0 de la neige ou de la glace sur la surface,  les fondants granulaires sont plus aptes \u00e0 \u00e9liminer l&rsquo;accumulation &#8211; les liquides n&rsquo;\u00e9tant pas aussi efficaces car ils seront dilu\u00e9s avant d&rsquo;arriver \u00e0 la surface.   Le sel pr\u00e9-tremp\u00e9 (pr\u00e9-mouill\u00e9) avec <a href='https:\/\/ecoforma.ca\/wp-content\/uploads\/FUSION-D\u00e9pliant.pdf' target=\"_blank\">FUSION<\/a> (ou pr\u00e9trait\u00e9 dans un pile de sel) est plus efficace que le sel conventionnel et ceci jusqu&rsquo;\u00e0 une temp\u00e9rature de -30 <sup>0<\/sup>C.  Le FUSION est un extrait de betterave \u00e0 sucre d\u00e9grad\u00e9 chimiquement en instance de brevets aux \u00c9.-U. et au Canada.  Ce processus augmente la force ionique de la solution, am\u00e9liorant de fa\u00e7on importante sa capacit\u00e9 de fonte.  Tel mentionn\u00e9, FUSION est efficace jusqu\u2019\u00e0 -30 <sup>0<\/sup>C r\u00e9duisant ainsi de mani\u00e8re significative l&rsquo;impact sur l&rsquo;environnement et aux infrastructures (sans ajout de magn\u00e9sium ou calcium).  M\u00eame durant les hivers froids du Canada, nos produits minimisent l&rsquo;impact environnemental tout en maintenant les niveaux de services d\u00e9sir\u00e9s.   Le sel enrob\u00e9 avec FUSION est plus performant que le sel sec et il adh\u00e8re \u00e0 la chauss\u00e9, r\u00e9duisant ainsi la quantit\u00e9 de granules dispers\u00e9s.  Chaque application de sel trait\u00e9 avec FUSION offre une r\u00e9duction de jusqu&rsquo;\u00e0 30% de chlorures et, de plus, moins d&rsquo;applications seront n\u00e9cessaires.<\/p>\n<h3>Pr\u00e9-Trempage (Pr\u00e9-Mouillage)<\/h3>\n<p>La m\u00e9thode d&rsquo;application pr\u00e9f\u00e9r\u00e9e pour les fondants granulaires est en pr\u00e9-trempage pour ceux qui en sont \u00e9quip\u00e9s. Le sel est enrob\u00e9 par le <a href='https:\/\/ecoforma.ca\/wp-content\/uploads\/FUSION-D\u00e9pliant.pdf' target=\"_blank\">FUSION<\/a> liquide juste avant qu&rsquo;il soit appliqu\u00e9 sur la chauss\u00e9. Les syst\u00e8mes de pr\u00e9-trempage sont facilement ajout\u00e9s sur les v\u00e9hicules existants et ils peuvent \u00eatre transf\u00e9r\u00e9s \u00e0 un autre v\u00e9hicule apr\u00e8s le saison. Contactez-nous et il nous fera plaisir de vous r\u00e9f\u00e9rer \u00e0 un de nos fournisseurs professionnels. M\u00eame si vos v\u00e9hicules n&rsquo;ont pas l&rsquo;\u00e9quipement pour pr\u00e9-tremper le sel, vous pouvez toujours \u00e9conomiser sur les co\u00fbts de main d&rsquo;oeuvre et de mat\u00e9riaux en pr\u00e9-traitant votre r\u00e9serve de sel.  <\/p>\n<h3>Traitement de Pile de Sel<\/h3>\n<p><img loading=\"lazy\" decoding=\"async\" src=\"https:\/\/ecoforma.ca\/wp-content\/uploads\/de-icing3.jpg\" alt=\"Stockpiling\" title=\"Stockpiling Treatment\" width=\"264\" height=\"198\" class=\"alignleft size-full wp-image-248\" \/>Nous vendons du sel pr\u00e9-humidifi\u00e9 (chlorure de sodium enrob\u00e9 avec le FUSION liquide) et nous faisons des traitements (humidification) de piles de sel pour des municipalit\u00e9s et contracteurs de d\u00e9neigement.  Une fois humidifi\u00e9, votre sel ne g\u00e8lera pas dans votre pile, ce qui \u00e9liminera du gaspillage et le potentiel d&rsquo;endommager vos saleuses.    Le sel pr\u00e9-trait\u00e9 avec <a href='https:\/\/ecoforma.ca\/wp-content\/uploads\/FUSION-D\u00e9pliant.pdf' target=\"_blank\">FUSION<\/a> est efficace  jusqu&rsquo;\u00e0  -30 <sup>0<\/sup>C et moins de produits est n\u00e9cessaires pour couvrir la m\u00eame superficie que les d\u00e9gla\u00e7ants traditionnels sur le march\u00e9.   Plusieurs de nos clients font l&rsquo;humidification de leur sel avec un &lsquo;loader&rsquo; &#8211; un op\u00e9rateur exp\u00e9riment\u00e9 peut traiter 140 tonnes de sel par heure. Contactez nous pour plus de d\u00e9tails.<\/p>\n<h3>B\u00e9n\u00e9fices et Avantages<\/h3>\n<ul>\n<li>100% biologique et biod\u00e9gradable<\/li>\n<li>Efficace jusqu\u2019\u00e0 -30 <sup>0<\/sup>C<\/li>\n<li>Aucun chlorure de magn\u00e9sium, ni chlorure de calcium<\/li>\n<li>Ne g\u00e8le pas (gr\u00e2ce au liquide FUSION qu\u2019il contient)<\/li>\n<li>Reste actif plus longtemps sur la les surfaces enneig\u00e9es ou glac\u00e9es<\/li>\n<li>Prend plus de temps \u00e0 diluer (r\u00e9duit les chances de regel)<\/li>\n<li>Moins corrosif que les autres d\u00e9gla\u00e7ants sur le march\u00e9<\/li>\n<li>Moins de salet\u00e9 tra\u00een\u00e9e \u00e0 l\u2019int\u00e9rieur des b\u00e2timents<\/li>\n<\/ul>\n","protected":false},"excerpt":{"rendered":"<p>Durant un \u00e9v\u00e9nement, ou s&rsquo;il y a d\u00e9j\u00e0 de la neige ou de la glace sur la surface, les fondants granulaires sont plus aptes \u00e0 \u00e9liminer l&rsquo;accumulation &#8211; les liquides n&rsquo;\u00e9tant pas aussi efficaces car ils seront dilu\u00e9s avant d&rsquo;arriver \u00e0 la surface. Le sel pr\u00e9-tremp\u00e9 (pr\u00e9-mouill\u00e9) avec FUSION (ou pr\u00e9trait\u00e9 dans un pile de&hellip;<\/p>\n","protected":false},"author":3,"featured_media":0,"parent":0,"menu_order":0,"comment_status":"closed","ping_status":"closed","template":"","meta":{"footnotes":""},"class_list":["post-251","page","type-page","status-publish","hentry","description-off"],"yoast_head":"<!-- This site is optimized with the Yoast SEO plugin v24.0 - https:\/\/yoast.com\/wordpress\/plugins\/seo\/ -->\n<title>D\u00c9GLA\u00c7AGE - Eco-Forma Inc.<\/title>\n<meta name=\"robots\" content=\"index, follow, max-snippet:-1, max-image-preview:large, max-video-preview:-1\" \/>\n<link rel=\"canonical\" href=\"https:\/\/ecoforma.ca\/deglacage\/\" \/>\n<meta property=\"og:locale\" content=\"fr_FR\" \/>\n<meta property=\"og:type\" content=\"article\" \/>\n<meta property=\"og:title\" content=\"D\u00c9GLA\u00c7AGE - Eco-Forma Inc.\" \/>\n<meta property=\"og:description\" content=\"Durant un \u00e9v\u00e9nement, ou s&rsquo;il y a d\u00e9j\u00e0 de la neige ou de la glace sur la surface, les fondants granulaires sont plus aptes \u00e0 \u00e9liminer l&rsquo;accumulation &#8211; les liquides n&rsquo;\u00e9tant pas aussi efficaces car ils seront dilu\u00e9s avant d&rsquo;arriver \u00e0 la surface. Le sel pr\u00e9-tremp\u00e9 (pr\u00e9-mouill\u00e9) avec FUSION (ou pr\u00e9trait\u00e9 dans un pile de&hellip;\" \/>\n<meta property=\"og:url\" content=\"https:\/\/ecoforma.ca\/deglacage\/\" \/>\n<meta property=\"og:site_name\" content=\"Eco-Forma Inc.\" \/>\n<meta property=\"article:publisher\" content=\"https:\/\/www.facebook.com\/ecoformainc\/\" \/>\n<meta property=\"article:modified_time\" content=\"2017-07-28T19:21:50+00:00\" \/>\n<meta property=\"og:image\" content=\"https:\/\/ecoforma.ca\/wp-content\/uploads\/de-icing-300x188.jpg\" \/>\n<meta name=\"twitter:card\" content=\"summary_large_image\" \/>\n<meta name=\"twitter:label1\" content=\"Dur\u00e9e de lecture estim\u00e9e\" \/>\n\t<meta name=\"twitter:data1\" content=\"3 minutes\" \/>\n<script type=\"application\/ld+json\" class=\"yoast-schema-graph\">{\"@context\":\"https:\/\/schema.org\",\"@graph\":[{\"@type\":\"WebPage\",\"@id\":\"https:\/\/ecoforma.ca\/deglacage\/\",\"url\":\"https:\/\/ecoforma.ca\/deglacage\/\",\"name\":\"D\u00c9GLA\u00c7AGE - Eco-Forma Inc.\",\"isPartOf\":{\"@id\":\"https:\/\/ecoforma.ca\/#website\"},\"primaryImageOfPage\":{\"@id\":\"https:\/\/ecoforma.ca\/deglacage\/#primaryimage\"},\"image\":{\"@id\":\"https:\/\/ecoforma.ca\/deglacage\/#primaryimage\"},\"thumbnailUrl\":\"https:\/\/ecoforma.ca\/wp-content\/uploads\/de-icing-300x188.jpg\",\"datePublished\":\"2012-03-15T19:44:05+00:00\",\"dateModified\":\"2017-07-28T19:21:50+00:00\",\"breadcrumb\":{\"@id\":\"https:\/\/ecoforma.ca\/deglacage\/#breadcrumb\"},\"inLanguage\":\"fr-FR\",\"potentialAction\":[{\"@type\":\"ReadAction\",\"target\":[\"https:\/\/ecoforma.ca\/deglacage\/\"]}]},{\"@type\":\"ImageObject\",\"inLanguage\":\"fr-FR\",\"@id\":\"https:\/\/ecoforma.ca\/deglacage\/#primaryimage\",\"url\":\"https:\/\/ecoforma.ca\/wp-content\/uploads\/de-icing-300x188.jpg\",\"contentUrl\":\"https:\/\/ecoforma.ca\/wp-content\/uploads\/de-icing-300x188.jpg\"},{\"@type\":\"BreadcrumbList\",\"@id\":\"https:\/\/ecoforma.ca\/deglacage\/#breadcrumb\",\"itemListElement\":[{\"@type\":\"ListItem\",\"position\":1,\"name\":\"Home\",\"item\":\"https:\/\/ecoforma.ca\/fr\/\"},{\"@type\":\"ListItem\",\"position\":2,\"name\":\"D\u00c9GLA\u00c7AGE\"}]},{\"@type\":\"WebSite\",\"@id\":\"https:\/\/ecoforma.ca\/#website\",\"url\":\"https:\/\/ecoforma.ca\/\",\"name\":\"Eco-Forma Inc.\",\"description\":\"Environmental Solutions\",\"publisher\":{\"@id\":\"https:\/\/ecoforma.ca\/#organization\"},\"potentialAction\":[{\"@type\":\"SearchAction\",\"target\":{\"@type\":\"EntryPoint\",\"urlTemplate\":\"https:\/\/ecoforma.ca\/?s={search_term_string}\"},\"query-input\":{\"@type\":\"PropertyValueSpecification\",\"valueRequired\":true,\"valueName\":\"search_term_string\"}}],\"inLanguage\":\"fr-FR\"},{\"@type\":\"Organization\",\"@id\":\"https:\/\/ecoforma.ca\/#organization\",\"name\":\"Eco-Forma Inc.\",\"url\":\"https:\/\/ecoforma.ca\/\",\"logo\":{\"@type\":\"ImageObject\",\"inLanguage\":\"fr-FR\",\"@id\":\"https:\/\/ecoforma.ca\/#\/schema\/logo\/image\/\",\"url\":\"https:\/\/ecoforma.ca\/wp-content\/uploads\/ecoforma-logo-mobile-ret-en.png\",\"contentUrl\":\"https:\/\/ecoforma.ca\/wp-content\/uploads\/ecoforma-logo-mobile-ret-en.png\",\"width\":370,\"height\":80,\"caption\":\"Eco-Forma Inc.\"},\"image\":{\"@id\":\"https:\/\/ecoforma.ca\/#\/schema\/logo\/image\/\"},\"sameAs\":[\"https:\/\/www.facebook.com\/ecoformainc\/\"]}]}<\/script>\n<!-- \/ Yoast SEO plugin. -->","yoast_head_json":{"title":"D\u00c9GLA\u00c7AGE - Eco-Forma Inc.","robots":{"index":"index","follow":"follow","max-snippet":"max-snippet:-1","max-image-preview":"max-image-preview:large","max-video-preview":"max-video-preview:-1"},"canonical":"https:\/\/ecoforma.ca\/deglacage\/","og_locale":"fr_FR","og_type":"article","og_title":"D\u00c9GLA\u00c7AGE - Eco-Forma Inc.","og_description":"Durant un \u00e9v\u00e9nement, ou s&rsquo;il y a d\u00e9j\u00e0 de la neige ou de la glace sur la surface, les fondants granulaires sont plus aptes \u00e0 \u00e9liminer l&rsquo;accumulation &#8211; les liquides n&rsquo;\u00e9tant pas aussi efficaces car ils seront dilu\u00e9s avant d&rsquo;arriver \u00e0 la surface. Le sel pr\u00e9-tremp\u00e9 (pr\u00e9-mouill\u00e9) avec FUSION (ou pr\u00e9trait\u00e9 dans un pile de&hellip;","og_url":"https:\/\/ecoforma.ca\/deglacage\/","og_site_name":"Eco-Forma Inc.","article_publisher":"https:\/\/www.facebook.com\/ecoformainc\/","article_modified_time":"2017-07-28T19:21:50+00:00","og_image":[{"url":"https:\/\/ecoforma.ca\/wp-content\/uploads\/de-icing-300x188.jpg","type":"","width":"","height":""}],"twitter_card":"summary_large_image","twitter_misc":{"Dur\u00e9e de lecture estim\u00e9e":"3 minutes"},"schema":{"@context":"https:\/\/schema.org","@graph":[{"@type":"WebPage","@id":"https:\/\/ecoforma.ca\/deglacage\/","url":"https:\/\/ecoforma.ca\/deglacage\/","name":"D\u00c9GLA\u00c7AGE - Eco-Forma Inc.","isPartOf":{"@id":"https:\/\/ecoforma.ca\/#website"},"primaryImageOfPage":{"@id":"https:\/\/ecoforma.ca\/deglacage\/#primaryimage"},"image":{"@id":"https:\/\/ecoforma.ca\/deglacage\/#primaryimage"},"thumbnailUrl":"https:\/\/ecoforma.ca\/wp-content\/uploads\/de-icing-300x188.jpg","datePublished":"2012-03-15T19:44:05+00:00","dateModified":"2017-07-28T19:21:50+00:00","breadcrumb":{"@id":"https:\/\/ecoforma.ca\/deglacage\/#breadcrumb"},"inLanguage":"fr-FR","potentialAction":[{"@type":"ReadAction","target":["https:\/\/ecoforma.ca\/deglacage\/"]}]},{"@type":"ImageObject","inLanguage":"fr-FR","@id":"https:\/\/ecoforma.ca\/deglacage\/#primaryimage","url":"https:\/\/ecoforma.ca\/wp-content\/uploads\/de-icing-300x188.jpg","contentUrl":"https:\/\/ecoforma.ca\/wp-content\/uploads\/de-icing-300x188.jpg"},{"@type":"BreadcrumbList","@id":"https:\/\/ecoforma.ca\/deglacage\/#breadcrumb","itemListElement":[{"@type":"ListItem","position":1,"name":"Home","item":"https:\/\/ecoforma.ca\/fr\/"},{"@type":"ListItem","position":2,"name":"D\u00c9GLA\u00c7AGE"}]},{"@type":"WebSite","@id":"https:\/\/ecoforma.ca\/#website","url":"https:\/\/ecoforma.ca\/","name":"Eco-Forma Inc.","description":"Environmental Solutions","publisher":{"@id":"https:\/\/ecoforma.ca\/#organization"},"potentialAction":[{"@type":"SearchAction","target":{"@type":"EntryPoint","urlTemplate":"https:\/\/ecoforma.ca\/?s={search_term_string}"},"query-input":{"@type":"PropertyValueSpecification","valueRequired":true,"valueName":"search_term_string"}}],"inLanguage":"fr-FR"},{"@type":"Organization","@id":"https:\/\/ecoforma.ca\/#organization","name":"Eco-Forma Inc.","url":"https:\/\/ecoforma.ca\/","logo":{"@type":"ImageObject","inLanguage":"fr-FR","@id":"https:\/\/ecoforma.ca\/#\/schema\/logo\/image\/","url":"https:\/\/ecoforma.ca\/wp-content\/uploads\/ecoforma-logo-mobile-ret-en.png","contentUrl":"https:\/\/ecoforma.ca\/wp-content\/uploads\/ecoforma-logo-mobile-ret-en.png","width":370,"height":80,"caption":"Eco-Forma Inc."},"image":{"@id":"https:\/\/ecoforma.ca\/#\/schema\/logo\/image\/"},"sameAs":["https:\/\/www.facebook.com\/ecoformainc\/"]}]}},"_links":{"self":[{"href":"https:\/\/ecoforma.ca\/fr\/wp-json\/wp\/v2\/pages\/251","targetHints":{"allow":["GET"]}}],"collection":[{"href":"https:\/\/ecoforma.ca\/fr\/wp-json\/wp\/v2\/pages"}],"about":[{"href":"https:\/\/ecoforma.ca\/fr\/wp-json\/wp\/v2\/types\/page"}],"author":[{"embeddable":true,"href":"https:\/\/ecoforma.ca\/fr\/wp-json\/wp\/v2\/users\/3"}],"replies":[{"embeddable":true,"href":"https:\/\/ecoforma.ca\/fr\/wp-json\/wp\/v2\/comments?post=251"}],"version-history":[{"count":15,"href":"https:\/\/ecoforma.ca\/fr\/wp-json\/wp\/v2\/pages\/251\/revisions"}],"predecessor-version":[{"id":1328,"href":"https:\/\/ecoforma.ca\/fr\/wp-json\/wp\/v2\/pages\/251\/revisions\/1328"}],"wp:attachment":[{"href":"https:\/\/ecoforma.ca\/fr\/wp-json\/wp\/v2\/media?parent=251"}],"curies":[{"name":"wp","href":"https:\/\/api.w.org\/{rel}","templated":true}]}}