{"id":298,"date":"2012-03-16T13:21:38","date_gmt":"2012-03-16T18:21:38","guid":{"rendered":"https:\/\/ecoforma.ca\/?page_id=298"},"modified":"2023-07-06T18:04:01","modified_gmt":"2023-07-06T23:04:01","slug":"abrasifs","status":"publish","type":"page","link":"https:\/\/ecoforma.ca\/fr\/abrasifs\/","title":{"rendered":"ABRASIFS"},"content":{"rendered":"<div class=\"wpb-content-wrapper\"><p>[vc_row][vc_column][vc_column_text]<\/p>\n<h3>Nous pouvons augmenter l&rsquo;efficacit\u00e9 du sable et autres abrasifs. Une fois enrob\u00e9s de FUSION, en pr\u00e9trempage ou en pr\u00e9-humidifiant vos r\u00e9serves, ils adh\u00e9reront mieux \u00e0 la chauss\u00e9e et resteront en surface plus longtemps.<\/h3>\n<p>Durant un \u00e9v\u00e9nement, ou s\u2019il y a d\u00e9j\u00e0 une accumulation de neige ou glace les abrasifs trait\u00e9s avec FUSION colleront \u00e0 l&rsquo;accumulation de neige ou glace, et ne seront pas dissiper par le vent ou le passage de v\u00e9hicules. Gr\u00e2ce \u00e0 la capacit\u00e9 de fonte de FUSION, les abrasifs resteront plus longtemps n\u00e9cessitant moins d&rsquo;applications. Cette r\u00e9duction de la quantit\u00e9 d\u2019abrasifs transportant des m\u00e9taux lourds polluant garantira un impact environnemental beaucoup moindre tout en maintenant les niveaux de performances d\u00e9sir\u00e9s.<\/p>\n<h2>Avantages<\/h2>\n<p><img loading=\"lazy\" decoding=\"async\" class=\"alignright size-medium wp-image-1302\" src=\"https:\/\/ecoforma.ca\/wp-content\/uploads\/eco-forma-abrasives-300x225.jpg\" alt=\"\" width=\"300\" height=\"225\" srcset=\"https:\/\/ecoforma.ca\/wp-content\/uploads\/eco-forma-abrasives-300x225.jpg 300w, https:\/\/ecoforma.ca\/wp-content\/uploads\/eco-forma-abrasives.jpg 640w\" sizes=\"auto, (max-width: 300px) 100vw, 300px\" \/><\/p>\n<ul>\n<li>Efficace jusqu&rsquo;\u00e0 -28 <sup>0<\/sup>C<\/li>\n<li>Reste plus longtemps sur la chauss\u00e9 n\u00e9cessitant moins d&rsquo;applications<\/li>\n<li>Sans magn\u00e9sium et calcium<\/li>\n<li>100% biologique et biod\u00e9gradable<\/li>\n<li>Moins corrosif que les autre produits sur le march\u00e9<\/li>\n<li>Les abrasfis ne g\u00e8leront pas en pile<\/li>\n<li>Meilleure flexibilit\u00e9 (tous les produits peuvent \u00eatre formul\u00e9s \u00e0 compter du m\u00eame concentr\u00e9)<\/li>\n<\/ul>\n<p>[\/vc_column_text][vc_btn title=\u00a0\u00bbT\u00c9L\u00c9CHARGER BROCHURE\u00a0\u00bb style=\u00a0\u00bbcustom\u00a0\u00bb custom_background=\u00a0\u00bb#63b243&Prime; custom_text=\u00a0\u00bb#ffffff\u00a0\u00bb i_icon_fontawesome=\u00a0\u00bbfas fa-file-pdf\u00a0\u00bb add_icon=\u00a0\u00bbtrue\u00a0\u00bb link=\u00a0\u00bburl:https%3A%2F%2Fecoforma.ca%2Fwp-content%2Fuploads%2FEcoForma-Abrasifs-WebBrochure.pdf|||\u00a0\u00bb][\/vc_column][\/vc_row]<\/p>\n<\/div>","protected":false},"excerpt":{"rendered":"<p>[vc_row][vc_column][vc_column_text] Nous pouvons augmenter l&rsquo;efficacit\u00e9 du sable et autres abrasifs. Une fois enrob\u00e9s de FUSION, en pr\u00e9trempage ou en pr\u00e9-humidifiant vos r\u00e9serves, ils adh\u00e9reront mieux \u00e0 la chauss\u00e9e et resteront en surface plus longtemps. Durant un \u00e9v\u00e9nement, ou s\u2019il y a d\u00e9j\u00e0 une accumulation de neige ou glace les abrasifs trait\u00e9s avec FUSION colleront \u00e0&hellip;<\/p>\n","protected":false},"author":3,"featured_media":1302,"parent":0,"menu_order":0,"comment_status":"closed","ping_status":"closed","template":"","meta":{"footnotes":""},"class_list":["post-298","page","type-page","status-publish","has-post-thumbnail","hentry","description-off"],"yoast_head":"<!-- This site is optimized with the Yoast SEO plugin v24.0 - https:\/\/yoast.com\/wordpress\/plugins\/seo\/ -->\n<title>ABRASIFS - Eco-Forma Inc.<\/title>\n<meta name=\"robots\" content=\"index, follow, max-snippet:-1, max-image-preview:large, max-video-preview:-1\" \/>\n<link rel=\"canonical\" href=\"https:\/\/ecoforma.ca\/fr\/abrasifs\/\" \/>\n<meta property=\"og:locale\" content=\"fr_FR\" \/>\n<meta property=\"og:type\" content=\"article\" \/>\n<meta property=\"og:title\" content=\"ABRASIFS - Eco-Forma Inc.\" \/>\n<meta property=\"og:description\" content=\"[vc_row][vc_column][vc_column_text] Nous pouvons augmenter l&rsquo;efficacit\u00e9 du sable et autres abrasifs. Une fois enrob\u00e9s de FUSION, en pr\u00e9trempage ou en pr\u00e9-humidifiant vos r\u00e9serves, ils adh\u00e9reront mieux \u00e0 la chauss\u00e9e et resteront en surface plus longtemps. Durant un \u00e9v\u00e9nement, ou s\u2019il y a d\u00e9j\u00e0 une accumulation de neige ou glace les abrasifs trait\u00e9s avec FUSION colleront \u00e0&hellip;\" \/>\n<meta property=\"og:url\" content=\"https:\/\/ecoforma.ca\/fr\/abrasifs\/\" \/>\n<meta property=\"og:site_name\" content=\"Eco-Forma Inc.\" \/>\n<meta property=\"article:publisher\" content=\"https:\/\/www.facebook.com\/ecoformainc\/\" \/>\n<meta property=\"article:modified_time\" content=\"2023-07-06T23:04:01+00:00\" \/>\n<meta property=\"og:image\" content=\"https:\/\/ecoforma.ca\/wp-content\/uploads\/eco-forma-abrasives.jpg\" \/>\n\t<meta property=\"og:image:width\" content=\"640\" \/>\n\t<meta property=\"og:image:height\" content=\"480\" \/>\n\t<meta property=\"og:image:type\" content=\"image\/jpeg\" \/>\n<meta name=\"twitter:card\" content=\"summary_large_image\" \/>\n<meta name=\"twitter:label1\" content=\"Dur\u00e9e de lecture estim\u00e9e\" \/>\n\t<meta name=\"twitter:data1\" content=\"1 minute\" \/>\n<script type=\"application\/ld+json\" class=\"yoast-schema-graph\">{\"@context\":\"https:\/\/schema.org\",\"@graph\":[{\"@type\":\"WebPage\",\"@id\":\"https:\/\/ecoforma.ca\/fr\/abrasifs\/\",\"url\":\"https:\/\/ecoforma.ca\/fr\/abrasifs\/\",\"name\":\"ABRASIFS - Eco-Forma Inc.\",\"isPartOf\":{\"@id\":\"https:\/\/ecoforma.ca\/#website\"},\"primaryImageOfPage\":{\"@id\":\"https:\/\/ecoforma.ca\/fr\/abrasifs\/#primaryimage\"},\"image\":{\"@id\":\"https:\/\/ecoforma.ca\/fr\/abrasifs\/#primaryimage\"},\"thumbnailUrl\":\"https:\/\/ecoforma.ca\/wp-content\/uploads\/eco-forma-abrasives.jpg\",\"datePublished\":\"2012-03-16T18:21:38+00:00\",\"dateModified\":\"2023-07-06T23:04:01+00:00\",\"breadcrumb\":{\"@id\":\"https:\/\/ecoforma.ca\/fr\/abrasifs\/#breadcrumb\"},\"inLanguage\":\"fr-FR\",\"potentialAction\":[{\"@type\":\"ReadAction\",\"target\":[\"https:\/\/ecoforma.ca\/fr\/abrasifs\/\"]}]},{\"@type\":\"ImageObject\",\"inLanguage\":\"fr-FR\",\"@id\":\"https:\/\/ecoforma.ca\/fr\/abrasifs\/#primaryimage\",\"url\":\"https:\/\/ecoforma.ca\/wp-content\/uploads\/eco-forma-abrasives.jpg\",\"contentUrl\":\"https:\/\/ecoforma.ca\/wp-content\/uploads\/eco-forma-abrasives.jpg\",\"width\":640,\"height\":480,\"caption\":\"Abrasives\"},{\"@type\":\"BreadcrumbList\",\"@id\":\"https:\/\/ecoforma.ca\/fr\/abrasifs\/#breadcrumb\",\"itemListElement\":[{\"@type\":\"ListItem\",\"position\":1,\"name\":\"Home\",\"item\":\"https:\/\/ecoforma.ca\/fr\/\"},{\"@type\":\"ListItem\",\"position\":2,\"name\":\"ABRASIFS\"}]},{\"@type\":\"WebSite\",\"@id\":\"https:\/\/ecoforma.ca\/#website\",\"url\":\"https:\/\/ecoforma.ca\/\",\"name\":\"Eco-Forma Inc.\",\"description\":\"Environmental Solutions\",\"publisher\":{\"@id\":\"https:\/\/ecoforma.ca\/#organization\"},\"potentialAction\":[{\"@type\":\"SearchAction\",\"target\":{\"@type\":\"EntryPoint\",\"urlTemplate\":\"https:\/\/ecoforma.ca\/?s={search_term_string}\"},\"query-input\":{\"@type\":\"PropertyValueSpecification\",\"valueRequired\":true,\"valueName\":\"search_term_string\"}}],\"inLanguage\":\"fr-FR\"},{\"@type\":\"Organization\",\"@id\":\"https:\/\/ecoforma.ca\/#organization\",\"name\":\"Eco-Forma Inc.\",\"url\":\"https:\/\/ecoforma.ca\/\",\"logo\":{\"@type\":\"ImageObject\",\"inLanguage\":\"fr-FR\",\"@id\":\"https:\/\/ecoforma.ca\/#\/schema\/logo\/image\/\",\"url\":\"https:\/\/ecoforma.ca\/wp-content\/uploads\/ecoforma-logo-mobile-ret-en.png\",\"contentUrl\":\"https:\/\/ecoforma.ca\/wp-content\/uploads\/ecoforma-logo-mobile-ret-en.png\",\"width\":370,\"height\":80,\"caption\":\"Eco-Forma Inc.\"},\"image\":{\"@id\":\"https:\/\/ecoforma.ca\/#\/schema\/logo\/image\/\"},\"sameAs\":[\"https:\/\/www.facebook.com\/ecoformainc\/\"]}]}<\/script>\n<!-- \/ Yoast SEO plugin. -->","yoast_head_json":{"title":"ABRASIFS - Eco-Forma Inc.","robots":{"index":"index","follow":"follow","max-snippet":"max-snippet:-1","max-image-preview":"max-image-preview:large","max-video-preview":"max-video-preview:-1"},"canonical":"https:\/\/ecoforma.ca\/fr\/abrasifs\/","og_locale":"fr_FR","og_type":"article","og_title":"ABRASIFS - Eco-Forma Inc.","og_description":"[vc_row][vc_column][vc_column_text] Nous pouvons augmenter l&rsquo;efficacit\u00e9 du sable et autres abrasifs. Une fois enrob\u00e9s de FUSION, en pr\u00e9trempage ou en pr\u00e9-humidifiant vos r\u00e9serves, ils adh\u00e9reront mieux \u00e0 la chauss\u00e9e et resteront en surface plus longtemps. Durant un \u00e9v\u00e9nement, ou s\u2019il y a d\u00e9j\u00e0 une accumulation de neige ou glace les abrasifs trait\u00e9s avec FUSION colleront \u00e0&hellip;","og_url":"https:\/\/ecoforma.ca\/fr\/abrasifs\/","og_site_name":"Eco-Forma Inc.","article_publisher":"https:\/\/www.facebook.com\/ecoformainc\/","article_modified_time":"2023-07-06T23:04:01+00:00","og_image":[{"width":640,"height":480,"url":"https:\/\/ecoforma.ca\/wp-content\/uploads\/eco-forma-abrasives.jpg","type":"image\/jpeg"}],"twitter_card":"summary_large_image","twitter_misc":{"Dur\u00e9e de lecture estim\u00e9e":"1 minute"},"schema":{"@context":"https:\/\/schema.org","@graph":[{"@type":"WebPage","@id":"https:\/\/ecoforma.ca\/fr\/abrasifs\/","url":"https:\/\/ecoforma.ca\/fr\/abrasifs\/","name":"ABRASIFS - Eco-Forma Inc.","isPartOf":{"@id":"https:\/\/ecoforma.ca\/#website"},"primaryImageOfPage":{"@id":"https:\/\/ecoforma.ca\/fr\/abrasifs\/#primaryimage"},"image":{"@id":"https:\/\/ecoforma.ca\/fr\/abrasifs\/#primaryimage"},"thumbnailUrl":"https:\/\/ecoforma.ca\/wp-content\/uploads\/eco-forma-abrasives.jpg","datePublished":"2012-03-16T18:21:38+00:00","dateModified":"2023-07-06T23:04:01+00:00","breadcrumb":{"@id":"https:\/\/ecoforma.ca\/fr\/abrasifs\/#breadcrumb"},"inLanguage":"fr-FR","potentialAction":[{"@type":"ReadAction","target":["https:\/\/ecoforma.ca\/fr\/abrasifs\/"]}]},{"@type":"ImageObject","inLanguage":"fr-FR","@id":"https:\/\/ecoforma.ca\/fr\/abrasifs\/#primaryimage","url":"https:\/\/ecoforma.ca\/wp-content\/uploads\/eco-forma-abrasives.jpg","contentUrl":"https:\/\/ecoforma.ca\/wp-content\/uploads\/eco-forma-abrasives.jpg","width":640,"height":480,"caption":"Abrasives"},{"@type":"BreadcrumbList","@id":"https:\/\/ecoforma.ca\/fr\/abrasifs\/#breadcrumb","itemListElement":[{"@type":"ListItem","position":1,"name":"Home","item":"https:\/\/ecoforma.ca\/fr\/"},{"@type":"ListItem","position":2,"name":"ABRASIFS"}]},{"@type":"WebSite","@id":"https:\/\/ecoforma.ca\/#website","url":"https:\/\/ecoforma.ca\/","name":"Eco-Forma Inc.","description":"Environmental Solutions","publisher":{"@id":"https:\/\/ecoforma.ca\/#organization"},"potentialAction":[{"@type":"SearchAction","target":{"@type":"EntryPoint","urlTemplate":"https:\/\/ecoforma.ca\/?s={search_term_string}"},"query-input":{"@type":"PropertyValueSpecification","valueRequired":true,"valueName":"search_term_string"}}],"inLanguage":"fr-FR"},{"@type":"Organization","@id":"https:\/\/ecoforma.ca\/#organization","name":"Eco-Forma Inc.","url":"https:\/\/ecoforma.ca\/","logo":{"@type":"ImageObject","inLanguage":"fr-FR","@id":"https:\/\/ecoforma.ca\/#\/schema\/logo\/image\/","url":"https:\/\/ecoforma.ca\/wp-content\/uploads\/ecoforma-logo-mobile-ret-en.png","contentUrl":"https:\/\/ecoforma.ca\/wp-content\/uploads\/ecoforma-logo-mobile-ret-en.png","width":370,"height":80,"caption":"Eco-Forma Inc."},"image":{"@id":"https:\/\/ecoforma.ca\/#\/schema\/logo\/image\/"},"sameAs":["https:\/\/www.facebook.com\/ecoformainc\/"]}]}},"_links":{"self":[{"href":"https:\/\/ecoforma.ca\/fr\/wp-json\/wp\/v2\/pages\/298","targetHints":{"allow":["GET"]}}],"collection":[{"href":"https:\/\/ecoforma.ca\/fr\/wp-json\/wp\/v2\/pages"}],"about":[{"href":"https:\/\/ecoforma.ca\/fr\/wp-json\/wp\/v2\/types\/page"}],"author":[{"embeddable":true,"href":"https:\/\/ecoforma.ca\/fr\/wp-json\/wp\/v2\/users\/3"}],"replies":[{"embeddable":true,"href":"https:\/\/ecoforma.ca\/fr\/wp-json\/wp\/v2\/comments?post=298"}],"version-history":[{"count":25,"href":"https:\/\/ecoforma.ca\/fr\/wp-json\/wp\/v2\/pages\/298\/revisions"}],"predecessor-version":[{"id":2421,"href":"https:\/\/ecoforma.ca\/fr\/wp-json\/wp\/v2\/pages\/298\/revisions\/2421"}],"wp:featuredmedia":[{"embeddable":true,"href":"https:\/\/ecoforma.ca\/fr\/wp-json\/wp\/v2\/media\/1302"}],"wp:attachment":[{"href":"https:\/\/ecoforma.ca\/fr\/wp-json\/wp\/v2\/media?parent=298"}],"curies":[{"name":"wp","href":"https:\/\/api.w.org\/{rel}","templated":true}]}}