{"id":339,"date":"2012-03-16T14:02:01","date_gmt":"2012-03-16T19:02:01","guid":{"rendered":"https:\/\/ecoforma.ca\/?page_id=339"},"modified":"2019-08-23T09:59:22","modified_gmt":"2019-08-23T14:59:22","slug":"sel-traite","status":"publish","type":"page","link":"https:\/\/ecoforma.ca\/fr\/sel-traite\/","title":{"rendered":"SEL TRAIT\u00c9 AVEC FUSION"},"content":{"rendered":"<div class=\"wpb-content-wrapper\"><p>[vc_row][vc_column][vc_column_text]<\/p>\n<h3>Notre sel trait\u00e9 est \u00e9cologique il est disponible en vrac.\u00a0 Il est trait\u00e9 (humidifi\u00e9) avec liquide <a href=\"https:\/\/ecoforma.ca\/wp-content\/uploads\/FUSION-D\u00e9pliant.pdf\" target=\"_blank\" rel=\"noopener noreferrer\">FUSION<\/a> qui est 100 % biologique et biod\u00e9gradable, d\u00e9riv\u00e9 des betteraves \u00e0 sucre. Il est efficace jusqu\u2019\u00e0 -30 <sup>0<\/sup>C et moins de produit est n\u00e9cessaire pour couvrir la m\u00eame superficie qu\u2019avec les fondants traditionnels que l\u2019on retrouve sur le march\u00e9.<\/h3>\n<p>Durant un \u00e9v\u00e9nement, ou s\u2019il y a d\u00e9j\u00e0 de la neige ou de la glace sur la surface, le sel trait\u00e9 avec FUSION est capable de percer l\u2019accumulation \u2013 les liquides n\u2019\u00e9tant plus efficaces \u00e0 ce point-l\u00e0 car ils seraient dilu\u00e9s avant d\u2019arriver \u00e0 la surface. La meilleure m\u00e9thode d\u2019appliquer le sel trait\u00e9 est en pr\u00e9trempage \u00e0 bord des saleuses pour ceux qui en sont \u00e9quip\u00e9s. Le sel est enrob\u00e9 avec FUSION liquide juste avant qu\u2019il soit appliqu\u00e9 sur la chauss\u00e9. Si vous n\u2019avez pas l\u2019\u00e9quipement pour pr\u00e9-tremper le sel, vous pouvez toujours \u00e9conomiser les co\u00fbts de main d\u2019\u0153uvre et de mat\u00e9riaux en utilisant notre sel trait\u00e9 avec FUSION.<\/p>\n<p><img loading=\"lazy\" decoding=\"async\" class=\"alignnone size-full wp-image-199\" title=\"road-salt\" src=\"https:\/\/ecoforma.ca\/wp-content\/uploads\/2012\/03\/road-salt.jpg\" alt=\"\" width=\"556\" height=\"251\" srcset=\"https:\/\/ecoforma.ca\/wp-content\/uploads\/2012\/03\/road-salt.jpg 556w, https:\/\/ecoforma.ca\/wp-content\/uploads\/2012\/03\/road-salt-300x135.jpg 300w\" sizes=\"auto, (max-width: 556px) 100vw, 556px\" \/><\/p>\n<h4>B\u00e9n\u00e9fices et Avantages<\/h4>\n<ul>\n<li>100% biologique et biod\u00e9gradable<\/li>\n<li>Efficace jusqu\u2019\u00e0 -30 <sup>0<\/sup>C<\/li>\n<li>Aucun chlorure de magn\u00e9sium, ni chlorure de calcium<\/li>\n<li>Ne g\u00e8le pas (gr\u00e2ce au liquide FUSION qu\u2019il contient)<\/li>\n<li>Reste actif plus longtemps sur les surfaces enneig\u00e9es ou glac\u00e9es<\/li>\n<li>Protection prolong\u00e9e contre le regel<\/li>\n<li>Moins corrosif que les autres produits sur le march\u00e9<\/li>\n<li>Moins de salet\u00e9 tra\u00een\u00e9e \u00e0 l\u2019int\u00e9rieur des b\u00e2timents<\/li>\n<\/ul>\n<p>[\/vc_column_text][\/vc_column][\/vc_row]<\/p>\n<\/div>","protected":false},"excerpt":{"rendered":"<p>[vc_row][vc_column][vc_column_text] Notre sel trait\u00e9 est \u00e9cologique il est disponible en vrac.\u00a0 Il est trait\u00e9 (humidifi\u00e9) avec liquide FUSION qui est 100 % biologique et biod\u00e9gradable, d\u00e9riv\u00e9 des betteraves \u00e0 sucre. Il est efficace jusqu\u2019\u00e0 -30 0C et moins de produit est n\u00e9cessaire pour couvrir la m\u00eame superficie qu\u2019avec les fondants traditionnels que l\u2019on retrouve sur&hellip;<\/p>\n","protected":false},"author":3,"featured_media":0,"parent":0,"menu_order":0,"comment_status":"closed","ping_status":"closed","template":"","meta":{"footnotes":""},"class_list":["post-339","page","type-page","status-publish","hentry","description-off"],"yoast_head":"<!-- This site is optimized with the Yoast SEO plugin v24.0 - https:\/\/yoast.com\/wordpress\/plugins\/seo\/ -->\n<title>SEL TRAIT\u00c9 AVEC FUSION - Eco-Forma Inc.<\/title>\n<meta name=\"description\" content=\"Notre sel trait\u00e9 avec liquide FUSION est moins corrosif, \u00e9cologique et plus efficace que les fondants conventionnels et ce jusqu&#039;\u00e0 -30 C.\" \/>\n<meta name=\"robots\" content=\"index, follow, max-snippet:-1, max-image-preview:large, max-video-preview:-1\" \/>\n<link rel=\"canonical\" href=\"https:\/\/ecoforma.ca\/fr\/sel-traite\/\" \/>\n<meta property=\"og:locale\" content=\"fr_FR\" \/>\n<meta property=\"og:type\" content=\"article\" \/>\n<meta property=\"og:title\" content=\"SEL TRAIT\u00c9 AVEC FUSION - Eco-Forma Inc.\" \/>\n<meta property=\"og:description\" content=\"Notre sel trait\u00e9 avec liquide FUSION est moins corrosif, \u00e9cologique et plus efficace que les fondants conventionnels et ce jusqu&#039;\u00e0 -30 C.\" \/>\n<meta property=\"og:url\" content=\"https:\/\/ecoforma.ca\/fr\/sel-traite\/\" \/>\n<meta property=\"og:site_name\" content=\"Eco-Forma Inc.\" \/>\n<meta property=\"article:publisher\" content=\"https:\/\/www.facebook.com\/ecoformainc\/\" \/>\n<meta property=\"article:modified_time\" content=\"2019-08-23T14:59:22+00:00\" \/>\n<meta property=\"og:image\" content=\"https:\/\/ecoforma.ca\/wp-content\/uploads\/2012\/03\/road-salt.jpg\" \/>\n<meta name=\"twitter:card\" content=\"summary_large_image\" \/>\n<meta name=\"twitter:label1\" content=\"Dur\u00e9e de lecture estim\u00e9e\" \/>\n\t<meta name=\"twitter:data1\" content=\"1 minute\" \/>\n<script type=\"application\/ld+json\" class=\"yoast-schema-graph\">{\"@context\":\"https:\/\/schema.org\",\"@graph\":[{\"@type\":\"WebPage\",\"@id\":\"https:\/\/ecoforma.ca\/fr\/sel-traite\/\",\"url\":\"https:\/\/ecoforma.ca\/fr\/sel-traite\/\",\"name\":\"SEL TRAIT\u00c9 AVEC FUSION - Eco-Forma Inc.\",\"isPartOf\":{\"@id\":\"https:\/\/ecoforma.ca\/#website\"},\"primaryImageOfPage\":{\"@id\":\"https:\/\/ecoforma.ca\/fr\/sel-traite\/#primaryimage\"},\"image\":{\"@id\":\"https:\/\/ecoforma.ca\/fr\/sel-traite\/#primaryimage\"},\"thumbnailUrl\":\"https:\/\/ecoforma.ca\/wp-content\/uploads\/2012\/03\/road-salt.jpg\",\"datePublished\":\"2012-03-16T19:02:01+00:00\",\"dateModified\":\"2019-08-23T14:59:22+00:00\",\"description\":\"Notre sel trait\u00e9 avec liquide FUSION est moins corrosif, \u00e9cologique et plus efficace que les fondants conventionnels et ce jusqu'\u00e0 -30 C.\",\"breadcrumb\":{\"@id\":\"https:\/\/ecoforma.ca\/fr\/sel-traite\/#breadcrumb\"},\"inLanguage\":\"fr-FR\",\"potentialAction\":[{\"@type\":\"ReadAction\",\"target\":[\"https:\/\/ecoforma.ca\/fr\/sel-traite\/\"]}]},{\"@type\":\"ImageObject\",\"inLanguage\":\"fr-FR\",\"@id\":\"https:\/\/ecoforma.ca\/fr\/sel-traite\/#primaryimage\",\"url\":\"https:\/\/ecoforma.ca\/wp-content\/uploads\/2012\/03\/road-salt.jpg\",\"contentUrl\":\"https:\/\/ecoforma.ca\/wp-content\/uploads\/2012\/03\/road-salt.jpg\"},{\"@type\":\"BreadcrumbList\",\"@id\":\"https:\/\/ecoforma.ca\/fr\/sel-traite\/#breadcrumb\",\"itemListElement\":[{\"@type\":\"ListItem\",\"position\":1,\"name\":\"Home\",\"item\":\"https:\/\/ecoforma.ca\/fr\/\"},{\"@type\":\"ListItem\",\"position\":2,\"name\":\"SEL TRAIT\u00c9 AVEC FUSION\"}]},{\"@type\":\"WebSite\",\"@id\":\"https:\/\/ecoforma.ca\/#website\",\"url\":\"https:\/\/ecoforma.ca\/\",\"name\":\"Eco-Forma Inc.\",\"description\":\"Environmental Solutions\",\"publisher\":{\"@id\":\"https:\/\/ecoforma.ca\/#organization\"},\"potentialAction\":[{\"@type\":\"SearchAction\",\"target\":{\"@type\":\"EntryPoint\",\"urlTemplate\":\"https:\/\/ecoforma.ca\/?s={search_term_string}\"},\"query-input\":{\"@type\":\"PropertyValueSpecification\",\"valueRequired\":true,\"valueName\":\"search_term_string\"}}],\"inLanguage\":\"fr-FR\"},{\"@type\":\"Organization\",\"@id\":\"https:\/\/ecoforma.ca\/#organization\",\"name\":\"Eco-Forma Inc.\",\"url\":\"https:\/\/ecoforma.ca\/\",\"logo\":{\"@type\":\"ImageObject\",\"inLanguage\":\"fr-FR\",\"@id\":\"https:\/\/ecoforma.ca\/#\/schema\/logo\/image\/\",\"url\":\"https:\/\/ecoforma.ca\/wp-content\/uploads\/ecoforma-logo-mobile-ret-en.png\",\"contentUrl\":\"https:\/\/ecoforma.ca\/wp-content\/uploads\/ecoforma-logo-mobile-ret-en.png\",\"width\":370,\"height\":80,\"caption\":\"Eco-Forma Inc.\"},\"image\":{\"@id\":\"https:\/\/ecoforma.ca\/#\/schema\/logo\/image\/\"},\"sameAs\":[\"https:\/\/www.facebook.com\/ecoformainc\/\"]}]}<\/script>\n<!-- \/ Yoast SEO plugin. -->","yoast_head_json":{"title":"SEL TRAIT\u00c9 AVEC FUSION - Eco-Forma Inc.","description":"Notre sel trait\u00e9 avec liquide FUSION est moins corrosif, \u00e9cologique et plus efficace que les fondants conventionnels et ce jusqu'\u00e0 -30 C.","robots":{"index":"index","follow":"follow","max-snippet":"max-snippet:-1","max-image-preview":"max-image-preview:large","max-video-preview":"max-video-preview:-1"},"canonical":"https:\/\/ecoforma.ca\/fr\/sel-traite\/","og_locale":"fr_FR","og_type":"article","og_title":"SEL TRAIT\u00c9 AVEC FUSION - Eco-Forma Inc.","og_description":"Notre sel trait\u00e9 avec liquide FUSION est moins corrosif, \u00e9cologique et plus efficace que les fondants conventionnels et ce jusqu'\u00e0 -30 C.","og_url":"https:\/\/ecoforma.ca\/fr\/sel-traite\/","og_site_name":"Eco-Forma Inc.","article_publisher":"https:\/\/www.facebook.com\/ecoformainc\/","article_modified_time":"2019-08-23T14:59:22+00:00","og_image":[{"url":"https:\/\/ecoforma.ca\/wp-content\/uploads\/2012\/03\/road-salt.jpg","type":"","width":"","height":""}],"twitter_card":"summary_large_image","twitter_misc":{"Dur\u00e9e de lecture estim\u00e9e":"1 minute"},"schema":{"@context":"https:\/\/schema.org","@graph":[{"@type":"WebPage","@id":"https:\/\/ecoforma.ca\/fr\/sel-traite\/","url":"https:\/\/ecoforma.ca\/fr\/sel-traite\/","name":"SEL TRAIT\u00c9 AVEC FUSION - Eco-Forma Inc.","isPartOf":{"@id":"https:\/\/ecoforma.ca\/#website"},"primaryImageOfPage":{"@id":"https:\/\/ecoforma.ca\/fr\/sel-traite\/#primaryimage"},"image":{"@id":"https:\/\/ecoforma.ca\/fr\/sel-traite\/#primaryimage"},"thumbnailUrl":"https:\/\/ecoforma.ca\/wp-content\/uploads\/2012\/03\/road-salt.jpg","datePublished":"2012-03-16T19:02:01+00:00","dateModified":"2019-08-23T14:59:22+00:00","description":"Notre sel trait\u00e9 avec liquide FUSION est moins corrosif, \u00e9cologique et plus efficace que les fondants conventionnels et ce jusqu'\u00e0 -30 C.","breadcrumb":{"@id":"https:\/\/ecoforma.ca\/fr\/sel-traite\/#breadcrumb"},"inLanguage":"fr-FR","potentialAction":[{"@type":"ReadAction","target":["https:\/\/ecoforma.ca\/fr\/sel-traite\/"]}]},{"@type":"ImageObject","inLanguage":"fr-FR","@id":"https:\/\/ecoforma.ca\/fr\/sel-traite\/#primaryimage","url":"https:\/\/ecoforma.ca\/wp-content\/uploads\/2012\/03\/road-salt.jpg","contentUrl":"https:\/\/ecoforma.ca\/wp-content\/uploads\/2012\/03\/road-salt.jpg"},{"@type":"BreadcrumbList","@id":"https:\/\/ecoforma.ca\/fr\/sel-traite\/#breadcrumb","itemListElement":[{"@type":"ListItem","position":1,"name":"Home","item":"https:\/\/ecoforma.ca\/fr\/"},{"@type":"ListItem","position":2,"name":"SEL TRAIT\u00c9 AVEC FUSION"}]},{"@type":"WebSite","@id":"https:\/\/ecoforma.ca\/#website","url":"https:\/\/ecoforma.ca\/","name":"Eco-Forma Inc.","description":"Environmental Solutions","publisher":{"@id":"https:\/\/ecoforma.ca\/#organization"},"potentialAction":[{"@type":"SearchAction","target":{"@type":"EntryPoint","urlTemplate":"https:\/\/ecoforma.ca\/?s={search_term_string}"},"query-input":{"@type":"PropertyValueSpecification","valueRequired":true,"valueName":"search_term_string"}}],"inLanguage":"fr-FR"},{"@type":"Organization","@id":"https:\/\/ecoforma.ca\/#organization","name":"Eco-Forma Inc.","url":"https:\/\/ecoforma.ca\/","logo":{"@type":"ImageObject","inLanguage":"fr-FR","@id":"https:\/\/ecoforma.ca\/#\/schema\/logo\/image\/","url":"https:\/\/ecoforma.ca\/wp-content\/uploads\/ecoforma-logo-mobile-ret-en.png","contentUrl":"https:\/\/ecoforma.ca\/wp-content\/uploads\/ecoforma-logo-mobile-ret-en.png","width":370,"height":80,"caption":"Eco-Forma Inc."},"image":{"@id":"https:\/\/ecoforma.ca\/#\/schema\/logo\/image\/"},"sameAs":["https:\/\/www.facebook.com\/ecoformainc\/"]}]}},"_links":{"self":[{"href":"https:\/\/ecoforma.ca\/fr\/wp-json\/wp\/v2\/pages\/339","targetHints":{"allow":["GET"]}}],"collection":[{"href":"https:\/\/ecoforma.ca\/fr\/wp-json\/wp\/v2\/pages"}],"about":[{"href":"https:\/\/ecoforma.ca\/fr\/wp-json\/wp\/v2\/types\/page"}],"author":[{"embeddable":true,"href":"https:\/\/ecoforma.ca\/fr\/wp-json\/wp\/v2\/users\/3"}],"replies":[{"embeddable":true,"href":"https:\/\/ecoforma.ca\/fr\/wp-json\/wp\/v2\/comments?post=339"}],"version-history":[{"count":25,"href":"https:\/\/ecoforma.ca\/fr\/wp-json\/wp\/v2\/pages\/339\/revisions"}],"predecessor-version":[{"id":1957,"href":"https:\/\/ecoforma.ca\/fr\/wp-json\/wp\/v2\/pages\/339\/revisions\/1957"}],"wp:attachment":[{"href":"https:\/\/ecoforma.ca\/fr\/wp-json\/wp\/v2\/media?parent=339"}],"curies":[{"name":"wp","href":"https:\/\/api.w.org\/{rel}","templated":true}]}}