{"id":343,"date":"2012-03-16T14:06:35","date_gmt":"2012-03-16T19:06:35","guid":{"rendered":"https:\/\/ecoforma.ca\/?page_id=343"},"modified":"2023-07-11T09:12:43","modified_gmt":"2023-07-11T14:12:43","slug":"vinaigre-horticole","status":"publish","type":"page","link":"https:\/\/ecoforma.ca\/fr\/vinaigre-horticole\/","title":{"rendered":"VINAIGRE HORTICOLE 20 %"},"content":{"rendered":"<div class=\"wpb-content-wrapper\"><p>[vc_row][vc_column width=\u00a0\u00bb1\/2&Prime;][vc_column_text]<img loading=\"lazy\" decoding=\"async\" class=\"alignnone size-full wp-image-2489\" src=\"https:\/\/ecoforma.ca\/wp-content\/uploads\/Vinaigre-Horticol.jpg\" alt=\"Vinaigre Horticol\" width=\"800\" height=\"545\" srcset=\"https:\/\/ecoforma.ca\/wp-content\/uploads\/Vinaigre-Horticol.jpg 800w, https:\/\/ecoforma.ca\/wp-content\/uploads\/Vinaigre-Horticol-300x204.jpg 300w, https:\/\/ecoforma.ca\/wp-content\/uploads\/Vinaigre-Horticol-768x523.jpg 768w\" sizes=\"auto, (max-width: 800px) 100vw, 800px\" \/>[\/vc_column_text][\/vc_column][vc_column width=\u00a0\u00bb1\/2&Prime;][vc_column_text]<\/p>\n<h4>Notre VINAIGRE HORTICOLE 20 % est un excellent herbicide (d\u00e9sherbant) non-s\u00e9lectif.\u00a0 Il est homologu\u00e9 en vertu de la Loi sur les Produits Antiparasitaires du Canada. Notre surfactant permet au produit de mieux adh\u00e9rer aux mauvaises herbes et am\u00e9liorant ainsi son efficacit\u00e9.<\/h4>\n<p>[\/vc_column_text][vc_row_inner][vc_column_inner width=\u00a0\u00bb1\/2&Prime;]<div class=\"standard-arrow bullet-top\"><h4>Applications<\/h4>\n<ul>\n<li>Stationnements, trottoirs, en bordure des b\u00e2timents<\/li>\n<li>Pav\u00e9-Uni<\/li>\n<li>Patios<\/li>\n<li>Autour des piscines<\/li>\n<li>Ma\u00e7onneries d\u00e9coratives<\/li>\n<\/ul>\n<\/div>[\/vc_column_inner][vc_column_inner width=\u00a0\u00bb1\/2&Prime;]<div class=\"standard-arrow bullet-top\"><h4>Avantages<\/h4>\n<ul>\n<li>100% naturel<\/li>\n<li>Ne laisse pas de r\u00e9sidu toxique dans la terre<\/li>\n<\/ul>\n<h4>Formats disponibles<\/h4>\n<ul>\n<li>1 000 Litre &#8211; r\u00e9servoir (t\u00f4te)<\/li>\n<li>200 Litre &#8211; baril<\/li>\n<li>20 Litre &#8211; chaudi\u00e8re<\/li>\n<\/ul>\n<\/div>[\/vc_column_inner][\/vc_row_inner][\/vc_column][\/vc_row][vc_row css=\u00a0\u00bb.vc_custom_1689084758733{margin-top: 30px !important;}\u00a0\u00bb][vc_column][vc_column_text]<\/p>\n<div align=\"center\">No d\u2019homologation Sant\u00e9 Canada : 30482 (Loi sur les produits antiparasitaires).<\/div>\n<p>[\/vc_column_text][\/vc_column][\/vc_row]<\/p>\n<\/div>","protected":false},"excerpt":{"rendered":"<p>[vc_row][vc_column width=\u00a0\u00bb1\/2&Prime;][vc_column_text][\/vc_column_text][\/vc_column][vc_column width=\u00a0\u00bb1\/2&Prime;][vc_column_text] Notre VINAIGRE HORTICOLE 20 % est un excellent herbicide (d\u00e9sherbant) non-s\u00e9lectif.\u00a0 Il est homologu\u00e9 en vertu de la Loi sur les Produits Antiparasitaires du Canada. Notre surfactant permet au produit de mieux adh\u00e9rer aux mauvaises herbes et am\u00e9liorant ainsi son efficacit\u00e9. [\/vc_column_text][vc_row_inner][vc_column_inner width=\u00a0\u00bb1\/2&Prime;][\/vc_column_inner][vc_column_inner width=\u00a0\u00bb1\/2&Prime;][\/vc_column_inner][\/vc_row_inner][\/vc_column][\/vc_row][vc_row css=\u00a0\u00bb.vc_custom_1689084758733{margin-top: 30px !important;}\u00a0\u00bb][vc_column][vc_column_text] No d\u2019homologation Sant\u00e9 Canada :&hellip;<\/p>\n","protected":false},"author":3,"featured_media":0,"parent":0,"menu_order":0,"comment_status":"closed","ping_status":"closed","template":"","meta":{"footnotes":""},"class_list":["post-343","page","type-page","status-publish","hentry","description-off"],"yoast_head":"<!-- This site is optimized with the Yoast SEO plugin v24.0 - https:\/\/yoast.com\/wordpress\/plugins\/seo\/ -->\n<title>VINAIGRE HORTICOLE 20 % - Eco-Forma Inc.<\/title>\n<meta name=\"robots\" content=\"index, follow, max-snippet:-1, max-image-preview:large, max-video-preview:-1\" \/>\n<link rel=\"canonical\" href=\"https:\/\/ecoforma.ca\/fr\/vinaigre-horticole\/\" \/>\n<meta property=\"og:locale\" content=\"fr_FR\" \/>\n<meta property=\"og:type\" content=\"article\" \/>\n<meta property=\"og:title\" content=\"VINAIGRE HORTICOLE 20 % - Eco-Forma Inc.\" \/>\n<meta property=\"og:description\" content=\"[vc_row][vc_column width=\u00a0\u00bb1\/2&Prime;][vc_column_text][\/vc_column_text][\/vc_column][vc_column width=\u00a0\u00bb1\/2&Prime;][vc_column_text] Notre VINAIGRE HORTICOLE 20 % est un excellent herbicide (d\u00e9sherbant) non-s\u00e9lectif.\u00a0 Il est homologu\u00e9 en vertu de la Loi sur les Produits Antiparasitaires du Canada. Notre surfactant permet au produit de mieux adh\u00e9rer aux mauvaises herbes et am\u00e9liorant ainsi son efficacit\u00e9. [\/vc_column_text][vc_row_inner][vc_column_inner width=\u00a0\u00bb1\/2&Prime;][\/vc_column_inner][vc_column_inner width=\u00a0\u00bb1\/2&Prime;][\/vc_column_inner][\/vc_row_inner][\/vc_column][\/vc_row][vc_row css=\u00a0\u00bb.vc_custom_1689084758733{margin-top: 30px !important;}\u00a0\u00bb][vc_column][vc_column_text] No d\u2019homologation Sant\u00e9 Canada :&hellip;\" \/>\n<meta property=\"og:url\" content=\"https:\/\/ecoforma.ca\/fr\/vinaigre-horticole\/\" \/>\n<meta property=\"og:site_name\" content=\"Eco-Forma Inc.\" \/>\n<meta property=\"article:publisher\" content=\"https:\/\/www.facebook.com\/ecoformainc\/\" \/>\n<meta property=\"article:modified_time\" content=\"2023-07-11T14:12:43+00:00\" \/>\n<meta property=\"og:image\" content=\"https:\/\/ecoforma.ca\/wp-content\/uploads\/Vinaigre-Horticol.jpg\" \/>\n<meta name=\"twitter:card\" content=\"summary_large_image\" \/>\n<meta name=\"twitter:label1\" content=\"Dur\u00e9e de lecture estim\u00e9e\" \/>\n\t<meta name=\"twitter:data1\" content=\"1 minute\" \/>\n<script type=\"application\/ld+json\" class=\"yoast-schema-graph\">{\"@context\":\"https:\/\/schema.org\",\"@graph\":[{\"@type\":\"WebPage\",\"@id\":\"https:\/\/ecoforma.ca\/fr\/vinaigre-horticole\/\",\"url\":\"https:\/\/ecoforma.ca\/fr\/vinaigre-horticole\/\",\"name\":\"VINAIGRE HORTICOLE 20 % - Eco-Forma Inc.\",\"isPartOf\":{\"@id\":\"https:\/\/ecoforma.ca\/#website\"},\"primaryImageOfPage\":{\"@id\":\"https:\/\/ecoforma.ca\/fr\/vinaigre-horticole\/#primaryimage\"},\"image\":{\"@id\":\"https:\/\/ecoforma.ca\/fr\/vinaigre-horticole\/#primaryimage\"},\"thumbnailUrl\":\"https:\/\/ecoforma.ca\/wp-content\/uploads\/Vinaigre-Horticol.jpg\",\"datePublished\":\"2012-03-16T19:06:35+00:00\",\"dateModified\":\"2023-07-11T14:12:43+00:00\",\"breadcrumb\":{\"@id\":\"https:\/\/ecoforma.ca\/fr\/vinaigre-horticole\/#breadcrumb\"},\"inLanguage\":\"fr-FR\",\"potentialAction\":[{\"@type\":\"ReadAction\",\"target\":[\"https:\/\/ecoforma.ca\/fr\/vinaigre-horticole\/\"]}]},{\"@type\":\"ImageObject\",\"inLanguage\":\"fr-FR\",\"@id\":\"https:\/\/ecoforma.ca\/fr\/vinaigre-horticole\/#primaryimage\",\"url\":\"https:\/\/ecoforma.ca\/wp-content\/uploads\/Vinaigre-Horticol.jpg\",\"contentUrl\":\"https:\/\/ecoforma.ca\/wp-content\/uploads\/Vinaigre-Horticol.jpg\"},{\"@type\":\"BreadcrumbList\",\"@id\":\"https:\/\/ecoforma.ca\/fr\/vinaigre-horticole\/#breadcrumb\",\"itemListElement\":[{\"@type\":\"ListItem\",\"position\":1,\"name\":\"Home\",\"item\":\"https:\/\/ecoforma.ca\/fr\/\"},{\"@type\":\"ListItem\",\"position\":2,\"name\":\"VINAIGRE HORTICOLE 20 %\"}]},{\"@type\":\"WebSite\",\"@id\":\"https:\/\/ecoforma.ca\/#website\",\"url\":\"https:\/\/ecoforma.ca\/\",\"name\":\"Eco-Forma Inc.\",\"description\":\"Environmental Solutions\",\"publisher\":{\"@id\":\"https:\/\/ecoforma.ca\/#organization\"},\"potentialAction\":[{\"@type\":\"SearchAction\",\"target\":{\"@type\":\"EntryPoint\",\"urlTemplate\":\"https:\/\/ecoforma.ca\/?s={search_term_string}\"},\"query-input\":{\"@type\":\"PropertyValueSpecification\",\"valueRequired\":true,\"valueName\":\"search_term_string\"}}],\"inLanguage\":\"fr-FR\"},{\"@type\":\"Organization\",\"@id\":\"https:\/\/ecoforma.ca\/#organization\",\"name\":\"Eco-Forma Inc.\",\"url\":\"https:\/\/ecoforma.ca\/\",\"logo\":{\"@type\":\"ImageObject\",\"inLanguage\":\"fr-FR\",\"@id\":\"https:\/\/ecoforma.ca\/#\/schema\/logo\/image\/\",\"url\":\"https:\/\/ecoforma.ca\/wp-content\/uploads\/ecoforma-logo-mobile-ret-en.png\",\"contentUrl\":\"https:\/\/ecoforma.ca\/wp-content\/uploads\/ecoforma-logo-mobile-ret-en.png\",\"width\":370,\"height\":80,\"caption\":\"Eco-Forma Inc.\"},\"image\":{\"@id\":\"https:\/\/ecoforma.ca\/#\/schema\/logo\/image\/\"},\"sameAs\":[\"https:\/\/www.facebook.com\/ecoformainc\/\"]}]}<\/script>\n<!-- \/ Yoast SEO plugin. -->","yoast_head_json":{"title":"VINAIGRE HORTICOLE 20 % - Eco-Forma Inc.","robots":{"index":"index","follow":"follow","max-snippet":"max-snippet:-1","max-image-preview":"max-image-preview:large","max-video-preview":"max-video-preview:-1"},"canonical":"https:\/\/ecoforma.ca\/fr\/vinaigre-horticole\/","og_locale":"fr_FR","og_type":"article","og_title":"VINAIGRE HORTICOLE 20 % - Eco-Forma Inc.","og_description":"[vc_row][vc_column width=\u00a0\u00bb1\/2&Prime;][vc_column_text][\/vc_column_text][\/vc_column][vc_column width=\u00a0\u00bb1\/2&Prime;][vc_column_text] Notre VINAIGRE HORTICOLE 20 % est un excellent herbicide (d\u00e9sherbant) non-s\u00e9lectif.\u00a0 Il est homologu\u00e9 en vertu de la Loi sur les Produits Antiparasitaires du Canada. Notre surfactant permet au produit de mieux adh\u00e9rer aux mauvaises herbes et am\u00e9liorant ainsi son efficacit\u00e9. [\/vc_column_text][vc_row_inner][vc_column_inner width=\u00a0\u00bb1\/2&Prime;][\/vc_column_inner][vc_column_inner width=\u00a0\u00bb1\/2&Prime;][\/vc_column_inner][\/vc_row_inner][\/vc_column][\/vc_row][vc_row css=\u00a0\u00bb.vc_custom_1689084758733{margin-top: 30px !important;}\u00a0\u00bb][vc_column][vc_column_text] No d\u2019homologation Sant\u00e9 Canada :&hellip;","og_url":"https:\/\/ecoforma.ca\/fr\/vinaigre-horticole\/","og_site_name":"Eco-Forma Inc.","article_publisher":"https:\/\/www.facebook.com\/ecoformainc\/","article_modified_time":"2023-07-11T14:12:43+00:00","og_image":[{"url":"https:\/\/ecoforma.ca\/wp-content\/uploads\/Vinaigre-Horticol.jpg","type":"","width":"","height":""}],"twitter_card":"summary_large_image","twitter_misc":{"Dur\u00e9e de lecture estim\u00e9e":"1 minute"},"schema":{"@context":"https:\/\/schema.org","@graph":[{"@type":"WebPage","@id":"https:\/\/ecoforma.ca\/fr\/vinaigre-horticole\/","url":"https:\/\/ecoforma.ca\/fr\/vinaigre-horticole\/","name":"VINAIGRE HORTICOLE 20 % - Eco-Forma Inc.","isPartOf":{"@id":"https:\/\/ecoforma.ca\/#website"},"primaryImageOfPage":{"@id":"https:\/\/ecoforma.ca\/fr\/vinaigre-horticole\/#primaryimage"},"image":{"@id":"https:\/\/ecoforma.ca\/fr\/vinaigre-horticole\/#primaryimage"},"thumbnailUrl":"https:\/\/ecoforma.ca\/wp-content\/uploads\/Vinaigre-Horticol.jpg","datePublished":"2012-03-16T19:06:35+00:00","dateModified":"2023-07-11T14:12:43+00:00","breadcrumb":{"@id":"https:\/\/ecoforma.ca\/fr\/vinaigre-horticole\/#breadcrumb"},"inLanguage":"fr-FR","potentialAction":[{"@type":"ReadAction","target":["https:\/\/ecoforma.ca\/fr\/vinaigre-horticole\/"]}]},{"@type":"ImageObject","inLanguage":"fr-FR","@id":"https:\/\/ecoforma.ca\/fr\/vinaigre-horticole\/#primaryimage","url":"https:\/\/ecoforma.ca\/wp-content\/uploads\/Vinaigre-Horticol.jpg","contentUrl":"https:\/\/ecoforma.ca\/wp-content\/uploads\/Vinaigre-Horticol.jpg"},{"@type":"BreadcrumbList","@id":"https:\/\/ecoforma.ca\/fr\/vinaigre-horticole\/#breadcrumb","itemListElement":[{"@type":"ListItem","position":1,"name":"Home","item":"https:\/\/ecoforma.ca\/fr\/"},{"@type":"ListItem","position":2,"name":"VINAIGRE HORTICOLE 20 %"}]},{"@type":"WebSite","@id":"https:\/\/ecoforma.ca\/#website","url":"https:\/\/ecoforma.ca\/","name":"Eco-Forma Inc.","description":"Environmental Solutions","publisher":{"@id":"https:\/\/ecoforma.ca\/#organization"},"potentialAction":[{"@type":"SearchAction","target":{"@type":"EntryPoint","urlTemplate":"https:\/\/ecoforma.ca\/?s={search_term_string}"},"query-input":{"@type":"PropertyValueSpecification","valueRequired":true,"valueName":"search_term_string"}}],"inLanguage":"fr-FR"},{"@type":"Organization","@id":"https:\/\/ecoforma.ca\/#organization","name":"Eco-Forma Inc.","url":"https:\/\/ecoforma.ca\/","logo":{"@type":"ImageObject","inLanguage":"fr-FR","@id":"https:\/\/ecoforma.ca\/#\/schema\/logo\/image\/","url":"https:\/\/ecoforma.ca\/wp-content\/uploads\/ecoforma-logo-mobile-ret-en.png","contentUrl":"https:\/\/ecoforma.ca\/wp-content\/uploads\/ecoforma-logo-mobile-ret-en.png","width":370,"height":80,"caption":"Eco-Forma Inc."},"image":{"@id":"https:\/\/ecoforma.ca\/#\/schema\/logo\/image\/"},"sameAs":["https:\/\/www.facebook.com\/ecoformainc\/"]}]}},"_links":{"self":[{"href":"https:\/\/ecoforma.ca\/fr\/wp-json\/wp\/v2\/pages\/343","targetHints":{"allow":["GET"]}}],"collection":[{"href":"https:\/\/ecoforma.ca\/fr\/wp-json\/wp\/v2\/pages"}],"about":[{"href":"https:\/\/ecoforma.ca\/fr\/wp-json\/wp\/v2\/types\/page"}],"author":[{"embeddable":true,"href":"https:\/\/ecoforma.ca\/fr\/wp-json\/wp\/v2\/users\/3"}],"replies":[{"embeddable":true,"href":"https:\/\/ecoforma.ca\/fr\/wp-json\/wp\/v2\/comments?post=343"}],"version-history":[{"count":27,"href":"https:\/\/ecoforma.ca\/fr\/wp-json\/wp\/v2\/pages\/343\/revisions"}],"predecessor-version":[{"id":2500,"href":"https:\/\/ecoforma.ca\/fr\/wp-json\/wp\/v2\/pages\/343\/revisions\/2500"}],"wp:attachment":[{"href":"https:\/\/ecoforma.ca\/fr\/wp-json\/wp\/v2\/media?parent=343"}],"curies":[{"name":"wp","href":"https:\/\/api.w.org\/{rel}","templated":true}]}}