{"id":351,"date":"2012-03-16T14:17:54","date_gmt":"2012-03-16T19:17:54","guid":{"rendered":"https:\/\/ecoforma.ca\/?page_id=351"},"modified":"2022-08-16T14:30:34","modified_gmt":"2022-08-16T19:30:34","slug":"ballast-pour-pneus","status":"publish","type":"page","link":"https:\/\/ecoforma.ca\/fr\/ballast-pour-pneus\/","title":{"rendered":"BALLAST POUR PNEUS"},"content":{"rendered":"<div class=\"wpb-content-wrapper\"><p>[vc_row][vc_column][vc_column_text]<\/p>\n<h3>FUSION Ballast pour pneus est un d\u00e9riv\u00e9 de betteraves \u00e0 sucre qui contient aucunes mati\u00e8res corrosives &#8211; aucun chlorures. Il ne rouillera pas vos roues. Il est 30% plus lourd que l&rsquo;eau et r\u00e9siste aux gel jusque -40 <sup>0<\/sup>C.<\/h3>\n<p>[\/vc_column_text][\/vc_column][\/vc_row][vc_row][vc_column width=\u00a0\u00bb1\/2&Prime;][vc_column_text]<\/p>\n<h3>Avantages<\/h3>\n<ul>\n<li>Bon rapport poid\/volume (30% plus lourd que l&rsquo;eau)<\/li>\n<li>100% biologique, sans danger pour l&rsquo;environnement<\/li>\n<li>R\u00e9sistant au gel (-40 <sup>0<\/sup>C)<\/li>\n<li>Aucun magn\u00e9sium ou calcium<\/li>\n<li>Biod\u00e9gradable, non-toxique<\/li>\n<\/ul>\n<h3>Quantiti\u00e9s disponible<\/h3>\n<ul>\n<li>1000 Litre &#8211; R\u00e9servoir amovible (Tote)<\/li>\n<li>200 Litre &#8211; Baril<\/li>\n<li>20 Litre &#8211; Sceau<\/li>\n<\/ul>\n<p>[\/vc_column_text][vc_btn title=\u00a0\u00bbT\u00c9L\u00c9CHARGER BROCHURE\u00a0\u00bb style=\u00a0\u00bbcustom\u00a0\u00bb custom_background=\u00a0\u00bb#63b243&Prime; custom_text=\u00a0\u00bb#ffffff\u00a0\u00bb i_icon_fontawesome=\u00a0\u00bb\u00a0\u00bb add_icon=\u00a0\u00bbtrue\u00a0\u00bb link=\u00a0\u00bburl:https%3A%2F%2Fecoforma.ca%2Fwp-content%2Fuploads%2FEco-Forma-Fusion-Liquide-Ballast-pour-pneus.pdf|target:_blank\u00a0\u00bb][\/vc_column][vc_column width=\u00a0\u00bb1\/2&Prime;][vc_column_text]<img loading=\"lazy\" decoding=\"async\" class=\"alignnone size-full wp-image-1315\" src=\"https:\/\/ecoforma.ca\/wp-content\/uploads\/tractor-tire.jpg\" alt=\"Ballast\" width=\"640\" height=\"640\" srcset=\"https:\/\/ecoforma.ca\/wp-content\/uploads\/tractor-tire.jpg 640w, https:\/\/ecoforma.ca\/wp-content\/uploads\/tractor-tire-150x150.jpg 150w, https:\/\/ecoforma.ca\/wp-content\/uploads\/tractor-tire-300x300.jpg 300w, https:\/\/ecoforma.ca\/wp-content\/uploads\/tractor-tire-180x180.jpg 180w, https:\/\/ecoforma.ca\/wp-content\/uploads\/tractor-tire-600x600.jpg 600w\" sizes=\"auto, (max-width: 640px) 100vw, 640px\" \/>[\/vc_column_text][\/vc_column][\/vc_row]<\/p>\n<\/div>","protected":false},"excerpt":{"rendered":"<p>[vc_row][vc_column][vc_column_text] FUSION Ballast pour pneus est un d\u00e9riv\u00e9 de betteraves \u00e0 sucre qui contient aucunes mati\u00e8res corrosives &#8211; aucun chlorures. Il ne rouillera pas vos roues. Il est 30% plus lourd que l&rsquo;eau et r\u00e9siste aux gel jusque -40 0C. [\/vc_column_text][\/vc_column][\/vc_row][vc_row][vc_column width=\u00a0\u00bb1\/2&Prime;][vc_column_text] Avantages Bon rapport poid\/volume (30% plus lourd que l&rsquo;eau) 100% biologique, sans danger&hellip;<\/p>\n","protected":false},"author":3,"featured_media":1315,"parent":0,"menu_order":0,"comment_status":"closed","ping_status":"closed","template":"","meta":{"footnotes":""},"class_list":["post-351","page","type-page","status-publish","has-post-thumbnail","hentry","description-off"],"yoast_head":"<!-- This site is optimized with the Yoast SEO plugin v24.0 - https:\/\/yoast.com\/wordpress\/plugins\/seo\/ -->\n<title>BALLAST POUR PNEUS - Eco-Forma Inc.<\/title>\n<meta name=\"robots\" content=\"index, follow, max-snippet:-1, max-image-preview:large, max-video-preview:-1\" \/>\n<link rel=\"canonical\" href=\"https:\/\/ecoforma.ca\/ballast-pour-pneus\/\" \/>\n<meta property=\"og:locale\" content=\"fr_FR\" \/>\n<meta property=\"og:type\" content=\"article\" \/>\n<meta property=\"og:title\" content=\"BALLAST POUR PNEUS - Eco-Forma Inc.\" \/>\n<meta property=\"og:description\" content=\"[vc_row][vc_column][vc_column_text] FUSION Ballast pour pneus est un d\u00e9riv\u00e9 de betteraves \u00e0 sucre qui contient aucunes mati\u00e8res corrosives &#8211; aucun chlorures. Il ne rouillera pas vos roues. Il est 30% plus lourd que l&rsquo;eau et r\u00e9siste aux gel jusque -40 0C. [\/vc_column_text][\/vc_column][\/vc_row][vc_row][vc_column width=\u00a0\u00bb1\/2&Prime;][vc_column_text] Avantages Bon rapport poid\/volume (30% plus lourd que l&rsquo;eau) 100% biologique, sans danger&hellip;\" \/>\n<meta property=\"og:url\" content=\"https:\/\/ecoforma.ca\/ballast-pour-pneus\/\" \/>\n<meta property=\"og:site_name\" content=\"Eco-Forma Inc.\" \/>\n<meta property=\"article:publisher\" content=\"https:\/\/www.facebook.com\/ecoformainc\/\" \/>\n<meta property=\"article:modified_time\" content=\"2022-08-16T19:30:34+00:00\" \/>\n<meta property=\"og:image\" content=\"https:\/\/ecoforma.ca\/wp-content\/uploads\/tractor-tire.jpg\" \/>\n\t<meta property=\"og:image:width\" content=\"640\" \/>\n\t<meta property=\"og:image:height\" content=\"640\" \/>\n\t<meta property=\"og:image:type\" content=\"image\/jpeg\" \/>\n<meta name=\"twitter:card\" content=\"summary_large_image\" \/>\n<meta name=\"twitter:label1\" content=\"Dur\u00e9e de lecture estim\u00e9e\" \/>\n\t<meta name=\"twitter:data1\" content=\"1 minute\" \/>\n<script type=\"application\/ld+json\" class=\"yoast-schema-graph\">{\"@context\":\"https:\/\/schema.org\",\"@graph\":[{\"@type\":\"WebPage\",\"@id\":\"https:\/\/ecoforma.ca\/ballast-pour-pneus\/\",\"url\":\"https:\/\/ecoforma.ca\/ballast-pour-pneus\/\",\"name\":\"BALLAST POUR PNEUS - Eco-Forma Inc.\",\"isPartOf\":{\"@id\":\"https:\/\/ecoforma.ca\/#website\"},\"primaryImageOfPage\":{\"@id\":\"https:\/\/ecoforma.ca\/ballast-pour-pneus\/#primaryimage\"},\"image\":{\"@id\":\"https:\/\/ecoforma.ca\/ballast-pour-pneus\/#primaryimage\"},\"thumbnailUrl\":\"https:\/\/ecoforma.ca\/wp-content\/uploads\/tractor-tire.jpg\",\"datePublished\":\"2012-03-16T19:17:54+00:00\",\"dateModified\":\"2022-08-16T19:30:34+00:00\",\"breadcrumb\":{\"@id\":\"https:\/\/ecoforma.ca\/ballast-pour-pneus\/#breadcrumb\"},\"inLanguage\":\"fr-FR\",\"potentialAction\":[{\"@type\":\"ReadAction\",\"target\":[\"https:\/\/ecoforma.ca\/ballast-pour-pneus\/\"]}]},{\"@type\":\"ImageObject\",\"inLanguage\":\"fr-FR\",\"@id\":\"https:\/\/ecoforma.ca\/ballast-pour-pneus\/#primaryimage\",\"url\":\"https:\/\/ecoforma.ca\/wp-content\/uploads\/tractor-tire.jpg\",\"contentUrl\":\"https:\/\/ecoforma.ca\/wp-content\/uploads\/tractor-tire.jpg\",\"width\":640,\"height\":640,\"caption\":\"Ballast\"},{\"@type\":\"BreadcrumbList\",\"@id\":\"https:\/\/ecoforma.ca\/ballast-pour-pneus\/#breadcrumb\",\"itemListElement\":[{\"@type\":\"ListItem\",\"position\":1,\"name\":\"Home\",\"item\":\"https:\/\/ecoforma.ca\/fr\/\"},{\"@type\":\"ListItem\",\"position\":2,\"name\":\"BALLAST POUR PNEUS\"}]},{\"@type\":\"WebSite\",\"@id\":\"https:\/\/ecoforma.ca\/#website\",\"url\":\"https:\/\/ecoforma.ca\/\",\"name\":\"Eco-Forma Inc.\",\"description\":\"Environmental Solutions\",\"publisher\":{\"@id\":\"https:\/\/ecoforma.ca\/#organization\"},\"potentialAction\":[{\"@type\":\"SearchAction\",\"target\":{\"@type\":\"EntryPoint\",\"urlTemplate\":\"https:\/\/ecoforma.ca\/?s={search_term_string}\"},\"query-input\":{\"@type\":\"PropertyValueSpecification\",\"valueRequired\":true,\"valueName\":\"search_term_string\"}}],\"inLanguage\":\"fr-FR\"},{\"@type\":\"Organization\",\"@id\":\"https:\/\/ecoforma.ca\/#organization\",\"name\":\"Eco-Forma Inc.\",\"url\":\"https:\/\/ecoforma.ca\/\",\"logo\":{\"@type\":\"ImageObject\",\"inLanguage\":\"fr-FR\",\"@id\":\"https:\/\/ecoforma.ca\/#\/schema\/logo\/image\/\",\"url\":\"https:\/\/ecoforma.ca\/wp-content\/uploads\/ecoforma-logo-mobile-ret-en.png\",\"contentUrl\":\"https:\/\/ecoforma.ca\/wp-content\/uploads\/ecoforma-logo-mobile-ret-en.png\",\"width\":370,\"height\":80,\"caption\":\"Eco-Forma Inc.\"},\"image\":{\"@id\":\"https:\/\/ecoforma.ca\/#\/schema\/logo\/image\/\"},\"sameAs\":[\"https:\/\/www.facebook.com\/ecoformainc\/\"]}]}<\/script>\n<!-- \/ Yoast SEO plugin. -->","yoast_head_json":{"title":"BALLAST POUR PNEUS - Eco-Forma Inc.","robots":{"index":"index","follow":"follow","max-snippet":"max-snippet:-1","max-image-preview":"max-image-preview:large","max-video-preview":"max-video-preview:-1"},"canonical":"https:\/\/ecoforma.ca\/ballast-pour-pneus\/","og_locale":"fr_FR","og_type":"article","og_title":"BALLAST POUR PNEUS - Eco-Forma Inc.","og_description":"[vc_row][vc_column][vc_column_text] FUSION Ballast pour pneus est un d\u00e9riv\u00e9 de betteraves \u00e0 sucre qui contient aucunes mati\u00e8res corrosives &#8211; aucun chlorures. Il ne rouillera pas vos roues. Il est 30% plus lourd que l&rsquo;eau et r\u00e9siste aux gel jusque -40 0C. [\/vc_column_text][\/vc_column][\/vc_row][vc_row][vc_column width=\u00a0\u00bb1\/2&Prime;][vc_column_text] Avantages Bon rapport poid\/volume (30% plus lourd que l&rsquo;eau) 100% biologique, sans danger&hellip;","og_url":"https:\/\/ecoforma.ca\/ballast-pour-pneus\/","og_site_name":"Eco-Forma Inc.","article_publisher":"https:\/\/www.facebook.com\/ecoformainc\/","article_modified_time":"2022-08-16T19:30:34+00:00","og_image":[{"width":640,"height":640,"url":"https:\/\/ecoforma.ca\/wp-content\/uploads\/tractor-tire.jpg","type":"image\/jpeg"}],"twitter_card":"summary_large_image","twitter_misc":{"Dur\u00e9e de lecture estim\u00e9e":"1 minute"},"schema":{"@context":"https:\/\/schema.org","@graph":[{"@type":"WebPage","@id":"https:\/\/ecoforma.ca\/ballast-pour-pneus\/","url":"https:\/\/ecoforma.ca\/ballast-pour-pneus\/","name":"BALLAST POUR PNEUS - Eco-Forma Inc.","isPartOf":{"@id":"https:\/\/ecoforma.ca\/#website"},"primaryImageOfPage":{"@id":"https:\/\/ecoforma.ca\/ballast-pour-pneus\/#primaryimage"},"image":{"@id":"https:\/\/ecoforma.ca\/ballast-pour-pneus\/#primaryimage"},"thumbnailUrl":"https:\/\/ecoforma.ca\/wp-content\/uploads\/tractor-tire.jpg","datePublished":"2012-03-16T19:17:54+00:00","dateModified":"2022-08-16T19:30:34+00:00","breadcrumb":{"@id":"https:\/\/ecoforma.ca\/ballast-pour-pneus\/#breadcrumb"},"inLanguage":"fr-FR","potentialAction":[{"@type":"ReadAction","target":["https:\/\/ecoforma.ca\/ballast-pour-pneus\/"]}]},{"@type":"ImageObject","inLanguage":"fr-FR","@id":"https:\/\/ecoforma.ca\/ballast-pour-pneus\/#primaryimage","url":"https:\/\/ecoforma.ca\/wp-content\/uploads\/tractor-tire.jpg","contentUrl":"https:\/\/ecoforma.ca\/wp-content\/uploads\/tractor-tire.jpg","width":640,"height":640,"caption":"Ballast"},{"@type":"BreadcrumbList","@id":"https:\/\/ecoforma.ca\/ballast-pour-pneus\/#breadcrumb","itemListElement":[{"@type":"ListItem","position":1,"name":"Home","item":"https:\/\/ecoforma.ca\/fr\/"},{"@type":"ListItem","position":2,"name":"BALLAST POUR PNEUS"}]},{"@type":"WebSite","@id":"https:\/\/ecoforma.ca\/#website","url":"https:\/\/ecoforma.ca\/","name":"Eco-Forma Inc.","description":"Environmental Solutions","publisher":{"@id":"https:\/\/ecoforma.ca\/#organization"},"potentialAction":[{"@type":"SearchAction","target":{"@type":"EntryPoint","urlTemplate":"https:\/\/ecoforma.ca\/?s={search_term_string}"},"query-input":{"@type":"PropertyValueSpecification","valueRequired":true,"valueName":"search_term_string"}}],"inLanguage":"fr-FR"},{"@type":"Organization","@id":"https:\/\/ecoforma.ca\/#organization","name":"Eco-Forma Inc.","url":"https:\/\/ecoforma.ca\/","logo":{"@type":"ImageObject","inLanguage":"fr-FR","@id":"https:\/\/ecoforma.ca\/#\/schema\/logo\/image\/","url":"https:\/\/ecoforma.ca\/wp-content\/uploads\/ecoforma-logo-mobile-ret-en.png","contentUrl":"https:\/\/ecoforma.ca\/wp-content\/uploads\/ecoforma-logo-mobile-ret-en.png","width":370,"height":80,"caption":"Eco-Forma Inc."},"image":{"@id":"https:\/\/ecoforma.ca\/#\/schema\/logo\/image\/"},"sameAs":["https:\/\/www.facebook.com\/ecoformainc\/"]}]}},"_links":{"self":[{"href":"https:\/\/ecoforma.ca\/fr\/wp-json\/wp\/v2\/pages\/351","targetHints":{"allow":["GET"]}}],"collection":[{"href":"https:\/\/ecoforma.ca\/fr\/wp-json\/wp\/v2\/pages"}],"about":[{"href":"https:\/\/ecoforma.ca\/fr\/wp-json\/wp\/v2\/types\/page"}],"author":[{"embeddable":true,"href":"https:\/\/ecoforma.ca\/fr\/wp-json\/wp\/v2\/users\/3"}],"replies":[{"embeddable":true,"href":"https:\/\/ecoforma.ca\/fr\/wp-json\/wp\/v2\/comments?post=351"}],"version-history":[{"count":10,"href":"https:\/\/ecoforma.ca\/fr\/wp-json\/wp\/v2\/pages\/351\/revisions"}],"predecessor-version":[{"id":2400,"href":"https:\/\/ecoforma.ca\/fr\/wp-json\/wp\/v2\/pages\/351\/revisions\/2400"}],"wp:featuredmedia":[{"embeddable":true,"href":"https:\/\/ecoforma.ca\/fr\/wp-json\/wp\/v2\/media\/1315"}],"wp:attachment":[{"href":"https:\/\/ecoforma.ca\/fr\/wp-json\/wp\/v2\/media?parent=351"}],"curies":[{"name":"wp","href":"https:\/\/api.w.org\/{rel}","templated":true}]}}