{"id":800,"date":"2016-08-31T13:11:34","date_gmt":"2016-08-31T18:11:34","guid":{"rendered":"https:\/\/ecoforma.ca\/?page_id=800"},"modified":"2023-09-04T14:43:31","modified_gmt":"2023-09-04T19:43:31","slug":"fondant-biologique","status":"publish","type":"page","link":"https:\/\/ecoforma.ca\/fr\/fondant-biologique\/","title":{"rendered":"FONDANT BIOLOGIQUE &#8211; LE SEUL D\u00c9GLA\u00c7ANT QUI COCHE TOUTES LES CASES"},"content":{"rendered":"<div class=\"wpb-content-wrapper\"><p>[vc_row][vc_column width=\u00a0\u00bb1\/2&Prime;][vc_column_text]<img loading=\"lazy\" decoding=\"async\" class=\"alignnone wp-image-2201\" src=\"https:\/\/ecoforma.ca\/wp-content\/uploads\/bag-with-pallet-10-FR-300x247.jpg\" alt=\"\" width=\"423\" height=\"348\" srcset=\"https:\/\/ecoforma.ca\/wp-content\/uploads\/bag-with-pallet-10-FR-300x247.jpg 300w, https:\/\/ecoforma.ca\/wp-content\/uploads\/bag-with-pallet-10-FR-768x632.jpg 768w, https:\/\/ecoforma.ca\/wp-content\/uploads\/bag-with-pallet-10-FR-1024x843.jpg 1024w, https:\/\/ecoforma.ca\/wp-content\/uploads\/bag-with-pallet-10-FR.jpg 1700w\" sizes=\"auto, (max-width: 423px) 100vw, 423px\" \/>[\/vc_column_text][vc_video link=\u00a0\u00bbhttps:\/\/youtu.be\/FEIHSud-gSs\u00a0\u00bb][vc_column_text]<\/p>\n<h4>B\u00e9n\u00e9fices et avantages<\/h4>\n<ul>\n<li>Efficace jusqu&rsquo;\u00e0 -30 <sup>0<\/sup>C<\/li>\n<li>Effet rapide et longue dur\u00e9e<\/li>\n<li>30 % moins corrosif<\/li>\n<li>Protection prolong\u00e9e contre le reg\u00e8le<\/li>\n<li>Sans danger pour les pattes d&rsquo;animaux<\/li>\n<li>Fait fondre 25 % plus de glace<\/li>\n<li>Ne tache pas<\/li>\n<li>Pr\u00e9vient les chutes<\/li>\n<li>Moins de salet\u00e9 tra\u00een\u00e9e \u00e0 l\u2019int\u00e9rieur des b\u00e2timents<\/li>\n<li>Aucun chlorure de magn\u00e9sium, ni chlorure de calcium<\/li>\n<li>Moins corrosif que les autres produits sur le march\u00e9<\/li>\n<li>Ne g\u00e8le pas (gr\u00e2ce au liquide FUSION qu\u2019il contient)<\/li>\n<\/ul>\n<p>[\/vc_column_text][vc_column_text]<\/p>\n<div style=\"font-size: 16px;\">Vous pouvez trouver le Fondant Biologique en ligne et en magasins \u00e0 travers Canada.<\/div>\n<p>[\/vc_column_text][vc_column_text]<\/p>\n<div align=\"center\">\n<h2>Disponible chez:<\/h2>\n<\/div>\n<p>[\/vc_column_text][vc_row_inner][vc_column_inner width=\u00a0\u00bb1\/3&Prime;][vc_column_text]<\/p>\n<div align=\"center\"><img loading=\"lazy\" decoding=\"async\" class=\"alignnone size-full wp-image-2382\" src=\"https:\/\/ecoforma.ca\/wp-content\/uploads\/Costco-Wholesale-logo.jpg\" alt=\"Costco\" width=\"175\" height=\"175\" srcset=\"https:\/\/ecoforma.ca\/wp-content\/uploads\/Costco-Wholesale-logo.jpg 243w, https:\/\/ecoforma.ca\/wp-content\/uploads\/Costco-Wholesale-logo-150x150.jpg 150w\" sizes=\"auto, (max-width: 175px) 100vw, 175px\" \/><\/div>\n<p>[\/vc_column_text][\/vc_column_inner][vc_column_inner width=\u00a0\u00bb1\/3&Prime;][vc_column_text]<\/p>\n<div align=\"center\"><img loading=\"lazy\" decoding=\"async\" class=\"alignnone size-full wp-image-2286\" src=\"https:\/\/ecoforma.ca\/wp-content\/uploads\/eco-forma-rona.jpg\" alt=\"Rona\" width=\"175\" height=\"175\" srcset=\"https:\/\/ecoforma.ca\/wp-content\/uploads\/eco-forma-rona.jpg 175w, https:\/\/ecoforma.ca\/wp-content\/uploads\/eco-forma-rona-150x150.jpg 150w\" sizes=\"auto, (max-width: 175px) 100vw, 175px\" \/><\/div>\n<p>[\/vc_column_text][\/vc_column_inner][vc_column_inner width=\u00a0\u00bb1\/3&Prime;][vc_column_text]<\/p>\n<div align=\"center\"><img loading=\"lazy\" decoding=\"async\" class=\"alignnone size-full wp-image-2288\" src=\"https:\/\/ecoforma.ca\/wp-content\/uploads\/eco-forma-reno-depot.jpg\" alt=\"Reno-D\u00e9pot\" width=\"175\" height=\"175\" srcset=\"https:\/\/ecoforma.ca\/wp-content\/uploads\/eco-forma-reno-depot.jpg 175w, https:\/\/ecoforma.ca\/wp-content\/uploads\/eco-forma-reno-depot-150x150.jpg 150w\" sizes=\"auto, (max-width: 175px) 100vw, 175px\" \/><\/div>\n<p>[\/vc_column_text][\/vc_column_inner][\/vc_row_inner][vc_row_inner][vc_column_inner width=\u00a0\u00bb1\/3&Prime;][vc_column_text]<\/p>\n<div align=\"center\"><img loading=\"lazy\" decoding=\"async\" class=\"alignnone size-full wp-image-2290\" src=\"https:\/\/ecoforma.ca\/wp-content\/uploads\/eco-forma-home-depot.jpg\" alt=\"Home Depot\" width=\"175\" height=\"175\" srcset=\"https:\/\/ecoforma.ca\/wp-content\/uploads\/eco-forma-home-depot.jpg 175w, https:\/\/ecoforma.ca\/wp-content\/uploads\/eco-forma-home-depot-150x150.jpg 150w\" sizes=\"auto, (max-width: 175px) 100vw, 175px\" \/><\/div>\n<p>[\/vc_column_text][\/vc_column_inner][vc_column_inner width=\u00a0\u00bb1\/3&Prime;][vc_column_text]<\/p>\n<div align=\"center\"><img loading=\"lazy\" decoding=\"async\" class=\"alignnone size-full wp-image-2284\" src=\"https:\/\/ecoforma.ca\/wp-content\/uploads\/eco-forma-lowes.jpg\" alt=\"Lowes\" width=\"175\" height=\"175\" srcset=\"https:\/\/ecoforma.ca\/wp-content\/uploads\/eco-forma-lowes.jpg 175w, https:\/\/ecoforma.ca\/wp-content\/uploads\/eco-forma-lowes-150x150.jpg 150w\" sizes=\"auto, (max-width: 175px) 100vw, 175px\" \/><\/div>\n<p>[\/vc_column_text][\/vc_column_inner][vc_column_inner width=\u00a0\u00bb1\/3&Prime;][vc_column_text]<\/p>\n<div align=\"center\"><img loading=\"lazy\" decoding=\"async\" class=\"alignnone size-full wp-image-2292\" src=\"https:\/\/ecoforma.ca\/wp-content\/uploads\/eco-forma-bmr.jpg\" alt=\"BMR\" width=\"175\" height=\"175\" srcset=\"https:\/\/ecoforma.ca\/wp-content\/uploads\/eco-forma-bmr.jpg 175w, https:\/\/ecoforma.ca\/wp-content\/uploads\/eco-forma-bmr-150x150.jpg 150w\" sizes=\"auto, (max-width: 175px) 100vw, 175px\" \/><\/div>\n<p>[\/vc_column_text][\/vc_column_inner][\/vc_row_inner][vc_row_inner][vc_column_inner width=\u00a0\u00bb1\/3&Prime;][vc_column_text]<\/p>\n<div align=\"center\"><img loading=\"lazy\" decoding=\"async\" class=\"alignnone size-full wp-image-2532\" src=\"https:\/\/ecoforma.ca\/wp-content\/uploads\/Kent.jpg\" alt=\"Kent\" width=\"175\" height=\"175\" srcset=\"https:\/\/ecoforma.ca\/wp-content\/uploads\/Kent.jpg 175w, https:\/\/ecoforma.ca\/wp-content\/uploads\/Kent-150x150.jpg 150w\" sizes=\"auto, (max-width: 175px) 100vw, 175px\" \/><\/div>\n<p>[\/vc_column_text][\/vc_column_inner][vc_column_inner width=\u00a0\u00bb1\/3&Prime;][vc_column_text]<\/p>\n<div align=\"center\"><img loading=\"lazy\" decoding=\"async\" class=\"alignnone size-full wp-image-2534\" src=\"https:\/\/ecoforma.ca\/wp-content\/uploads\/McMunn-Yates.jpg\" alt=\"McMunn-Yates\" width=\"175\" height=\"175\" srcset=\"https:\/\/ecoforma.ca\/wp-content\/uploads\/McMunn-Yates.jpg 175w, https:\/\/ecoforma.ca\/wp-content\/uploads\/McMunn-Yates-150x150.jpg 150w\" sizes=\"auto, (max-width: 175px) 100vw, 175px\" \/><\/div>\n<p>[\/vc_column_text][\/vc_column_inner][vc_column_inner width=\u00a0\u00bb1\/3&Prime;][vc_column_text]<\/p>\n<div align=\"center\"><img loading=\"lazy\" decoding=\"async\" class=\"alignnone size-full wp-image-2294\" src=\"https:\/\/ecoforma.ca\/wp-content\/uploads\/eco-forma-mondou.jpg\" alt=\"Mondou\" width=\"175\" height=\"175\" srcset=\"https:\/\/ecoforma.ca\/wp-content\/uploads\/eco-forma-mondou.jpg 175w, https:\/\/ecoforma.ca\/wp-content\/uploads\/eco-forma-mondou-150x150.jpg 150w\" sizes=\"auto, (max-width: 175px) 100vw, 175px\" \/><\/div>\n<p>[\/vc_column_text][\/vc_column_inner][\/vc_row_inner][\/vc_column][vc_column width=\u00a0\u00bb1\/2&Prime;][vc_column_text]<img loading=\"lazy\" decoding=\"async\" class=\"alignnone size-full wp-image-1383\" src=\"https:\/\/ecoforma.ca\/wp-content\/uploads\/moins-trente.jpg\" alt=\"Efficace jusqu'\u00e0 -30\" width=\"800\" height=\"294\" srcset=\"https:\/\/ecoforma.ca\/wp-content\/uploads\/moins-trente.jpg 800w, https:\/\/ecoforma.ca\/wp-content\/uploads\/moins-trente-300x110.jpg 300w, https:\/\/ecoforma.ca\/wp-content\/uploads\/moins-trente-768x282.jpg 768w\" sizes=\"auto, (max-width: 800px) 100vw, 800px\" \/><\/p>\n<h3><strong>FONDANT BIOLOGIQUE &#8211; Le D\u00c9GLA\u00c7ANT le plus puissant de sa cat\u00e9gorie.\u00a0 POINT FINAL!<br \/>\n<\/strong><\/h3>\n<p>[\/vc_column_text][vc_btn title=\u00a0\u00bbT\u00c9L\u00c9CHARGER BROCHURE IMPRIMABLE\u00a0\u00bb style=\u00a0\u00bbcustom\u00a0\u00bb custom_background=\u00a0\u00bb#63b243&Prime; custom_text=\u00a0\u00bb#ffffff\u00a0\u00bb i_icon_fontawesome=\u00a0\u00bbfas fa-file-pdf\u00a0\u00bb add_icon=\u00a0\u00bbtrue\u00a0\u00bb link=\u00a0\u00bburl:https%3A%2F%2Fecoforma.ca%2Fwp-content%2Fuploads%2FFondant-Biologique-page-de-vente-1.pdf|target:_blank\u00a0\u00bb][vc_empty_space height=\u00a0\u00bb15px\u00a0\u00bb][vc_column_text]<\/p>\n<h3>LE FONDANT BIOLOGIQUE est le plus s\u00e9curitaire pour le ciment, l\u2019asphalte, le pav\u00e9-uni, le gazon et les animaux domestiques lorsqu\u2019il est utilis\u00e9 tel qu\u2019indiqu\u00e9.<\/h3>\n<p>D\u00e9gla\u00e7ant ULTRA PUISSANT, il est \u00e9cologique et efficace \u00e0 des temp\u00e9ratures extr\u00eamement froides.<\/p>\n<p>Des granules de sel plus raffin\u00e9es sont employ\u00e9es afin d\u2019acc\u00e9l\u00e9rer le processus de d\u00e9gel et de r\u00e9duire la quantit\u00e9 de produit se retrouvant \u00e0 l\u2019int\u00e9rieur des b\u00e2timents. Le Fondant Biologique est moins nocif pour l\u2019environnement compar\u00e9 aux d\u00e9gla\u00e7ants traditionnels. Il fait fondre plus de glace avec moins de mat\u00e9riel et le Fondant Biologique reste actif plus longtemps qui se traduit par une r\u00e9duction de la fr\u00e9quence des r\u00e9applications.<\/p>\n<p>Le Fondant Biologique est employ\u00e9 \u00e0 travers le pays par les municipalit\u00e9s, contracteurs de d\u00e9neigement et les clients commerciaux et r\u00e9sidentiels depuis 2007 et il est reconnu comme le leader des d\u00e9gla\u00e7ants \u00e9cologique de haute qualit\u00e9.<\/p>\n<h4>Formats disponibles :<\/h4>\n<ul>\n<li>pots de 5 kg<\/li>\n<li>sacs de 10 kg<\/li>\n<li>sacs de 20 kg<\/li>\n<li>super sacs de 1 000 kg<\/li>\n<\/ul>\n<p>&nbsp;<\/p>\n<h4>Mode d\u2019emploi et meilleurs pratiques :<\/h4>\n<ul>\n<li>Enlever toujours le plus de neige et de glace fondante que possible avant chaque application du produit.<\/li>\n<li>Retirer imm\u00e9diatement la neige et la glace aussit\u00f4t que le produit fait effet.<\/li>\n<li>\u00c9pandre le produit de fa\u00e7on \u00e9gale a raison de 70g au m\u00e8tre carr\u00e9 et ne pas en appliquer trop.<\/li>\n<li>Gr\u00e9sil ou pluie vergla\u00e7ante : \u00c9pandre le produit au d\u00e9but de la pr\u00e9cipitation afin de pr\u00e9venir une accumulation de glace.<\/li>\n<li>Neige mouill\u00e9e ou lourde : Enlever la neige et \u00e9pandre le produit pour emp\u00eacher la glace d\u2019adh\u00e9rer \u00e0 la surface.<\/li>\n<li>Glace ou neige compact\u00e9e : \u00c9pandre le produit selon les instructions et enlever la glace fondante et la neige d\u00e8s qu\u2019il commence \u00e0 faire effet. R\u00e9p\u00e9ter selon le besoin.<\/li>\n<li>Pour les surfaces suivantes, faire l\u2019essai sur une zone discr\u00e8te avant d\u2019utiliser le produit \u00e0 grande \u00e9chelle : b\u00e9ton neuf (moins d\u2019un an), b\u00e9ton estamp\u00e9, dessin\u00e9 ou color\u00e9, b\u00e9ton pr\u00e9fabriqu\u00e9 (marches ou dalles), ma\u00e7onnerie de pierres ou de briques (incluant les dalles), surfaces \u00e9br\u00e9ch\u00e9es, craqu\u00e9es ou dont l\u2019agr\u00e9gat est expos\u00e9.<\/li>\n<\/ul>\n<p>&nbsp;<\/p>\n<h4>Avertissements :<\/h4>\n<ul>\n<li>Le fait de faire fondre la neige et la glace augmente la fr\u00e9quence des cycles gel\/d\u00e9gel qui affectent toutes les surfaces. Il est possible que les surfaces de pi\u00e8tre qualit\u00e9 ne supportent pas le stress associ\u00e9 \u00e0 ces cycles. L\u2019enl\u00e8vement soigneux et rapide de la neige et de la glace lorsqu\u2019elles commencent \u00e0 fondre r\u00e9duira le potentiel de dommage.<\/li>\n<li>Garder ce produit hors de la port\u00e9e des enfants.<\/li>\n<li>\u00c9viter tout contact avec la peau et les yeux ; ce produit peut causer une irritation aux yeux et\/ou \u00e0 la peau chez certains individus. Ce produit peut \u00eatre nocif si aval\u00e9 par des humains ou des animaux. \u00c9viter de respirer de la poussi\u00e8re ou des gouttelettes du produit.<\/li>\n<li>Utiliser ce produit \u00e0 vos propres risques.<\/li>\n<\/ul>\n<p>[\/vc_column_text][\/vc_column][\/vc_row]<\/p>\n<\/div>","protected":false},"excerpt":{"rendered":"<p>[vc_row][vc_column width=\u00a0\u00bb1\/2&Prime;][vc_column_text][\/vc_column_text][vc_video link=\u00a0\u00bbhttps:\/\/youtu.be\/FEIHSud-gSs\u00a0\u00bb][vc_column_text] B\u00e9n\u00e9fices et avantages Efficace jusqu&rsquo;\u00e0 -30 0C Effet rapide et longue dur\u00e9e 30 % moins corrosif Protection prolong\u00e9e contre le reg\u00e8le Sans danger pour les pattes d&rsquo;animaux Fait fondre 25 % plus de glace Ne tache pas Pr\u00e9vient les chutes Moins de salet\u00e9 tra\u00een\u00e9e \u00e0 l\u2019int\u00e9rieur des b\u00e2timents Aucun chlorure de magn\u00e9sium,&hellip;<\/p>\n","protected":false},"author":2,"featured_media":0,"parent":0,"menu_order":0,"comment_status":"closed","ping_status":"closed","template":"","meta":{"footnotes":""},"class_list":["post-800","page","type-page","status-publish","hentry","description-off"],"yoast_head":"<!-- This site is optimized with the Yoast SEO plugin v24.0 - https:\/\/yoast.com\/wordpress\/plugins\/seo\/ -->\n<title>FONDANT BIOLOGIQUE - LE SEUL D\u00c9GLA\u00c7ANT QUI COCHE TOUTES LES CASES - Eco-Forma Inc.<\/title>\n<meta name=\"description\" content=\"Le FONDANT BIOLOGIQUE est trait\u00e9 avec liquide FUSION. Il est moins corrosif, et plus efficace que les fondants conventionnels et ce jusqu&#039;\u00e0 -30 C. LE FONDANT BIOLOGIQUE est le d\u00e9gla\u00e7ant de haute qualit\u00e9 le plus s\u00e9curitaire, il est \u00e9cologique et efficace \u00e0 des temp\u00e9ratures extr\u00eamement froides.\" \/>\n<meta name=\"robots\" content=\"index, follow, max-snippet:-1, max-image-preview:large, max-video-preview:-1\" \/>\n<link rel=\"canonical\" href=\"https:\/\/ecoforma.ca\/fr\/fondant-biologique\/\" \/>\n<meta property=\"og:locale\" content=\"fr_FR\" \/>\n<meta property=\"og:type\" content=\"article\" \/>\n<meta property=\"og:title\" content=\"FONDANT BIOLOGIQUE - LE SEUL D\u00c9GLA\u00c7ANT QUI COCHE TOUTES LES CASES - Eco-Forma Inc.\" \/>\n<meta property=\"og:description\" content=\"Le FONDANT BIOLOGIQUE est trait\u00e9 avec liquide FUSION. Il est moins corrosif, et plus efficace que les fondants conventionnels et ce jusqu&#039;\u00e0 -30 C. LE FONDANT BIOLOGIQUE est le d\u00e9gla\u00e7ant de haute qualit\u00e9 le plus s\u00e9curitaire, il est \u00e9cologique et efficace \u00e0 des temp\u00e9ratures extr\u00eamement froides.\" \/>\n<meta property=\"og:url\" content=\"https:\/\/ecoforma.ca\/fr\/fondant-biologique\/\" \/>\n<meta property=\"og:site_name\" content=\"Eco-Forma Inc.\" \/>\n<meta property=\"article:publisher\" content=\"https:\/\/www.facebook.com\/ecoformainc\/\" \/>\n<meta property=\"article:modified_time\" content=\"2023-09-04T19:43:31+00:00\" \/>\n<meta property=\"og:image\" content=\"https:\/\/ecoforma.ca\/wp-content\/uploads\/bag-with-pallet-10-FR-300x247.jpg\" \/>\n<meta name=\"twitter:card\" content=\"summary_large_image\" \/>\n<meta name=\"twitter:label1\" content=\"Dur\u00e9e de lecture estim\u00e9e\" \/>\n\t<meta name=\"twitter:data1\" content=\"4 minutes\" \/>\n<script type=\"application\/ld+json\" class=\"yoast-schema-graph\">{\"@context\":\"https:\/\/schema.org\",\"@graph\":[{\"@type\":\"WebPage\",\"@id\":\"https:\/\/ecoforma.ca\/fr\/fondant-biologique\/\",\"url\":\"https:\/\/ecoforma.ca\/fr\/fondant-biologique\/\",\"name\":\"FONDANT BIOLOGIQUE - LE SEUL D\u00c9GLA\u00c7ANT QUI COCHE TOUTES LES CASES - Eco-Forma Inc.\",\"isPartOf\":{\"@id\":\"https:\/\/ecoforma.ca\/#website\"},\"primaryImageOfPage\":{\"@id\":\"https:\/\/ecoforma.ca\/fr\/fondant-biologique\/#primaryimage\"},\"image\":{\"@id\":\"https:\/\/ecoforma.ca\/fr\/fondant-biologique\/#primaryimage\"},\"thumbnailUrl\":\"https:\/\/ecoforma.ca\/wp-content\/uploads\/bag-with-pallet-10-FR-300x247.jpg\",\"datePublished\":\"2016-08-31T18:11:34+00:00\",\"dateModified\":\"2023-09-04T19:43:31+00:00\",\"description\":\"Le FONDANT BIOLOGIQUE est trait\u00e9 avec liquide FUSION. Il est moins corrosif, et plus efficace que les fondants conventionnels et ce jusqu'\u00e0 -30 C. LE FONDANT BIOLOGIQUE est le d\u00e9gla\u00e7ant de haute qualit\u00e9 le plus s\u00e9curitaire, il est \u00e9cologique et efficace \u00e0 des temp\u00e9ratures extr\u00eamement froides.\",\"breadcrumb\":{\"@id\":\"https:\/\/ecoforma.ca\/fr\/fondant-biologique\/#breadcrumb\"},\"inLanguage\":\"fr-FR\",\"potentialAction\":[{\"@type\":\"ReadAction\",\"target\":[\"https:\/\/ecoforma.ca\/fr\/fondant-biologique\/\"]}]},{\"@type\":\"ImageObject\",\"inLanguage\":\"fr-FR\",\"@id\":\"https:\/\/ecoforma.ca\/fr\/fondant-biologique\/#primaryimage\",\"url\":\"https:\/\/ecoforma.ca\/wp-content\/uploads\/bag-with-pallet-10-FR-300x247.jpg\",\"contentUrl\":\"https:\/\/ecoforma.ca\/wp-content\/uploads\/bag-with-pallet-10-FR-300x247.jpg\"},{\"@type\":\"BreadcrumbList\",\"@id\":\"https:\/\/ecoforma.ca\/fr\/fondant-biologique\/#breadcrumb\",\"itemListElement\":[{\"@type\":\"ListItem\",\"position\":1,\"name\":\"Home\",\"item\":\"https:\/\/ecoforma.ca\/fr\/\"},{\"@type\":\"ListItem\",\"position\":2,\"name\":\"FONDANT BIOLOGIQUE &#8211; LE SEUL D\u00c9GLA\u00c7ANT QUI COCHE TOUTES LES CASES\"}]},{\"@type\":\"WebSite\",\"@id\":\"https:\/\/ecoforma.ca\/#website\",\"url\":\"https:\/\/ecoforma.ca\/\",\"name\":\"Eco-Forma Inc.\",\"description\":\"Environmental Solutions\",\"publisher\":{\"@id\":\"https:\/\/ecoforma.ca\/#organization\"},\"potentialAction\":[{\"@type\":\"SearchAction\",\"target\":{\"@type\":\"EntryPoint\",\"urlTemplate\":\"https:\/\/ecoforma.ca\/?s={search_term_string}\"},\"query-input\":{\"@type\":\"PropertyValueSpecification\",\"valueRequired\":true,\"valueName\":\"search_term_string\"}}],\"inLanguage\":\"fr-FR\"},{\"@type\":\"Organization\",\"@id\":\"https:\/\/ecoforma.ca\/#organization\",\"name\":\"Eco-Forma Inc.\",\"url\":\"https:\/\/ecoforma.ca\/\",\"logo\":{\"@type\":\"ImageObject\",\"inLanguage\":\"fr-FR\",\"@id\":\"https:\/\/ecoforma.ca\/#\/schema\/logo\/image\/\",\"url\":\"https:\/\/ecoforma.ca\/wp-content\/uploads\/ecoforma-logo-mobile-ret-en.png\",\"contentUrl\":\"https:\/\/ecoforma.ca\/wp-content\/uploads\/ecoforma-logo-mobile-ret-en.png\",\"width\":370,\"height\":80,\"caption\":\"Eco-Forma Inc.\"},\"image\":{\"@id\":\"https:\/\/ecoforma.ca\/#\/schema\/logo\/image\/\"},\"sameAs\":[\"https:\/\/www.facebook.com\/ecoformainc\/\"]}]}<\/script>\n<!-- \/ Yoast SEO plugin. -->","yoast_head_json":{"title":"FONDANT BIOLOGIQUE - LE SEUL D\u00c9GLA\u00c7ANT QUI COCHE TOUTES LES CASES - Eco-Forma Inc.","description":"Le FONDANT BIOLOGIQUE est trait\u00e9 avec liquide FUSION. Il est moins corrosif, et plus efficace que les fondants conventionnels et ce jusqu'\u00e0 -30 C. LE FONDANT BIOLOGIQUE est le d\u00e9gla\u00e7ant de haute qualit\u00e9 le plus s\u00e9curitaire, il est \u00e9cologique et efficace \u00e0 des temp\u00e9ratures extr\u00eamement froides.","robots":{"index":"index","follow":"follow","max-snippet":"max-snippet:-1","max-image-preview":"max-image-preview:large","max-video-preview":"max-video-preview:-1"},"canonical":"https:\/\/ecoforma.ca\/fr\/fondant-biologique\/","og_locale":"fr_FR","og_type":"article","og_title":"FONDANT BIOLOGIQUE - LE SEUL D\u00c9GLA\u00c7ANT QUI COCHE TOUTES LES CASES - Eco-Forma Inc.","og_description":"Le FONDANT BIOLOGIQUE est trait\u00e9 avec liquide FUSION. Il est moins corrosif, et plus efficace que les fondants conventionnels et ce jusqu'\u00e0 -30 C. LE FONDANT BIOLOGIQUE est le d\u00e9gla\u00e7ant de haute qualit\u00e9 le plus s\u00e9curitaire, il est \u00e9cologique et efficace \u00e0 des temp\u00e9ratures extr\u00eamement froides.","og_url":"https:\/\/ecoforma.ca\/fr\/fondant-biologique\/","og_site_name":"Eco-Forma Inc.","article_publisher":"https:\/\/www.facebook.com\/ecoformainc\/","article_modified_time":"2023-09-04T19:43:31+00:00","og_image":[{"url":"https:\/\/ecoforma.ca\/wp-content\/uploads\/bag-with-pallet-10-FR-300x247.jpg","type":"","width":"","height":""}],"twitter_card":"summary_large_image","twitter_misc":{"Dur\u00e9e de lecture estim\u00e9e":"4 minutes"},"schema":{"@context":"https:\/\/schema.org","@graph":[{"@type":"WebPage","@id":"https:\/\/ecoforma.ca\/fr\/fondant-biologique\/","url":"https:\/\/ecoforma.ca\/fr\/fondant-biologique\/","name":"FONDANT BIOLOGIQUE - LE SEUL D\u00c9GLA\u00c7ANT QUI COCHE TOUTES LES CASES - Eco-Forma Inc.","isPartOf":{"@id":"https:\/\/ecoforma.ca\/#website"},"primaryImageOfPage":{"@id":"https:\/\/ecoforma.ca\/fr\/fondant-biologique\/#primaryimage"},"image":{"@id":"https:\/\/ecoforma.ca\/fr\/fondant-biologique\/#primaryimage"},"thumbnailUrl":"https:\/\/ecoforma.ca\/wp-content\/uploads\/bag-with-pallet-10-FR-300x247.jpg","datePublished":"2016-08-31T18:11:34+00:00","dateModified":"2023-09-04T19:43:31+00:00","description":"Le FONDANT BIOLOGIQUE est trait\u00e9 avec liquide FUSION. Il est moins corrosif, et plus efficace que les fondants conventionnels et ce jusqu'\u00e0 -30 C. LE FONDANT BIOLOGIQUE est le d\u00e9gla\u00e7ant de haute qualit\u00e9 le plus s\u00e9curitaire, il est \u00e9cologique et efficace \u00e0 des temp\u00e9ratures extr\u00eamement froides.","breadcrumb":{"@id":"https:\/\/ecoforma.ca\/fr\/fondant-biologique\/#breadcrumb"},"inLanguage":"fr-FR","potentialAction":[{"@type":"ReadAction","target":["https:\/\/ecoforma.ca\/fr\/fondant-biologique\/"]}]},{"@type":"ImageObject","inLanguage":"fr-FR","@id":"https:\/\/ecoforma.ca\/fr\/fondant-biologique\/#primaryimage","url":"https:\/\/ecoforma.ca\/wp-content\/uploads\/bag-with-pallet-10-FR-300x247.jpg","contentUrl":"https:\/\/ecoforma.ca\/wp-content\/uploads\/bag-with-pallet-10-FR-300x247.jpg"},{"@type":"BreadcrumbList","@id":"https:\/\/ecoforma.ca\/fr\/fondant-biologique\/#breadcrumb","itemListElement":[{"@type":"ListItem","position":1,"name":"Home","item":"https:\/\/ecoforma.ca\/fr\/"},{"@type":"ListItem","position":2,"name":"FONDANT BIOLOGIQUE &#8211; LE SEUL D\u00c9GLA\u00c7ANT QUI COCHE TOUTES LES CASES"}]},{"@type":"WebSite","@id":"https:\/\/ecoforma.ca\/#website","url":"https:\/\/ecoforma.ca\/","name":"Eco-Forma Inc.","description":"Environmental Solutions","publisher":{"@id":"https:\/\/ecoforma.ca\/#organization"},"potentialAction":[{"@type":"SearchAction","target":{"@type":"EntryPoint","urlTemplate":"https:\/\/ecoforma.ca\/?s={search_term_string}"},"query-input":{"@type":"PropertyValueSpecification","valueRequired":true,"valueName":"search_term_string"}}],"inLanguage":"fr-FR"},{"@type":"Organization","@id":"https:\/\/ecoforma.ca\/#organization","name":"Eco-Forma Inc.","url":"https:\/\/ecoforma.ca\/","logo":{"@type":"ImageObject","inLanguage":"fr-FR","@id":"https:\/\/ecoforma.ca\/#\/schema\/logo\/image\/","url":"https:\/\/ecoforma.ca\/wp-content\/uploads\/ecoforma-logo-mobile-ret-en.png","contentUrl":"https:\/\/ecoforma.ca\/wp-content\/uploads\/ecoforma-logo-mobile-ret-en.png","width":370,"height":80,"caption":"Eco-Forma Inc."},"image":{"@id":"https:\/\/ecoforma.ca\/#\/schema\/logo\/image\/"},"sameAs":["https:\/\/www.facebook.com\/ecoformainc\/"]}]}},"_links":{"self":[{"href":"https:\/\/ecoforma.ca\/fr\/wp-json\/wp\/v2\/pages\/800","targetHints":{"allow":["GET"]}}],"collection":[{"href":"https:\/\/ecoforma.ca\/fr\/wp-json\/wp\/v2\/pages"}],"about":[{"href":"https:\/\/ecoforma.ca\/fr\/wp-json\/wp\/v2\/types\/page"}],"author":[{"embeddable":true,"href":"https:\/\/ecoforma.ca\/fr\/wp-json\/wp\/v2\/users\/2"}],"replies":[{"embeddable":true,"href":"https:\/\/ecoforma.ca\/fr\/wp-json\/wp\/v2\/comments?post=800"}],"version-history":[{"count":68,"href":"https:\/\/ecoforma.ca\/fr\/wp-json\/wp\/v2\/pages\/800\/revisions"}],"predecessor-version":[{"id":2542,"href":"https:\/\/ecoforma.ca\/fr\/wp-json\/wp\/v2\/pages\/800\/revisions\/2542"}],"wp:attachment":[{"href":"https:\/\/ecoforma.ca\/fr\/wp-json\/wp\/v2\/media?parent=800"}],"curies":[{"name":"wp","href":"https:\/\/api.w.org\/{rel}","templated":true}]}}