{"id":896,"date":"2016-09-06T14:12:56","date_gmt":"2016-09-06T19:12:56","guid":{"rendered":"https:\/\/ecoforma.ca\/?page_id=896"},"modified":"2022-03-15T08:01:46","modified_gmt":"2022-03-15T13:01:46","slug":"antiadhesif-fusion-release","status":"publish","type":"page","link":"https:\/\/ecoforma.ca\/fr\/antiadhesif-fusion-release\/","title":{"rendered":"Agent Antiadh\u00e9sif biod\u00e9gradable et non-corrosif"},"content":{"rendered":"<div class=\"wpb-content-wrapper\"><p>[vc_row][vc_column][vc_column_text]<img loading=\"lazy\" decoding=\"async\" class=\"alignnone size-full wp-image-1755\" src=\"https:\/\/ecoforma.ca\/wp-content\/uploads\/Eco-Forma-Fusion-Release-logo.jpg\" alt=\"Eco Forma Fusion Release\u2122\" width=\"400\" height=\"112\" srcset=\"https:\/\/ecoforma.ca\/wp-content\/uploads\/Eco-Forma-Fusion-Release-logo.jpg 400w, https:\/\/ecoforma.ca\/wp-content\/uploads\/Eco-Forma-Fusion-Release-logo-300x84.jpg 300w\" sizes=\"auto, (max-width: 400px) 100vw, 400px\" \/>[\/vc_column_text][\/vc_column][\/vc_row][vc_row][vc_column][vc_column_text]<img loading=\"lazy\" decoding=\"async\" class=\"alignnone size-full wp-image-1757\" src=\"https:\/\/ecoforma.ca\/wp-content\/uploads\/Eco-Forma-Fusion-Release-uses.jpg\" alt=\"Eco Forma Fusion Release\u2122\" width=\"1200\" height=\"282\" srcset=\"https:\/\/ecoforma.ca\/wp-content\/uploads\/Eco-Forma-Fusion-Release-uses.jpg 1200w, https:\/\/ecoforma.ca\/wp-content\/uploads\/Eco-Forma-Fusion-Release-uses-300x71.jpg 300w, https:\/\/ecoforma.ca\/wp-content\/uploads\/Eco-Forma-Fusion-Release-uses-768x180.jpg 768w, https:\/\/ecoforma.ca\/wp-content\/uploads\/Eco-Forma-Fusion-Release-uses-1024x241.jpg 1024w\" sizes=\"auto, (max-width: 1200px) 100vw, 1200px\" \/>[\/vc_column_text][\/vc_column][\/vc_row][vc_row][vc_column width=\u00a0\u00bb2\/3&Prime;][vc_column_text]L\u2019antiadh\u00e9sif (<span class=\"st\">agent de rel\u00e2chement<\/span>) FUSION RELEASE emp\u00eache que l&rsquo;asphalte et autres mat\u00e9riaux g\u00e8lent, collent ou adh\u00e8rent \u00e0 vos bo\u00eetes de camion ou sur vos \u00e9quipements.\u00a0 Il suffit de vaporiser la surface de l&rsquo;\u00e9quipement avec le FUSION RELEASE et de commencer le chargement ou d\u2019utiliser votre \u00e9quipement.<\/p>\n<p>Fabriqu\u00e9 \u00e0 partir des betteraves le FUSION RELEASE est 100 % biod\u00e9gradable et ne solubilise pas le bitume. De plus il est soluble dans l&rsquo;eau et non corrosif.\u00a0 Le FUSION RELEASE est sur la liste des produits antiadh\u00e9sifs conformes \u00e0 l&rsquo;article 13.3.3.7 du CCDG 2022 \u00e9mis par Transports Qu\u00e9bec.\u00a0 Ne craignez pas d&rsquo;endommager votre \u00e9quipement et arr\u00eatez de perdre des revenus avec de plus petites charges et des pertes de temps de travail. FUSION RELEASE vous fera \u00c9CONOMISER DE L\u2019ARGENT !<\/p>\n<p>[\/vc_column_text][\/vc_column][vc_column width=\u00a0\u00bb1\/3&Prime;][vc_column_text]<\/p>\n<h4>APPLICATIONS<\/h4>\n<p><i class=\"fa fa-check-circle\" style=\"color: #78bf4b; font-size: 18px;\"><\/i> Asphalte<br \/>\n<i class=\"fa fa-check-circle\" style=\"color: #78bf4b; font-size: 18px;\"><\/i> B\u00e9ton<br \/>\n<i class=\"fa fa-check-circle\" style=\"color: #78bf4b; font-size: 18px;\"><\/i> Copeaux de bois et paillis<br \/>\n<i class=\"fa fa-check-circle\" style=\"color: #78bf4b; font-size: 18px;\"><\/i> Pierre, sable et gravier<br \/>\n<i class=\"fa fa-check-circle\" style=\"color: #78bf4b; font-size: 18px;\"><\/i> D\u00e9chets et rebus<br \/>\n<i class=\"fa fa-check-circle\" style=\"color: #78bf4b; font-size: 18px;\"><\/i> Tout m\u00e9canisme m\u00e9canique avec pr\u00e9sence d\u2019humidit\u00e9[\/vc_column_text][\/vc_column][\/vc_row][vc_row][vc_column width=\u00a0\u00bb1\/6&Prime;][vc_column_text]<\/p>\n<div align=\"center\"><img loading=\"lazy\" decoding=\"async\" class=\"alignnone size-full wp-image-1762\" src=\"https:\/\/ecoforma.ca\/wp-content\/uploads\/fusion-release-icon-01.jpg\" alt=\"\" width=\"120\" height=\"120\" \/><\/div>\n<div style=\"color: #114724; font-size: 18px; line-height: 21px;\" align=\"center\"><strong>S\u00c9CURITAIRE \u00c0 MANIPULER<\/strong><\/div>\n<p>[\/vc_column_text][\/vc_column][vc_column width=\u00a0\u00bb1\/6&Prime;][vc_column_text]<\/p>\n<div align=\"center\"><img loading=\"lazy\" decoding=\"async\" class=\"alignnone size-full wp-image-1765\" src=\"https:\/\/ecoforma.ca\/wp-content\/uploads\/fusion-release-icon-02.jpg\" alt=\"\" width=\"120\" height=\"120\" \/><\/div>\n<div style=\"color: #114724; font-size: 18px; line-height: 21px;\" align=\"center\"><strong>COUVRE PLUSIEURS CHARGES<\/strong><\/div>\n<p>[\/vc_column_text][\/vc_column][vc_column width=\u00a0\u00bb1\/6&Prime;][vc_column_text]<\/p>\n<div align=\"center\"><img loading=\"lazy\" decoding=\"async\" class=\"alignnone size-full wp-image-1770\" src=\"https:\/\/ecoforma.ca\/wp-content\/uploads\/fusion-release-icon-03.jpg\" alt=\"\" width=\"120\" height=\"120\" \/><\/div>\n<div style=\"color: #114724; font-size: 18px; line-height: 21px;\" align=\"center\"><strong>\u00c9CONOMIQUE<\/strong><\/div>\n<p>[\/vc_column_text][\/vc_column][vc_column width=\u00a0\u00bb1\/6&Prime;][vc_column_text]<\/p>\n<div align=\"center\"><img loading=\"lazy\" decoding=\"async\" class=\"alignnone size-full wp-image-1772\" src=\"https:\/\/ecoforma.ca\/wp-content\/uploads\/fusion-release-icon-04.jpg\" alt=\"\" width=\"120\" height=\"120\" \/><\/div>\n<div style=\"color: #114724; font-size: 18px; line-height: 21px;\" align=\"center\"><strong>100 % BIOLOGIQUE<\/strong><\/div>\n<p>[\/vc_column_text][\/vc_column][vc_column width=\u00a0\u00bb1\/6&Prime;][vc_column_text]<\/p>\n<div align=\"center\"><img loading=\"lazy\" decoding=\"async\" class=\"alignnone size-full wp-image-1774\" src=\"https:\/\/ecoforma.ca\/wp-content\/uploads\/fusion-release-icon-05.jpg\" alt=\"\" width=\"120\" height=\"120\" \/><\/div>\n<div style=\"color: #114724; font-size: 18px; line-height: 21px;\" align=\"center\"><strong>100 % SOLUBLE DANS L\u2019EAU<\/strong><\/div>\n<p>[\/vc_column_text][\/vc_column][vc_column width=\u00a0\u00bb1\/6&Prime;][vc_column_text]<\/p>\n<div align=\"center\"><img loading=\"lazy\" decoding=\"async\" class=\"alignnone size-full wp-image-1776\" src=\"https:\/\/ecoforma.ca\/wp-content\/uploads\/fusion-release-icon-06.jpg\" alt=\"\" width=\"120\" height=\"120\" \/><\/div>\n<div style=\"color: #114724; font-size: 18px; line-height: 21px;\" align=\"center\"><strong>100 % NON CORROSIF<\/strong><\/div>\n<p>[\/vc_column_text][\/vc_column][\/vc_row]<\/p>\n<\/div>","protected":false},"excerpt":{"rendered":"<p>[vc_row][vc_column][vc_column_text][\/vc_column_text][\/vc_column][\/vc_row][vc_row][vc_column][vc_column_text][\/vc_column_text][\/vc_column][\/vc_row][vc_row][vc_column width=\u00a0\u00bb2\/3&Prime;][vc_column_text]L\u2019antiadh\u00e9sif (agent de rel\u00e2chement) FUSION RELEASE emp\u00eache que l&rsquo;asphalte et autres mat\u00e9riaux g\u00e8lent, collent ou adh\u00e8rent \u00e0 vos bo\u00eetes de camion ou sur vos \u00e9quipements.\u00a0 Il suffit de vaporiser la surface de l&rsquo;\u00e9quipement avec le FUSION RELEASE et de commencer le chargement ou d\u2019utiliser votre \u00e9quipement. Fabriqu\u00e9 \u00e0 partir des betteraves le FUSION RELEASE&hellip;<\/p>\n","protected":false},"author":3,"featured_media":1781,"parent":0,"menu_order":0,"comment_status":"closed","ping_status":"closed","template":"","meta":{"footnotes":""},"class_list":["post-896","page","type-page","status-publish","has-post-thumbnail","hentry","description-off"],"yoast_head":"<!-- This site is optimized with the Yoast SEO plugin v24.0 - https:\/\/yoast.com\/wordpress\/plugins\/seo\/ -->\n<title>Agent Antiadh\u00e9sif biod\u00e9gradable et non-corrosif - Eco-Forma Inc.<\/title>\n<meta name=\"robots\" content=\"index, follow, max-snippet:-1, max-image-preview:large, max-video-preview:-1\" \/>\n<link rel=\"canonical\" href=\"https:\/\/ecoforma.ca\/antiadhesif-fusion-release\/\" \/>\n<meta property=\"og:locale\" content=\"fr_FR\" \/>\n<meta property=\"og:type\" content=\"article\" \/>\n<meta property=\"og:title\" content=\"Agent Antiadh\u00e9sif biod\u00e9gradable et non-corrosif - Eco-Forma Inc.\" \/>\n<meta property=\"og:description\" content=\"[vc_row][vc_column][vc_column_text][\/vc_column_text][\/vc_column][\/vc_row][vc_row][vc_column][vc_column_text][\/vc_column_text][\/vc_column][\/vc_row][vc_row][vc_column width=\u00a0\u00bb2\/3&Prime;][vc_column_text]L\u2019antiadh\u00e9sif (agent de rel\u00e2chement) FUSION RELEASE emp\u00eache que l&rsquo;asphalte et autres mat\u00e9riaux g\u00e8lent, collent ou adh\u00e8rent \u00e0 vos bo\u00eetes de camion ou sur vos \u00e9quipements.\u00a0 Il suffit de vaporiser la surface de l&rsquo;\u00e9quipement avec le FUSION RELEASE et de commencer le chargement ou d\u2019utiliser votre \u00e9quipement. Fabriqu\u00e9 \u00e0 partir des betteraves le FUSION RELEASE&hellip;\" \/>\n<meta property=\"og:url\" content=\"https:\/\/ecoforma.ca\/antiadhesif-fusion-release\/\" \/>\n<meta property=\"og:site_name\" content=\"Eco-Forma Inc.\" \/>\n<meta property=\"article:publisher\" content=\"https:\/\/www.facebook.com\/ecoformainc\/\" \/>\n<meta property=\"article:modified_time\" content=\"2022-03-15T13:01:46+00:00\" \/>\n<meta property=\"og:image\" content=\"https:\/\/ecoforma.ca\/wp-content\/uploads\/fusion-release-eco-forma-anti-stick-featured.jpg\" \/>\n\t<meta property=\"og:image:width\" content=\"1200\" \/>\n\t<meta property=\"og:image:height\" content=\"630\" \/>\n\t<meta property=\"og:image:type\" content=\"image\/jpeg\" \/>\n<meta name=\"twitter:card\" content=\"summary_large_image\" \/>\n<meta name=\"twitter:label1\" content=\"Dur\u00e9e de lecture estim\u00e9e\" \/>\n\t<meta name=\"twitter:data1\" content=\"1 minute\" \/>\n<script type=\"application\/ld+json\" class=\"yoast-schema-graph\">{\"@context\":\"https:\/\/schema.org\",\"@graph\":[{\"@type\":\"WebPage\",\"@id\":\"https:\/\/ecoforma.ca\/antiadhesif-fusion-release\/\",\"url\":\"https:\/\/ecoforma.ca\/antiadhesif-fusion-release\/\",\"name\":\"Agent Antiadh\u00e9sif biod\u00e9gradable et non-corrosif - Eco-Forma Inc.\",\"isPartOf\":{\"@id\":\"https:\/\/ecoforma.ca\/#website\"},\"primaryImageOfPage\":{\"@id\":\"https:\/\/ecoforma.ca\/antiadhesif-fusion-release\/#primaryimage\"},\"image\":{\"@id\":\"https:\/\/ecoforma.ca\/antiadhesif-fusion-release\/#primaryimage\"},\"thumbnailUrl\":\"https:\/\/ecoforma.ca\/wp-content\/uploads\/fusion-release-eco-forma-anti-stick-featured.jpg\",\"datePublished\":\"2016-09-06T19:12:56+00:00\",\"dateModified\":\"2022-03-15T13:01:46+00:00\",\"breadcrumb\":{\"@id\":\"https:\/\/ecoforma.ca\/antiadhesif-fusion-release\/#breadcrumb\"},\"inLanguage\":\"fr-FR\",\"potentialAction\":[{\"@type\":\"ReadAction\",\"target\":[\"https:\/\/ecoforma.ca\/antiadhesif-fusion-release\/\"]}]},{\"@type\":\"ImageObject\",\"inLanguage\":\"fr-FR\",\"@id\":\"https:\/\/ecoforma.ca\/antiadhesif-fusion-release\/#primaryimage\",\"url\":\"https:\/\/ecoforma.ca\/wp-content\/uploads\/fusion-release-eco-forma-anti-stick-featured.jpg\",\"contentUrl\":\"https:\/\/ecoforma.ca\/wp-content\/uploads\/fusion-release-eco-forma-anti-stick-featured.jpg\",\"width\":1200,\"height\":630,\"caption\":\"Fusion Release\u2122\"},{\"@type\":\"BreadcrumbList\",\"@id\":\"https:\/\/ecoforma.ca\/antiadhesif-fusion-release\/#breadcrumb\",\"itemListElement\":[{\"@type\":\"ListItem\",\"position\":1,\"name\":\"Home\",\"item\":\"https:\/\/ecoforma.ca\/fr\/\"},{\"@type\":\"ListItem\",\"position\":2,\"name\":\"Agent Antiadh\u00e9sif biod\u00e9gradable et non-corrosif\"}]},{\"@type\":\"WebSite\",\"@id\":\"https:\/\/ecoforma.ca\/#website\",\"url\":\"https:\/\/ecoforma.ca\/\",\"name\":\"Eco-Forma Inc.\",\"description\":\"Environmental Solutions\",\"publisher\":{\"@id\":\"https:\/\/ecoforma.ca\/#organization\"},\"potentialAction\":[{\"@type\":\"SearchAction\",\"target\":{\"@type\":\"EntryPoint\",\"urlTemplate\":\"https:\/\/ecoforma.ca\/?s={search_term_string}\"},\"query-input\":{\"@type\":\"PropertyValueSpecification\",\"valueRequired\":true,\"valueName\":\"search_term_string\"}}],\"inLanguage\":\"fr-FR\"},{\"@type\":\"Organization\",\"@id\":\"https:\/\/ecoforma.ca\/#organization\",\"name\":\"Eco-Forma Inc.\",\"url\":\"https:\/\/ecoforma.ca\/\",\"logo\":{\"@type\":\"ImageObject\",\"inLanguage\":\"fr-FR\",\"@id\":\"https:\/\/ecoforma.ca\/#\/schema\/logo\/image\/\",\"url\":\"https:\/\/ecoforma.ca\/wp-content\/uploads\/ecoforma-logo-mobile-ret-en.png\",\"contentUrl\":\"https:\/\/ecoforma.ca\/wp-content\/uploads\/ecoforma-logo-mobile-ret-en.png\",\"width\":370,\"height\":80,\"caption\":\"Eco-Forma Inc.\"},\"image\":{\"@id\":\"https:\/\/ecoforma.ca\/#\/schema\/logo\/image\/\"},\"sameAs\":[\"https:\/\/www.facebook.com\/ecoformainc\/\"]}]}<\/script>\n<!-- \/ Yoast SEO plugin. -->","yoast_head_json":{"title":"Agent Antiadh\u00e9sif biod\u00e9gradable et non-corrosif - Eco-Forma Inc.","robots":{"index":"index","follow":"follow","max-snippet":"max-snippet:-1","max-image-preview":"max-image-preview:large","max-video-preview":"max-video-preview:-1"},"canonical":"https:\/\/ecoforma.ca\/antiadhesif-fusion-release\/","og_locale":"fr_FR","og_type":"article","og_title":"Agent Antiadh\u00e9sif biod\u00e9gradable et non-corrosif - Eco-Forma Inc.","og_description":"[vc_row][vc_column][vc_column_text][\/vc_column_text][\/vc_column][\/vc_row][vc_row][vc_column][vc_column_text][\/vc_column_text][\/vc_column][\/vc_row][vc_row][vc_column width=\u00a0\u00bb2\/3&Prime;][vc_column_text]L\u2019antiadh\u00e9sif (agent de rel\u00e2chement) FUSION RELEASE emp\u00eache que l&rsquo;asphalte et autres mat\u00e9riaux g\u00e8lent, collent ou adh\u00e8rent \u00e0 vos bo\u00eetes de camion ou sur vos \u00e9quipements.\u00a0 Il suffit de vaporiser la surface de l&rsquo;\u00e9quipement avec le FUSION RELEASE et de commencer le chargement ou d\u2019utiliser votre \u00e9quipement. Fabriqu\u00e9 \u00e0 partir des betteraves le FUSION RELEASE&hellip;","og_url":"https:\/\/ecoforma.ca\/antiadhesif-fusion-release\/","og_site_name":"Eco-Forma Inc.","article_publisher":"https:\/\/www.facebook.com\/ecoformainc\/","article_modified_time":"2022-03-15T13:01:46+00:00","og_image":[{"width":1200,"height":630,"url":"https:\/\/ecoforma.ca\/wp-content\/uploads\/fusion-release-eco-forma-anti-stick-featured.jpg","type":"image\/jpeg"}],"twitter_card":"summary_large_image","twitter_misc":{"Dur\u00e9e de lecture estim\u00e9e":"1 minute"},"schema":{"@context":"https:\/\/schema.org","@graph":[{"@type":"WebPage","@id":"https:\/\/ecoforma.ca\/antiadhesif-fusion-release\/","url":"https:\/\/ecoforma.ca\/antiadhesif-fusion-release\/","name":"Agent Antiadh\u00e9sif biod\u00e9gradable et non-corrosif - Eco-Forma Inc.","isPartOf":{"@id":"https:\/\/ecoforma.ca\/#website"},"primaryImageOfPage":{"@id":"https:\/\/ecoforma.ca\/antiadhesif-fusion-release\/#primaryimage"},"image":{"@id":"https:\/\/ecoforma.ca\/antiadhesif-fusion-release\/#primaryimage"},"thumbnailUrl":"https:\/\/ecoforma.ca\/wp-content\/uploads\/fusion-release-eco-forma-anti-stick-featured.jpg","datePublished":"2016-09-06T19:12:56+00:00","dateModified":"2022-03-15T13:01:46+00:00","breadcrumb":{"@id":"https:\/\/ecoforma.ca\/antiadhesif-fusion-release\/#breadcrumb"},"inLanguage":"fr-FR","potentialAction":[{"@type":"ReadAction","target":["https:\/\/ecoforma.ca\/antiadhesif-fusion-release\/"]}]},{"@type":"ImageObject","inLanguage":"fr-FR","@id":"https:\/\/ecoforma.ca\/antiadhesif-fusion-release\/#primaryimage","url":"https:\/\/ecoforma.ca\/wp-content\/uploads\/fusion-release-eco-forma-anti-stick-featured.jpg","contentUrl":"https:\/\/ecoforma.ca\/wp-content\/uploads\/fusion-release-eco-forma-anti-stick-featured.jpg","width":1200,"height":630,"caption":"Fusion Release\u2122"},{"@type":"BreadcrumbList","@id":"https:\/\/ecoforma.ca\/antiadhesif-fusion-release\/#breadcrumb","itemListElement":[{"@type":"ListItem","position":1,"name":"Home","item":"https:\/\/ecoforma.ca\/fr\/"},{"@type":"ListItem","position":2,"name":"Agent Antiadh\u00e9sif biod\u00e9gradable et non-corrosif"}]},{"@type":"WebSite","@id":"https:\/\/ecoforma.ca\/#website","url":"https:\/\/ecoforma.ca\/","name":"Eco-Forma Inc.","description":"Environmental Solutions","publisher":{"@id":"https:\/\/ecoforma.ca\/#organization"},"potentialAction":[{"@type":"SearchAction","target":{"@type":"EntryPoint","urlTemplate":"https:\/\/ecoforma.ca\/?s={search_term_string}"},"query-input":{"@type":"PropertyValueSpecification","valueRequired":true,"valueName":"search_term_string"}}],"inLanguage":"fr-FR"},{"@type":"Organization","@id":"https:\/\/ecoforma.ca\/#organization","name":"Eco-Forma Inc.","url":"https:\/\/ecoforma.ca\/","logo":{"@type":"ImageObject","inLanguage":"fr-FR","@id":"https:\/\/ecoforma.ca\/#\/schema\/logo\/image\/","url":"https:\/\/ecoforma.ca\/wp-content\/uploads\/ecoforma-logo-mobile-ret-en.png","contentUrl":"https:\/\/ecoforma.ca\/wp-content\/uploads\/ecoforma-logo-mobile-ret-en.png","width":370,"height":80,"caption":"Eco-Forma Inc."},"image":{"@id":"https:\/\/ecoforma.ca\/#\/schema\/logo\/image\/"},"sameAs":["https:\/\/www.facebook.com\/ecoformainc\/"]}]}},"_links":{"self":[{"href":"https:\/\/ecoforma.ca\/fr\/wp-json\/wp\/v2\/pages\/896","targetHints":{"allow":["GET"]}}],"collection":[{"href":"https:\/\/ecoforma.ca\/fr\/wp-json\/wp\/v2\/pages"}],"about":[{"href":"https:\/\/ecoforma.ca\/fr\/wp-json\/wp\/v2\/types\/page"}],"author":[{"embeddable":true,"href":"https:\/\/ecoforma.ca\/fr\/wp-json\/wp\/v2\/users\/3"}],"replies":[{"embeddable":true,"href":"https:\/\/ecoforma.ca\/fr\/wp-json\/wp\/v2\/comments?post=896"}],"version-history":[{"count":34,"href":"https:\/\/ecoforma.ca\/fr\/wp-json\/wp\/v2\/pages\/896\/revisions"}],"predecessor-version":[{"id":2392,"href":"https:\/\/ecoforma.ca\/fr\/wp-json\/wp\/v2\/pages\/896\/revisions\/2392"}],"wp:featuredmedia":[{"embeddable":true,"href":"https:\/\/ecoforma.ca\/fr\/wp-json\/wp\/v2\/media\/1781"}],"wp:attachment":[{"href":"https:\/\/ecoforma.ca\/fr\/wp-json\/wp\/v2\/media?parent=896"}],"curies":[{"name":"wp","href":"https:\/\/api.w.org\/{rel}","templated":true}]}}